{"id":319168,"date":"2022-07-14T17:01:08","date_gmt":"2024-03-18T14:13:18","guid":{"rendered":"https:\/\/www.moskito.cz\/produkt\/cuchillo-fijo-extrema-ratio-dobermann-iv-tactico\/"},"modified":"2025-05-07T11:05:25","modified_gmt":"2025-05-07T10:05:25","slug":"cuchillo-fijo-extrema-ratio-dobermann-iv-tactico","status":"publish","type":"product","link":"https:\/\/www.moskito.cz\/es\/produkt\/cuchillo-fijo-extrema-ratio-dobermann-iv-tactico\/","title":{"rendered":"Cuchillo Fijo Extrema Ratio DOBERMANN IV T\u00c1CTICO"},"content":{"rendered":"<p>Cuchillo Fijo <strong>Extrema Ratio DOBERMANN<\/strong> IV T\u00c1CTICO<\/p>\n<p><strong>El DOBERMANN IV<\/strong> es una evoluci\u00f3n del primer y m\u00e1s cl\u00e1sico cuchillo Extrema Ratio, el K1 DOBERMANN. A lo largo de los a\u00f1os, DOBERMANN ha experimentado un cambio significativo en apariencia y dise\u00f1o para satisfacer las expectativas cambiantes de los consumidores y las tendencias en constante cambio, manteniendo al mismo tiempo una coherencia fundamental con el dise\u00f1o original de 1997. Incluso esta \u00faltima versi\u00f3n destaca por su durabilidad estructural y flexibilidad de uso: quiz\u00e1s nuestro cuchillo DOBERMANN IV m\u00e1s vers\u00e1til sea adecuado para la caza, la supervivencia al aire libre, la acampada, la defensa e incluso el uso militar. Versiones disponibles: DOBERMANN IV CLASSIC, DOBERMANN IV TACTICAL.<\/p>\n<p>PESO G.: 336<br \/>\nPESO ONZAS: 11.9<br \/>\nLONGITUD DE LA HOJA (MM): 185<br \/>\nLONGITUD DE LA HOJA (PULG): 7,3<br \/>\nLONGITUD TOTAL (MM): 316<br \/>\nLONGITUD TOTAL (PULG): 12,4<br \/>\nGROSOR DE LA HOJA (MM): 6,3<br \/>\nGROSOR DE LA HOJA (PULG): 0,25<br \/>\nMATERIAL DE LA HOJA: ACERO B\u00d6HLER N690 (58HRC)<br \/>\nACABADO CUCHILLO: MIL-C-13924 COLOCACI\u00d3N<br \/>\nREJILLA PRINCIPAL: PLANA<br \/>\nMATERIAL DEL MANGO: FORPRENE<\/p>\n<p><iframe title=\"EXTREMA RATIO - DOBERMANN IV TACTICAL\" width=\"800\" height=\"450\" src=\"https:\/\/www.youtube.com\/embed\/8Zvei-h07Z4?feature=oembed\" frameborder=\"0\" allow=\"accelerometer; autoplay; clipboard-write; encrypted-media; gyroscope; picture-in-picture; web-share\" allowfullscreen><\/iframe><\/p>\n<p>&nbsp;<\/p>\n<p>&nbsp;<\/p>\n","protected":false},"excerpt":{"rendered":"<p>Con sede en Prato, Italia , Extrema Ratio ha estado dise\u00f1ando y fabricando cuchillos t\u00e1cticos, militares, de cocina, de cocina y de combate de alto rendimiento desde 1997 y tiene una reputaci\u00f3n de calidad superior insuperable en la industria de cuchillos militares y t\u00e1cticos. Transporte gratuito.<\/p>\n","protected":false},"featured_media":319169,"comment_status":"open","ping_status":"closed","template":"","meta":[],"pwb-brand":[3766],"product_brand":[],"product_cat":[3726,3727],"product_tag":[3756],"class_list":{"0":"post-319168","1":"product","2":"type-product","3":"status-publish","4":"has-post-thumbnail","6":"pwb-brand-relacion-extrema","7":"product_cat-cuchillos","8":"product_cat-cuchillos-macizos","9":"product_tag-b2b-es","11":"first","12":"instock","13":"taxable","14":"shipping-taxable","15":"purchasable","16":"product-type-simple"},"brands":[{"id":3766,"name":"Relaci\u00f3n extrema","slug":"relacion-extrema"}],"_links":{"self":[{"href":"https:\/\/www.moskito.cz\/es\/wp-json\/wp\/v2\/product\/319168","targetHints":{"allow":["GET"]}}],"collection":[{"href":"https:\/\/www.moskito.cz\/es\/wp-json\/wp\/v2\/product"}],"about":[{"href":"https:\/\/www.moskito.cz\/es\/wp-json\/wp\/v2\/types\/product"}],"replies":[{"embeddable":true,"href":"https:\/\/www.moskito.cz\/es\/wp-json\/wp\/v2\/comments?post=319168"}],"wp:featuredmedia":[{"embeddable":true,"href":"https:\/\/www.moskito.cz\/es\/wp-json\/wp\/v2\/media\/319169"}],"wp:attachment":[{"href":"https:\/\/www.moskito.cz\/es\/wp-json\/wp\/v2\/media?parent=319168"}],"wp:term":[{"taxonomy":"pwb-brand","embeddable":true,"href":"https:\/\/www.moskito.cz\/es\/wp-json\/wp\/v2\/pwb-brand?post=319168"},{"taxonomy":"product_brand","embeddable":true,"href":"https:\/\/www.moskito.cz\/es\/wp-json\/wp\/v2\/product_brand?post=319168"},{"taxonomy":"product_cat","embeddable":true,"href":"https:\/\/www.moskito.cz\/es\/wp-json\/wp\/v2\/product_cat?post=319168"},{"taxonomy":"product_tag","embeddable":true,"href":"https:\/\/www.moskito.cz\/es\/wp-json\/wp\/v2\/product_tag?post=319168"}],"curies":[{"name":"wp","href":"https:\/\/api.w.org\/{rel}","templated":true}]}}