{"id":319329,"date":"2021-04-27T20:46:28","date_gmt":"2024-03-18T14:16:23","guid":{"rendered":"https:\/\/www.moskito.cz\/produkt\/cuchillo-fijo-extrema-ratio-nimbus-operativo\/"},"modified":"2025-07-11T07:54:49","modified_gmt":"2025-07-11T06:54:49","slug":"cuchillo-fijo-extrema-ratio-nimbus-operativo","status":"publish","type":"product","link":"https:\/\/www.moskito.cz\/es\/produkt\/cuchillo-fijo-extrema-ratio-nimbus-operativo\/","title":{"rendered":"Cuchillo Fijo Extrema Ratio NIMBUS OPERATIVO"},"content":{"rendered":"<p>Navaja Fija <strong>Extrema Ratio<\/strong> NIMBUS OPERATIVO.<\/p>\n<p>NIMBUS fue encargado y recibido por el renombrado 183\u00ba. por el Regimiento Nembo (Aerotransportado) revisando el conocido Modelo 39-09.<\/p>\n<p>Este cuchillo celebra la Batalla de Case Grizzano, que tuvo lugar el 19 Abril de 1945 entre los paracaidistas de Nembo y los Fallschirmj\u00e4ger alemanes de la 1 ^ Divisi\u00f3n \u00abGreen Devils\u00bb, una batalla extremadamente cruel y sangrienta de 12 horas.<\/p>\n<p>Independientemente de que la Segunda Guerra Mundial termin\u00f3 en unos pocos d\u00edas y un tercio de los paracaidistas cayeron en el campo de batalla, Nembo gan\u00f3 esta feroz batalla. El NIMBUS es mucho m\u00e1s que un simple modelo para celebrar un evento: el cuchillo ha sido desarrollado desde un punto de vista t\u00e9cnico para ser utilizado en la guerra moderna.<\/p>\n<p>Se ha prestado especial atenci\u00f3n a caracter\u00edsticas t\u00e9cnicas como las dimensiones, la forma y la funda Kydex para poder llevarlo de formas t\u00e1cticas tan diferentes.<\/p>\n<p>La hoja t\u00e1ctica es liviana y compacta para que el soldado experimentado la use f\u00e1cilmente.<\/p>\n<p>NIMBUS se presenta en tres versiones, Operativo, Ordinanza y Edici\u00f3n Especial.<br \/>\nHOJA T\u00c9CNICA<br \/>\npeso gramos: 203<br \/>\npeso oz.: 7.16<br \/>\nLongitud de la hoja (mm): 141<br \/>\nLongitud de la hoja (pulgadas): 5,55<br \/>\nLongitud total (mm): 263<br \/>\nLongitud total (en pulgadas): 10,35<br \/>\nGrosor de la hoja (mm): 5<br \/>\nGrosor de la hoja (en pulgadas): 0,20<br \/>\nMaterial de la hoja: ACERO B\u00f6hler N690 (58HRC)<br \/>\nAcabado de la hoja: MIL-C-13924 CALENTAMIENTO<br \/>\nRejilla principal: PLANA<br \/>\nMaterial mango: FORPRENE<\/p>\n","protected":false},"excerpt":{"rendered":"<p>Con sede en Prato, Italia <strong>, Extrema Ratio<\/strong> ha estado dise\u00f1ando y fabricando cuchillos t\u00e1cticos, militares, de cocina, de cocina y de combate de alto rendimiento desde 1997 y tiene una reputaci\u00f3n de calidad superior insuperable en la industria de cuchillos militares y t\u00e1cticos. <strong>Transporte gratuito.<\/strong><\/p>\n","protected":false},"featured_media":402636,"comment_status":"open","ping_status":"closed","template":"","meta":[],"pwb-brand":[3766],"product_brand":[],"product_cat":[3726,3727],"product_tag":[],"class_list":{"0":"post-319329","1":"product","2":"type-product","3":"status-publish","4":"has-post-thumbnail","6":"pwb-brand-relacion-extrema","7":"product_cat-cuchillos","8":"product_cat-cuchillos-macizos","10":"first","11":"instock","12":"taxable","13":"shipping-taxable","14":"purchasable","15":"product-type-simple"},"brands":[{"id":3766,"name":"Relaci\u00f3n extrema","slug":"relacion-extrema"}],"_links":{"self":[{"href":"https:\/\/www.moskito.cz\/es\/wp-json\/wp\/v2\/product\/319329","targetHints":{"allow":["GET"]}}],"collection":[{"href":"https:\/\/www.moskito.cz\/es\/wp-json\/wp\/v2\/product"}],"about":[{"href":"https:\/\/www.moskito.cz\/es\/wp-json\/wp\/v2\/types\/product"}],"replies":[{"embeddable":true,"href":"https:\/\/www.moskito.cz\/es\/wp-json\/wp\/v2\/comments?post=319329"}],"wp:featuredmedia":[{"embeddable":true,"href":"https:\/\/www.moskito.cz\/es\/wp-json\/wp\/v2\/media\/402636"}],"wp:attachment":[{"href":"https:\/\/www.moskito.cz\/es\/wp-json\/wp\/v2\/media?parent=319329"}],"wp:term":[{"taxonomy":"pwb-brand","embeddable":true,"href":"https:\/\/www.moskito.cz\/es\/wp-json\/wp\/v2\/pwb-brand?post=319329"},{"taxonomy":"product_brand","embeddable":true,"href":"https:\/\/www.moskito.cz\/es\/wp-json\/wp\/v2\/product_brand?post=319329"},{"taxonomy":"product_cat","embeddable":true,"href":"https:\/\/www.moskito.cz\/es\/wp-json\/wp\/v2\/product_cat?post=319329"},{"taxonomy":"product_tag","embeddable":true,"href":"https:\/\/www.moskito.cz\/es\/wp-json\/wp\/v2\/product_tag?post=319329"}],"curies":[{"name":"wp","href":"https:\/\/api.w.org\/{rel}","templated":true}]}}