{"id":319343,"date":"2022-11-17T16:58:31","date_gmt":"2024-03-18T14:23:05","guid":{"rendered":"https:\/\/www.moskito.cz\/produkt\/afilador-de-diamantes-extrema-ratio-afilador-de-diamante\/"},"modified":"2025-05-07T11:05:28","modified_gmt":"2025-05-07T10:05:28","slug":"afilador-de-diamantes-extrema-ratio-afilador-de-diamante","status":"publish","type":"product","link":"https:\/\/www.moskito.cz\/es\/produkt\/afilador-de-diamantes-extrema-ratio-afilador-de-diamante\/","title":{"rendered":"Afilador de Diamantes Extrema Ratio AFILADOR DE DIAMANTE"},"content":{"rendered":"<p>Afilador de Diamantes <strong>Extrema Ratio<\/strong> AFILADOR DE DIAMANTE.<\/p>\n<p>Afilador de bolsillo de diamante Extrema Ratio.<\/p>\n","protected":false},"excerpt":{"rendered":"<p>Con sede en Prato, Italia, Extrema Ratio ha estado dise\u00f1ando y fabricando cuchillos t\u00e1cticos, militares, de cocina, de cocina y de combate de alto rendimiento desde 1997 y tiene una reputaci\u00f3n de calidad superior insuperable en la industria de cuchillos militares y t\u00e1cticos.<\/p>\n","protected":false},"featured_media":319344,"comment_status":"open","ping_status":"closed","template":"","meta":[],"pwb-brand":[3766],"product_brand":[],"product_cat":[3715],"product_tag":[3756],"class_list":{"0":"post-319343","1":"product","2":"type-product","3":"status-publish","4":"has-post-thumbnail","6":"pwb-brand-relacion-extrema","7":"product_cat-muelas-abrasivas-y-aceros","8":"product_tag-b2b-es","10":"first","11":"outofstock","12":"taxable","13":"shipping-taxable","14":"purchasable","15":"product-type-simple"},"brands":[{"id":3766,"name":"Relaci\u00f3n extrema","slug":"relacion-extrema"}],"_links":{"self":[{"href":"https:\/\/www.moskito.cz\/es\/wp-json\/wp\/v2\/product\/319343","targetHints":{"allow":["GET"]}}],"collection":[{"href":"https:\/\/www.moskito.cz\/es\/wp-json\/wp\/v2\/product"}],"about":[{"href":"https:\/\/www.moskito.cz\/es\/wp-json\/wp\/v2\/types\/product"}],"replies":[{"embeddable":true,"href":"https:\/\/www.moskito.cz\/es\/wp-json\/wp\/v2\/comments?post=319343"}],"wp:featuredmedia":[{"embeddable":true,"href":"https:\/\/www.moskito.cz\/es\/wp-json\/wp\/v2\/media\/319344"}],"wp:attachment":[{"href":"https:\/\/www.moskito.cz\/es\/wp-json\/wp\/v2\/media?parent=319343"}],"wp:term":[{"taxonomy":"pwb-brand","embeddable":true,"href":"https:\/\/www.moskito.cz\/es\/wp-json\/wp\/v2\/pwb-brand?post=319343"},{"taxonomy":"product_brand","embeddable":true,"href":"https:\/\/www.moskito.cz\/es\/wp-json\/wp\/v2\/product_brand?post=319343"},{"taxonomy":"product_cat","embeddable":true,"href":"https:\/\/www.moskito.cz\/es\/wp-json\/wp\/v2\/product_cat?post=319343"},{"taxonomy":"product_tag","embeddable":true,"href":"https:\/\/www.moskito.cz\/es\/wp-json\/wp\/v2\/product_tag?post=319343"}],"curies":[{"name":"wp","href":"https:\/\/api.w.org\/{rel}","templated":true}]}}