{"id":319427,"date":"2023-08-10T15:14:08","date_gmt":"2024-03-18T14:32:16","guid":{"rendered":"https:\/\/www.moskito.cz\/produkt\/cuchillo-de-cierre-extrema-ratio-rao-ii-expediciones\/"},"modified":"2025-05-07T11:05:29","modified_gmt":"2025-05-07T10:05:29","slug":"cuchillo-de-cierre-extrema-ratio-rao-ii-expediciones","status":"publish","type":"product","link":"https:\/\/www.moskito.cz\/es\/produkt\/cuchillo-de-cierre-extrema-ratio-rao-ii-expediciones\/","title":{"rendered":"Cuchillo de Cierre Extrema Ratio RAO II EXPEDICIONES"},"content":{"rendered":"<p>Cuchillo de Cierre <strong>Extrema Ratio<\/strong> RAO II EXPEDICIONES<\/p>\n<p>La Serie Expedition, una nueva l\u00ednea de herramientas dise\u00f1adas para exploradores profesionales, da la bienvenida a un modelo de navaja plegable, la RAO II Expeditions.<\/p>\n<p>Los cuchillos de la serie Expedition ofrecen la misma confiabilidad y alta calidad que cualquier otra herramienta t\u00e1ctica Extrema Ratio proporcionada a las fuerzas especiales militares y agencias encargadas de hacer cumplir la ley. Rao II Expeditions es una herramienta que, gracias a su estructura y a pesar de su tama\u00f1o compacto, garantiza la misma funcionalidad y prestaciones de un producto mucho m\u00e1s grande y robusto.<\/p>\n<p>Tiene un asa y un estuche de color desierto como cualquier otro modelo de la l\u00ednea Expedition. Dispone de una hoja de acero B\u00d6HLER N690 (58HRC) con pulido MIL-C-13924 y acabado lavado a la piedra (acabado DARK STONE). Las Expediciones Rao II cuentan con un mango de escala ergon\u00f3mico con \u00e1ngulos superiores redondeados y una hoja con punta de ca\u00edda.<\/p>\n<p>Est\u00e1 inspirado en el modelo RAO de hoja tanto utilizado por el italiano 185\u00b0 Rgt. Reconocimiento y Adquisici\u00f3n de Obiettivi \u201cFOLGORE\u201d (185\u00b0 RAO). La nueva navaja plegable Expedition se puede utilizar f\u00e1cilmente para trabajos pesados, gracias al mecanismo de bloqueo extremadamente robusto, que est\u00e1 respaldado por un seguro, lo que la convierte en una hoja realmente s\u00f3lida.<\/p>\n<p>La parte protectora del mango de aluminio macizo Anticorodal est\u00e1 equipada con un pasador de acero roscado que se puede atornillar manualmente a trav\u00e9s de dos orificios; esto se agreg\u00f3 para garantizar el 100% de durabilidad del mecanismo de bloqueo debido al uso intensivo y la fuerza de impacto causada por el peso de la herramienta. Se garantiza la m\u00e1xima seguridad para el usuario atornillando el pasador en este sill\u00edn.<\/p>\n<p>Todos los modelos de la serie Expeditions est\u00e1n equipados con maletas de color des\u00e9rtico y, entre varias herramientas, un acero refractario para iniciar fuego. Las Expediciones RAO II no son una excepci\u00f3n y vienen con una bolsa de Cordura del desierto que es una parte esencial del sistema de transporte.<\/p>\n<p>Este estuche en particular permite llevar el cuchillo con la hoja cerrada coloc\u00e1ndolo en un bolsillo frontal espec\u00edfico o con la hoja abierta coloc\u00e1ndolo en un compartimento dedicado que dispone de un sistema de seguridad compuesto por una correa con doble clip. Adem\u00e1s del acero refractario, tambi\u00e9n hay un afilador de diamantes. El sistema de sujeci\u00f3n MOLLE de la funda permite usarla en chalecos t\u00e1cticos y cinturones normales.<\/p>\n<p>&nbsp;<\/p>\n<p>Peso gramos: 332<br \/>\npeso en onzas: 11,4<br \/>\nLongitud de la hoja: 11,9 cm<br \/>\nLongitud total: 26,3 cm.<br \/>\nGrosor de la hoja: 0,6 cm.<br \/>\nMaterial de la hoja: ACERO B\u00f6HLER N690 (58HRC)<br \/>\nTratamiento superficial de la hoja: PIEDRA OSCURA<br \/>\nMolido principal: PLANO<br \/>\nMaterial mango: ALUMINIO ANTICORODACI\u00d3N<\/p>\n<p><iframe title=\"RAO II Expeditions - The sound of the adventure.\" width=\"800\" height=\"450\" src=\"https:\/\/www.youtube.com\/embed\/-eqW9x0DcNs?feature=oembed\" frameborder=\"0\" allow=\"accelerometer; autoplay; clipboard-write; encrypted-media; gyroscope; picture-in-picture; web-share\" allowfullscreen><\/iframe><\/p>\n<p>&nbsp;<\/p>\n<p>&nbsp;<\/p>\n","protected":false},"excerpt":{"rendered":"<p><strong>Los cuchillos de la serie Expedition ofrecen la misma confiabilidad y alta calidad que cualquier otra herramienta t\u00e1ctica Extrema Ratio proporcionada a las fuerzas especiales militares y las fuerzas del orden.<\/strong><\/p>\n","protected":false},"featured_media":319432,"comment_status":"open","ping_status":"closed","template":"","meta":[],"pwb-brand":[3766],"product_brand":[],"product_cat":[3730,3726],"product_tag":[3756],"class_list":{"0":"post-319427","1":"product","2":"type-product","3":"status-publish","4":"has-post-thumbnail","6":"pwb-brand-relacion-extrema","7":"product_cat-cuchillas-de-cierre","8":"product_cat-cuchillos","9":"product_tag-b2b-es","11":"first","12":"outofstock","13":"taxable","14":"shipping-taxable","15":"purchasable","16":"product-type-simple"},"brands":[{"id":3766,"name":"Relaci\u00f3n extrema","slug":"relacion-extrema"}],"_links":{"self":[{"href":"https:\/\/www.moskito.cz\/es\/wp-json\/wp\/v2\/product\/319427","targetHints":{"allow":["GET"]}}],"collection":[{"href":"https:\/\/www.moskito.cz\/es\/wp-json\/wp\/v2\/product"}],"about":[{"href":"https:\/\/www.moskito.cz\/es\/wp-json\/wp\/v2\/types\/product"}],"replies":[{"embeddable":true,"href":"https:\/\/www.moskito.cz\/es\/wp-json\/wp\/v2\/comments?post=319427"}],"wp:featuredmedia":[{"embeddable":true,"href":"https:\/\/www.moskito.cz\/es\/wp-json\/wp\/v2\/media\/319432"}],"wp:attachment":[{"href":"https:\/\/www.moskito.cz\/es\/wp-json\/wp\/v2\/media?parent=319427"}],"wp:term":[{"taxonomy":"pwb-brand","embeddable":true,"href":"https:\/\/www.moskito.cz\/es\/wp-json\/wp\/v2\/pwb-brand?post=319427"},{"taxonomy":"product_brand","embeddable":true,"href":"https:\/\/www.moskito.cz\/es\/wp-json\/wp\/v2\/product_brand?post=319427"},{"taxonomy":"product_cat","embeddable":true,"href":"https:\/\/www.moskito.cz\/es\/wp-json\/wp\/v2\/product_cat?post=319427"},{"taxonomy":"product_tag","embeddable":true,"href":"https:\/\/www.moskito.cz\/es\/wp-json\/wp\/v2\/product_tag?post=319427"}],"curies":[{"name":"wp","href":"https:\/\/api.w.org\/{rel}","templated":true}]}}