{"id":319535,"date":"2022-07-07T20:16:33","date_gmt":"2024-03-18T14:32:25","guid":{"rendered":"https:\/\/www.moskito.cz\/produkt\/navaja-extrema-ratio-rao-desert-warfare\/"},"modified":"2025-05-07T11:05:31","modified_gmt":"2025-05-07T10:05:31","slug":"navaja-extrema-ratio-rao-desert-warfare","status":"publish","type":"product","link":"https:\/\/www.moskito.cz\/es\/produkt\/navaja-extrema-ratio-rao-desert-warfare\/","title":{"rendered":"Navaja Extrema Ratio RAO DESERT WARFARE"},"content":{"rendered":"<p>Navaja <strong>Extrema Ratio<\/strong> RAO DESERT WARFARE<\/p>\n<p>En junio de 2006, \u201c185\u00b0 Rgt. Ricognizione e Acquisizione Obiettivi\u201d (Regimiento de Adquisici\u00f3n de Objetivos) El \u201cFOLGORE\u201d Aerotransportado (185\u00b0 RAO) confi\u00f3 a Extrema Ratio el desarrollo de un cuchillo \u00fanico que se adaptar\u00eda a las tareas operativas espec\u00edficas de la unidad. El resultado es el RAO: un componente no demasiado grande como cuchillo de supervivencia y de campo compacto con una hoja pesada y fiable. Su sistema de bloqueo muy fiable, respaldado por un dispositivo de seguridad especial, convierte eficazmente esta navaja plegable en una navaja s\u00f3lida. La apertura y el cierre deben realizarse con ambas manos para minimizar el riesgo de autolesi\u00f3n, ya que la hoja es una aut\u00e9ntica guillotina debido a su peso. Un dispositivo extremadamente seguro es un pasador de acero que se puede atornillar manualmente a trav\u00e9s de dos orificios a trav\u00e9s de la parte protectora del s\u00f3lido mango de aluminio anticorrosi\u00f3n; su presencia entre la hoja y la mano tambi\u00e9n act\u00faa como una gran ayuda psicol\u00f3gica. La funda es una parte esencial de este sistema de armas: contiene un afilador de diamantes y permite al usuario llevar el cuchillo en posici\u00f3n abierta, sujeto por un cord\u00f3n y dos hebillas, o cerrado dentro del bolsillo delantero. La funda se puede fijar a chalecos t\u00e1cticos o cinturones normales porque es compatible con el sistema MOLLE. Versiones disponibles: RAO BLACK, RAO BLACK RUVIDO, RAO DESERT WARFARE.<\/p>\n<p>PESO G: 335<br \/>\nPESO ONZAS: 11.8<br \/>\nLONGITUD DE LA HOJA (MM): 119<br \/>\nLONGITUD DE LA HOJA (PULG): 4,7<br \/>\nLONGITUD TOTAL (MM): 263<br \/>\nLONGITUD TOTAL (PULG): 10,4<br \/>\nGROSOR DE LA HOJA (MM): 6<br \/>\nGROSOR DE LA HOJA (PULG): 0,24<br \/>\nMATERIAL DE LA HOJA: ACERO B\u00d6HLER N690 (58HRC)<br \/>\nTRATAMIENTO DE LA SUPERFICIE DE LA HOJA: GUERRA DEL DESIERTO<br \/>\nREJILLA PRINCIPAL: PLANA<br \/>\nMATERIAL DEL MANGO: ALUMINIO ANODIZADO ANTICORROSI\u00d3N<\/p>\n<p>&nbsp;<\/p>\n","protected":false},"excerpt":{"rendered":"<p>Con sede en Prato, Italia <strong>, Extrema Ratio<\/strong> ha estado dise\u00f1ando y fabricando cuchillos t\u00e1cticos, militares, de cocina, de cocina y de combate de alto rendimiento desde 1997 y tiene una reputaci\u00f3n de calidad superior insuperable en la industria de cuchillos militares y t\u00e1cticos. <strong>Transporte gratuito.<\/strong><\/p>\n","protected":false},"featured_media":319544,"comment_status":"open","ping_status":"closed","template":"","meta":[],"pwb-brand":[3766],"product_brand":[],"product_cat":[3730,3726],"product_tag":[3756],"class_list":{"0":"post-319535","1":"product","2":"type-product","3":"status-publish","4":"has-post-thumbnail","6":"pwb-brand-relacion-extrema","7":"product_cat-cuchillas-de-cierre","8":"product_cat-cuchillos","9":"product_tag-b2b-es","11":"first","12":"instock","13":"taxable","14":"shipping-taxable","15":"purchasable","16":"product-type-simple"},"brands":[{"id":3766,"name":"Relaci\u00f3n extrema","slug":"relacion-extrema"}],"_links":{"self":[{"href":"https:\/\/www.moskito.cz\/es\/wp-json\/wp\/v2\/product\/319535","targetHints":{"allow":["GET"]}}],"collection":[{"href":"https:\/\/www.moskito.cz\/es\/wp-json\/wp\/v2\/product"}],"about":[{"href":"https:\/\/www.moskito.cz\/es\/wp-json\/wp\/v2\/types\/product"}],"replies":[{"embeddable":true,"href":"https:\/\/www.moskito.cz\/es\/wp-json\/wp\/v2\/comments?post=319535"}],"wp:featuredmedia":[{"embeddable":true,"href":"https:\/\/www.moskito.cz\/es\/wp-json\/wp\/v2\/media\/319544"}],"wp:attachment":[{"href":"https:\/\/www.moskito.cz\/es\/wp-json\/wp\/v2\/media?parent=319535"}],"wp:term":[{"taxonomy":"pwb-brand","embeddable":true,"href":"https:\/\/www.moskito.cz\/es\/wp-json\/wp\/v2\/pwb-brand?post=319535"},{"taxonomy":"product_brand","embeddable":true,"href":"https:\/\/www.moskito.cz\/es\/wp-json\/wp\/v2\/product_brand?post=319535"},{"taxonomy":"product_cat","embeddable":true,"href":"https:\/\/www.moskito.cz\/es\/wp-json\/wp\/v2\/product_cat?post=319535"},{"taxonomy":"product_tag","embeddable":true,"href":"https:\/\/www.moskito.cz\/es\/wp-json\/wp\/v2\/product_tag?post=319535"}],"curies":[{"name":"wp","href":"https:\/\/api.w.org\/{rel}","templated":true}]}}