{"id":319799,"date":"2024-03-18T16:34:42","date_gmt":"2024-03-18T15:34:42","guid":{"rendered":"https:\/\/www.moskito.cz\/produkt\/cuchillo-plegable-dachs-knives-charon-stonewash\/"},"modified":"2025-05-07T11:05:35","modified_gmt":"2025-05-07T10:05:35","slug":"cuchillo-plegable-dachs-knives-charon-stonewash","status":"publish","type":"product","link":"https:\/\/www.moskito.cz\/es\/produkt\/cuchillo-plegable-dachs-knives-charon-stonewash\/","title":{"rendered":"Cuchillo plegable Dachs Knives Charon Stonewash"},"content":{"rendered":"<p>Cuchillo plegable <strong>Dachs Knives<\/strong> Charon Stonewash<\/p>\n<p>La navaja Charon es una navaja de mayores dimensiones, pero a\u00fan as\u00ed encuentra un lugar en el bolsillo y se convierte en una ayuda diaria. Se puede utilizar en el uso diario, mediante la pesca, la caza e incluso el uso t\u00e1ctico. El cuchillo tiene ranuras en el dorso para un apoyo m\u00e1s c\u00f3modo del pulgar y as\u00ed poder utilizar una mejor t\u00e9cnica de corte.<br \/>\nLa cuchilla de cierre Charon &#8211; LinerLock se puede pedir por encargo en diferentes colores.<\/p>\n<p>Longitud abierta &#8211; 22,7 cm<br \/>\nCerrado &#8211; 12,8 cm.<br \/>\nPeso &#8211; 187 g<br \/>\nHoja &#8211; acero inoxidable N690<br \/>\nMango &#8211; Fundermax<br \/>\nClip &#8211; S\u00cd<br \/>\nSuperficie &#8211; LAVADO A LA PIEDRA<br \/>\nFusible &#8211; Linerlock, carburo<br \/>\nSistema &#8211; Cojinetes axiales<\/p>\n","protected":false},"excerpt":{"rendered":"<p><strong>La navaja Charon es una navaja de mayores dimensiones, pero a\u00fan as\u00ed encuentra un lugar en el bolsillo y se convierte en una ayuda diaria.<\/strong><\/p>\n<p><strong>Transporte gratuito.<\/strong><\/p>\n","protected":false},"featured_media":319788,"comment_status":"open","ping_status":"closed","template":"","meta":[],"pwb-brand":[3809],"product_brand":[],"product_cat":[3730,3726],"product_tag":[3756],"class_list":{"0":"post-319799","1":"product","2":"type-product","3":"status-publish","4":"has-post-thumbnail","6":"pwb-brand-cuchillos-teckel","7":"product_cat-cuchillas-de-cierre","8":"product_cat-cuchillos","9":"product_tag-b2b-es","11":"first","12":"outofstock","13":"taxable","14":"shipping-taxable","15":"purchasable","16":"product-type-simple"},"brands":[{"id":3809,"name":"Cuchillos Teckel","slug":"cuchillos-teckel"}],"_links":{"self":[{"href":"https:\/\/www.moskito.cz\/es\/wp-json\/wp\/v2\/product\/319799","targetHints":{"allow":["GET"]}}],"collection":[{"href":"https:\/\/www.moskito.cz\/es\/wp-json\/wp\/v2\/product"}],"about":[{"href":"https:\/\/www.moskito.cz\/es\/wp-json\/wp\/v2\/types\/product"}],"replies":[{"embeddable":true,"href":"https:\/\/www.moskito.cz\/es\/wp-json\/wp\/v2\/comments?post=319799"}],"wp:featuredmedia":[{"embeddable":true,"href":"https:\/\/www.moskito.cz\/es\/wp-json\/wp\/v2\/media\/319788"}],"wp:attachment":[{"href":"https:\/\/www.moskito.cz\/es\/wp-json\/wp\/v2\/media?parent=319799"}],"wp:term":[{"taxonomy":"pwb-brand","embeddable":true,"href":"https:\/\/www.moskito.cz\/es\/wp-json\/wp\/v2\/pwb-brand?post=319799"},{"taxonomy":"product_brand","embeddable":true,"href":"https:\/\/www.moskito.cz\/es\/wp-json\/wp\/v2\/product_brand?post=319799"},{"taxonomy":"product_cat","embeddable":true,"href":"https:\/\/www.moskito.cz\/es\/wp-json\/wp\/v2\/product_cat?post=319799"},{"taxonomy":"product_tag","embeddable":true,"href":"https:\/\/www.moskito.cz\/es\/wp-json\/wp\/v2\/product_tag?post=319799"}],"curies":[{"name":"wp","href":"https:\/\/api.w.org\/{rel}","templated":true}]}}