{"id":320051,"date":"2024-03-18T21:09:25","date_gmt":"2024-03-18T20:10:29","guid":{"rendered":"https:\/\/www.moskito.cz\/produkt\/cuchillo-plegable-emerson-bulldog-sf-lavado-a-la-piedra\/"},"modified":"2025-05-07T11:05:39","modified_gmt":"2025-05-07T10:05:39","slug":"cuchillo-plegable-emerson-bulldog-sf-lavado-a-la-piedra","status":"publish","type":"product","link":"https:\/\/www.moskito.cz\/es\/produkt\/cuchillo-plegable-emerson-bulldog-sf-lavado-a-la-piedra\/","title":{"rendered":"Cuchillo plegable Emerson Bulldog SF lavado a la piedra"},"content":{"rendered":"<p>Cuchillo plegable <strong>Emerson<\/strong> Bulldog SF lavado a la piedra.<\/p>\n<p><strong>Bulldog Emerson Knives<\/strong> , uno de los muchos dise\u00f1os de cuchillos de Emerson Knife Design\u00ae, es una excelente herramienta para llevar todos los d\u00edas o un cuchillo probado en batalla, listo para la batalla.<\/p>\n<p>Emerson Knife Designs\u00ae es una marca registrada de Ernest y Mary Emerson.<\/p>\n<p><strong>Ernest Emerson<\/strong> es conocido por sus excepcionales dise\u00f1os de cuchillos que han dejado una huella imborrable en el mundo de la cuchiller\u00eda. Con dedicaci\u00f3n a la artesan\u00eda y la funcionalidad, Emerson Knife Designs\u00ae exhibe la combinaci\u00f3n perfecta de arte y practicidad. Cada hoja est\u00e1 cuidadosamente elaborada, lo que refleja un profundo conocimiento de las necesidades y requisitos de los usuarios de cuchillos. Emerson Knife Designs\u00ae suele presentar un mango robusto y ergon\u00f3mico que proporciona un agarre c\u00f3modo y seguro incluso en las condiciones m\u00e1s exigentes. Sus cuchillos son conocidos por su resistencia y durabilidad excepcionales, lo que los convierte en compa\u00f1eros confiables tanto para los entusiastas de las actividades al aire libre como para el personal militar y los profesionales encargados de hacer cumplir la ley. Ya sea el legendario Emerson CQC-7, la robusta serie Commander o cualquier otro dise\u00f1o que lleve su nombre, <strong>Emerson Knife<\/strong> Designs\u00ae encarna la excelencia y la pasi\u00f3n por la hoja.<\/p>\n<p>Marca: Cuchillos Emerson<\/p>\n<p>Color: gris, negro<\/p>\n<p>Dise\u00f1ador: Ernest Emerson<\/p>\n<p>Garant\u00eda por defectos de material y fabricaci\u00f3n: de por vida<\/p>\n<p>Pa\u00eds de origen: Estados Unidos<\/p>\n<p>Tama\u00f1o y peso<\/p>\n<p>Longitud de la hoja: 7,9 cm<\/p>\n<p>Grosor de la hoja: 3,1 mm<\/p>\n<p>Longitud cerrada: 11,2 cm<\/p>\n<p>Longitud total: 19 cm<\/p>\n<p>Peso: 135 gramos<\/p>\n<p>Material Material del mango: G10<\/p>\n<p>Tipo de acero: 154 cm<\/p>\n<p>Dureza: 59 HRC<\/p>\n<p>Forma de la hoja: tanto<\/p>\n<p>Tipo de borde: borde liso<\/p>\n<p>Tipo: uso diario<\/p>\n<p>Clip de bolsillo: s\u00ed, abatible (derecha)<\/p>\n<p>Posici\u00f3n del clip de bolsillo: abatible<\/p>\n<p>Bloqueo: bloqueo de l\u00ednea<\/p>\n<p>Se puede abrir con una mano: S\u00ed<\/p>\n<p><iframe title=\"The Emerson Knives Bulldog\" width=\"800\" height=\"450\" src=\"https:\/\/www.youtube.com\/embed\/EYQ1QIL6Zu0?feature=oembed\" frameborder=\"0\" allow=\"accelerometer; autoplay; clipboard-write; encrypted-media; gyroscope; picture-in-picture; web-share\" allowfullscreen><\/iframe><\/p>\n<p><iframe title=\"Emerson Bulldog | A Closer Look\" width=\"800\" height=\"450\" src=\"https:\/\/www.youtube.com\/embed\/I8PAyCUwvn8?feature=oembed\" frameborder=\"0\" allow=\"accelerometer; autoplay; clipboard-write; encrypted-media; gyroscope; picture-in-picture; web-share\" allowfullscreen><\/iframe><\/p>\n<p>&nbsp;<\/p>\n","protected":false},"excerpt":{"rendered":"<p><strong>LOS CUCHILLOS EMERSON SON BUSCADOS POR MILITARES DE \u00c9LITE Y APLICACIONES DE LA LEY<\/strong><br \/>\n<strong>POR TROPAS DE TODO EL MUNDO Y ESTABLECE EL EST\u00c1NDAR POR EL CUAL SE JUZGAN TODOS LOS DEM\u00c1S CUCHILLOS T\u00c1CTICOS.<\/strong><\/p>\n<p>Transporte gratuito.<\/p>\n","protected":false},"featured_media":319983,"comment_status":"open","ping_status":"closed","template":"","meta":[],"pwb-brand":[3782],"product_brand":[],"product_cat":[3730,3726],"product_tag":[3756],"class_list":{"0":"post-320051","1":"product","2":"type-product","3":"status-publish","4":"has-post-thumbnail","6":"pwb-brand-emerson-es","7":"product_cat-cuchillas-de-cierre","8":"product_cat-cuchillos","9":"product_tag-b2b-es","11":"first","12":"outofstock","13":"taxable","14":"shipping-taxable","15":"purchasable","16":"product-type-simple"},"brands":[{"id":3782,"name":"emerson","slug":"emerson-es"}],"_links":{"self":[{"href":"https:\/\/www.moskito.cz\/es\/wp-json\/wp\/v2\/product\/320051","targetHints":{"allow":["GET"]}}],"collection":[{"href":"https:\/\/www.moskito.cz\/es\/wp-json\/wp\/v2\/product"}],"about":[{"href":"https:\/\/www.moskito.cz\/es\/wp-json\/wp\/v2\/types\/product"}],"replies":[{"embeddable":true,"href":"https:\/\/www.moskito.cz\/es\/wp-json\/wp\/v2\/comments?post=320051"}],"wp:featuredmedia":[{"embeddable":true,"href":"https:\/\/www.moskito.cz\/es\/wp-json\/wp\/v2\/media\/319983"}],"wp:attachment":[{"href":"https:\/\/www.moskito.cz\/es\/wp-json\/wp\/v2\/media?parent=320051"}],"wp:term":[{"taxonomy":"pwb-brand","embeddable":true,"href":"https:\/\/www.moskito.cz\/es\/wp-json\/wp\/v2\/pwb-brand?post=320051"},{"taxonomy":"product_brand","embeddable":true,"href":"https:\/\/www.moskito.cz\/es\/wp-json\/wp\/v2\/product_brand?post=320051"},{"taxonomy":"product_cat","embeddable":true,"href":"https:\/\/www.moskito.cz\/es\/wp-json\/wp\/v2\/product_cat?post=320051"},{"taxonomy":"product_tag","embeddable":true,"href":"https:\/\/www.moskito.cz\/es\/wp-json\/wp\/v2\/product_tag?post=320051"}],"curies":[{"name":"wp","href":"https:\/\/api.w.org\/{rel}","templated":true}]}}