{"id":320107,"date":"2024-03-18T21:29:11","date_gmt":"2024-03-19T08:19:42","guid":{"rendered":"https:\/\/www.moskito.cz\/produkt\/cuchillo-de-tiro-heretic-knives-cleric-ii-carbono-lavado-a-la-piedra-h019-2b-cf-blu\/"},"modified":"2025-05-07T11:05:42","modified_gmt":"2025-05-07T10:05:42","slug":"cuchillo-de-tiro-heretic-knives-cleric-ii-carbono-lavado-a-la-piedra-h019-2b-cf-blu","status":"publish","type":"product","link":"https:\/\/www.moskito.cz\/es\/produkt\/cuchillo-de-tiro-heretic-knives-cleric-ii-carbono-lavado-a-la-piedra-h019-2b-cf-blu\/","title":{"rendered":"Cuchillo de tiro Heretic Knives Cleric II Carbono lavado a la piedra H019-2B-CF\/BLU"},"content":{"rendered":"<p>Cuchillo de tiro <strong>Heretic Knives<\/strong> Cleric II Carbono lavado a la piedra H019-2B-CF\/BLU<\/p>\n<p><strong>El Cleric II<\/strong> Tanto OTF cuenta con un mango de aluminio con incrustaciones de fibra de carbono 6061 mecanizado por CNC, una parte superior de fibra de carbono y una hoja de acero inoxidable CPM-MagnaCut con dentados parciales. Ofrece una construcci\u00f3n robusta con largo alcance y una salvaje acci\u00f3n autom\u00e1tica de doble acci\u00f3n. El mango tiene una corredera para el pulgar con carga frontal para facilitar su uso y un contorno suave para un buen agarre. Tiene una hoja Tanto rectificada a m\u00e1quina e incluye una botella de lubricante <strong>Heretic OTF<\/strong> .<br \/>\nEspecificaciones<br \/>\nLongitud de la hoja: 4,25&#8243;<br \/>\nLongitud de la hoja: 10,62 cm<br \/>\nLongitud total: 24,68 cm.<br \/>\nMaterial de la hoja: CPM-MagnaCut Acero inoxidable<br \/>\nGrosor de la hoja: 0,125&#8243;<br \/>\nEstilo de hoja: Tanto semidentada<br \/>\nRectificado de la hoja: Plano<br \/>\nTratamiento superficial de la hoja: Stonewash<br \/>\nMaterial del mango: Aluminio negro con inserto y parte superior de fibra de carbono<br \/>\nMecanismo de bloqueo: Deslizante<br \/>\nHebilla de bolsillo: titanio profundo (apuntando hacia abajo, derecha\/izquierda)<br \/>\nPeso: 5,00 onzas.<br \/>\nDise\u00f1ador: Tony Marfione Jr.<br \/>\nDetalles anodizados en azul<br \/>\nHecho en EE.UU<\/p>\n","protected":false},"excerpt":{"rendered":"<p><strong>Todos nuestros cuchillos est\u00e1n fabricados en los EE. UU. y lo mantendremos as\u00ed. Cuando compra uno de nuestros cuchillos, puede confiar en su herramienta sabiendo que est\u00e1 respaldada por una empresa estadounidense. \u00a1Nuestros cuchillos se fabrican en peque\u00f1os lotes para garantizar que obtenga un cuchillo de calidad que reciba la atenci\u00f3n que otros cuchillos producidos en masa no reciben!<\/strong><\/p>\n<p><strong>\u00a1Garant\u00eda de por vida!<\/strong><\/p>\n<p><strong>Transporte gratuito.<\/strong><\/p>\n","protected":false},"featured_media":320067,"comment_status":"open","ping_status":"closed","template":"","meta":[],"pwb-brand":[3757],"product_brand":[],"product_cat":[3726,3729],"product_tag":[3756],"class_list":{"0":"post-320107","1":"product","2":"type-product","3":"status-publish","4":"has-post-thumbnail","6":"pwb-brand-cuchillos-herejes","7":"product_cat-cuchillos","8":"product_cat-cuchillos-de-tiro","9":"product_tag-b2b-es","11":"first","12":"instock","13":"taxable","14":"shipping-taxable","15":"purchasable","16":"product-type-simple"},"brands":[{"id":3757,"name":"Cuchillos herejes","slug":"cuchillos-herejes"}],"_links":{"self":[{"href":"https:\/\/www.moskito.cz\/es\/wp-json\/wp\/v2\/product\/320107","targetHints":{"allow":["GET"]}}],"collection":[{"href":"https:\/\/www.moskito.cz\/es\/wp-json\/wp\/v2\/product"}],"about":[{"href":"https:\/\/www.moskito.cz\/es\/wp-json\/wp\/v2\/types\/product"}],"replies":[{"embeddable":true,"href":"https:\/\/www.moskito.cz\/es\/wp-json\/wp\/v2\/comments?post=320107"}],"wp:featuredmedia":[{"embeddable":true,"href":"https:\/\/www.moskito.cz\/es\/wp-json\/wp\/v2\/media\/320067"}],"wp:attachment":[{"href":"https:\/\/www.moskito.cz\/es\/wp-json\/wp\/v2\/media?parent=320107"}],"wp:term":[{"taxonomy":"pwb-brand","embeddable":true,"href":"https:\/\/www.moskito.cz\/es\/wp-json\/wp\/v2\/pwb-brand?post=320107"},{"taxonomy":"product_brand","embeddable":true,"href":"https:\/\/www.moskito.cz\/es\/wp-json\/wp\/v2\/product_brand?post=320107"},{"taxonomy":"product_cat","embeddable":true,"href":"https:\/\/www.moskito.cz\/es\/wp-json\/wp\/v2\/product_cat?post=320107"},{"taxonomy":"product_tag","embeddable":true,"href":"https:\/\/www.moskito.cz\/es\/wp-json\/wp\/v2\/product_tag?post=320107"}],"curies":[{"name":"wp","href":"https:\/\/api.w.org\/{rel}","templated":true}]}}