{"id":320238,"date":"2023-11-10T11:47:00","date_gmt":"2024-03-19T13:37:42","guid":{"rendered":"https:\/\/www.moskito.cz\/produkt\/cuchillo-de-tiro-microtech-signature-series-combat-troodon-delta-shadow-142-1ct-dsh\/"},"modified":"2025-05-07T11:05:45","modified_gmt":"2025-05-07T10:05:45","slug":"cuchillo-de-tiro-microtech-signature-series-combat-troodon-delta-shadow-142-1ct-dsh","status":"publish","type":"product","link":"https:\/\/www.moskito.cz\/es\/produkt\/cuchillo-de-tiro-microtech-signature-series-combat-troodon-delta-shadow-142-1ct-dsh\/","title":{"rendered":"Cuchillo de tiro Microtech Signature Series Combat Troodon Delta Shadow 142-1CT-DSH"},"content":{"rendered":"<p>Cuchillo de tiro <strong>Microtech<\/strong> Signature Series Combat Troodon Delta Shadow 142-1CT-DSH<\/p>\n<p><strong>El Combat Troodon<\/strong> es un cuchillo frontal t\u00e1ctico fabricado con precisi\u00f3n. Es un 25% m\u00e1s grande que el buque insignia Troodon. Ofrece un mango delgado, una forma contorneada, elementos de dise\u00f1o radicales y un sofisticado mecanismo interno que mejora la funcionalidad operativa y la confiabilidad a mayor escala. El Combat Troodon est\u00e1 dise\u00f1ado para una amplia gama de aplicaciones de utilidad y de combate cuerpo a cuerpo.<\/p>\n<p>Asas texturizadas para un mejor agarre.<br \/>\nHoja ranurada y chasis con puertos para eliminar la suciedad y los residuos<br \/>\nHoja y hardware DLC para una mejor resistencia al desgaste y la abrasi\u00f3n.<br \/>\nInterior niquelado y boro para mayor resistencia a la corrosi\u00f3n.<\/p>\n<p>Especificaciones<\/p>\n<p>Disparo y retracci\u00f3n autom\u00e1ticos de doble acci\u00f3n.<br \/>\nAcero: M390<br \/>\nEstilo de hoja: Daga de doble filo<br \/>\nAcabado de la hoja: DLC negro<br \/>\nFragmento de vidrio: fragmento de vidrio con punta de tungsteno<br \/>\nMango: Aluminio 6061-T6 fresado UTD con revestimiento duro anodizado negro Mil-Spec<br \/>\nLargo abierto: 23 cm<br \/>\nLargo cerrado: 13 cm<br \/>\nClip de bolsillo: 301 Spring Templado, ambidiestro<br \/>\nPeso: 5,3 onzas.<\/p>\n<p>&nbsp;<\/p>\n<p><iframe title=\"Microtech Combat Troodon Torture Test\" width=\"800\" height=\"450\" src=\"https:\/\/www.youtube.com\/embed\/xE9TeOFYEjg?feature=oembed\" frameborder=\"0\" allow=\"accelerometer; autoplay; clipboard-write; encrypted-media; gyroscope; picture-in-picture; web-share\" allowfullscreen><\/iframe><\/p>\n<p>&nbsp;<\/p>\n<p>&nbsp;<\/p>\n","protected":false},"excerpt":{"rendered":"<div class=\"elementor-element elementor-element-bbb542b elementor-widget elementor-widget-woocommerce-product-short-description\" data-id=\"bbb542b\" data-element_type=\"widget\" data-widget_type=\"woocommerce-product-short-description.default\">\n<div class=\"elementor-widget-container\">\n<div class=\"woocommerce-product-details__short-description\">\n<p><strong>A lo largo de los a\u00f1os, Microtech\u00ae Knives ha llenado los cuchillos con pasi\u00f3n y habilidad para crear casi obras de arte que son el pin\u00e1culo de la funcionalidad. Todas las piezas se fabrican en los EE. UU.<\/strong><br \/>\n<strong>Todos los cuchillos Microtech vienen con una garant\u00eda de por vida.<\/strong><\/p>\n<p><strong>Transporte gratuito.<\/strong><\/p>\n<\/div>\n<\/div>\n<\/div>\n","protected":false},"featured_media":320239,"comment_status":"open","ping_status":"closed","template":"","meta":[],"pwb-brand":[3752],"product_brand":[],"product_cat":[3726,3729],"product_tag":[3756],"class_list":{"0":"post-320238","1":"product","2":"type-product","3":"status-publish","4":"has-post-thumbnail","6":"pwb-brand-microtecnologia","7":"product_cat-cuchillos","8":"product_cat-cuchillos-de-tiro","9":"product_tag-b2b-es","11":"first","12":"instock","13":"taxable","14":"shipping-taxable","15":"purchasable","16":"product-type-simple"},"brands":[{"id":3752,"name":"microtecnolog\u00eda","slug":"microtecnologia"}],"_links":{"self":[{"href":"https:\/\/www.moskito.cz\/es\/wp-json\/wp\/v2\/product\/320238","targetHints":{"allow":["GET"]}}],"collection":[{"href":"https:\/\/www.moskito.cz\/es\/wp-json\/wp\/v2\/product"}],"about":[{"href":"https:\/\/www.moskito.cz\/es\/wp-json\/wp\/v2\/types\/product"}],"replies":[{"embeddable":true,"href":"https:\/\/www.moskito.cz\/es\/wp-json\/wp\/v2\/comments?post=320238"}],"wp:featuredmedia":[{"embeddable":true,"href":"https:\/\/www.moskito.cz\/es\/wp-json\/wp\/v2\/media\/320239"}],"wp:attachment":[{"href":"https:\/\/www.moskito.cz\/es\/wp-json\/wp\/v2\/media?parent=320238"}],"wp:term":[{"taxonomy":"pwb-brand","embeddable":true,"href":"https:\/\/www.moskito.cz\/es\/wp-json\/wp\/v2\/pwb-brand?post=320238"},{"taxonomy":"product_brand","embeddable":true,"href":"https:\/\/www.moskito.cz\/es\/wp-json\/wp\/v2\/product_brand?post=320238"},{"taxonomy":"product_cat","embeddable":true,"href":"https:\/\/www.moskito.cz\/es\/wp-json\/wp\/v2\/product_cat?post=320238"},{"taxonomy":"product_tag","embeddable":true,"href":"https:\/\/www.moskito.cz\/es\/wp-json\/wp\/v2\/product_tag?post=320238"}],"curies":[{"name":"wp","href":"https:\/\/api.w.org\/{rel}","templated":true}]}}