{"id":320295,"date":"2023-11-10T14:07:13","date_gmt":"2024-03-19T13:40:48","guid":{"rendered":"https:\/\/www.moskito.cz\/produkt\/microtech-signature-series-combat-troodon-shadow-damascus-142-16dlctuls-cuchillo-de-tiro\/"},"modified":"2025-05-07T11:05:48","modified_gmt":"2025-05-07T10:05:48","slug":"microtech-signature-series-combat-troodon-shadow-damascus-142-16dlctuls-cuchillo-de-tiro","status":"publish","type":"product","link":"https:\/\/www.moskito.cz\/es\/produkt\/microtech-signature-series-combat-troodon-shadow-damascus-142-16dlctuls-cuchillo-de-tiro\/","title":{"rendered":"Microtech Signature Series Combat Troodon Shadow Damascus 142-16DLCTULS Cuchillo de tiro"},"content":{"rendered":"<p>Microtech Signature Series Combat Troodon Shadow Damascus 142-16DLCTULS Cuchillo de tiro<\/p>\n<p><strong>El Combat Troodon<\/strong> es un cuchillo t\u00e1ctico fabricado con precisi\u00f3n. Es un 25% m\u00e1s grande que el buque insignia Troodon. Ofrece un mango delgado, una forma contorneada, elementos de dise\u00f1o radicales y un sofisticado mecanismo interno que mejora la funcionalidad operativa y la confiabilidad a mayor escala. El Combat Troodon est\u00e1 dise\u00f1ado para una amplia gama de aplicaciones de utilidad y de combate cuerpo a cuerpo. Las empu\u00f1aduras de aluminio incluyen un rompevidrios, que es un complemento genial, y una tapa Ultem. El cuchillo se destaca por el incre\u00edble anillo y el interruptor de control para una apariencia muy suave, adem\u00e1s, por supuesto, de la hoja laminada de Damasco.<\/p>\n<p>Acci\u00f3n: Disparo y tracci\u00f3n autom\u00e1ticos de doble acci\u00f3n.<br \/>\nHoja de acero: Damasco.<br \/>\nEstilo de hoja: Daga de doble filo<br \/>\nLargo abierto: 23 cm<br \/>\nLargo cerrado: 13 cm<br \/>\nMango: Aluminio 6061-T6 Mil Spec anodizado con revestimiento duro y Ult Top<br \/>\nClip de bolsillo: 301 Spring Templado, ambidiestro<br \/>\nPeso: 5,4 onzas.<br \/>\nHecho en EE.UU<\/p>\n<p><iframe title=\"Microtech Combat Troodon Torture Test\" width=\"800\" height=\"450\" src=\"https:\/\/www.youtube.com\/embed\/xE9TeOFYEjg?feature=oembed\" frameborder=\"0\" allow=\"accelerometer; autoplay; clipboard-write; encrypted-media; gyroscope; picture-in-picture; web-share\" allowfullscreen><\/iframe><\/p>\n<p>&nbsp;<\/p>\n<p>&nbsp;<\/p>\n","protected":false},"excerpt":{"rendered":"<p><strong>A lo largo de los a\u00f1os, Microtech\u00ae Knives ha llenado los cuchillos con pasi\u00f3n y habilidad para crear casi obras de arte que son el pin\u00e1culo de la funcionalidad. Todas las piezas se fabrican en los EE. UU.<\/strong><br \/>\n<strong>Todos los cuchillos Microtech vienen con una garant\u00eda de por vida.<\/strong><\/p>\n<p><strong>Transporte gratuito.<\/strong><\/p>\n","protected":false},"featured_media":320298,"comment_status":"open","ping_status":"closed","template":"","meta":[],"pwb-brand":[3752],"product_brand":[],"product_cat":[3726,3729],"product_tag":[3756],"class_list":{"0":"post-320295","1":"product","2":"type-product","3":"status-publish","4":"has-post-thumbnail","6":"pwb-brand-microtecnologia","7":"product_cat-cuchillos","8":"product_cat-cuchillos-de-tiro","9":"product_tag-b2b-es","11":"first","12":"outofstock","13":"taxable","14":"shipping-taxable","15":"purchasable","16":"product-type-simple"},"brands":[{"id":3752,"name":"microtecnolog\u00eda","slug":"microtecnologia"}],"_links":{"self":[{"href":"https:\/\/www.moskito.cz\/es\/wp-json\/wp\/v2\/product\/320295","targetHints":{"allow":["GET"]}}],"collection":[{"href":"https:\/\/www.moskito.cz\/es\/wp-json\/wp\/v2\/product"}],"about":[{"href":"https:\/\/www.moskito.cz\/es\/wp-json\/wp\/v2\/types\/product"}],"replies":[{"embeddable":true,"href":"https:\/\/www.moskito.cz\/es\/wp-json\/wp\/v2\/comments?post=320295"}],"wp:featuredmedia":[{"embeddable":true,"href":"https:\/\/www.moskito.cz\/es\/wp-json\/wp\/v2\/media\/320298"}],"wp:attachment":[{"href":"https:\/\/www.moskito.cz\/es\/wp-json\/wp\/v2\/media?parent=320295"}],"wp:term":[{"taxonomy":"pwb-brand","embeddable":true,"href":"https:\/\/www.moskito.cz\/es\/wp-json\/wp\/v2\/pwb-brand?post=320295"},{"taxonomy":"product_brand","embeddable":true,"href":"https:\/\/www.moskito.cz\/es\/wp-json\/wp\/v2\/product_brand?post=320295"},{"taxonomy":"product_cat","embeddable":true,"href":"https:\/\/www.moskito.cz\/es\/wp-json\/wp\/v2\/product_cat?post=320295"},{"taxonomy":"product_tag","embeddable":true,"href":"https:\/\/www.moskito.cz\/es\/wp-json\/wp\/v2\/product_tag?post=320295"}],"curies":[{"name":"wp","href":"https:\/\/api.w.org\/{rel}","templated":true}]}}