{"id":320345,"date":"2023-10-21T11:14:18","date_gmt":"2024-03-19T13:52:14","guid":{"rendered":"https:\/\/www.moskito.cz\/produkt\/cuchillo-cierre-microtech-anax-titanio-azul-carbono-190c-7cfiti\/"},"modified":"2025-05-07T11:05:50","modified_gmt":"2025-05-07T10:05:50","slug":"cuchillo-cierre-microtech-anax-titanio-azul-carbono-190c-7cfiti","status":"publish","type":"product","link":"https:\/\/www.moskito.cz\/es\/produkt\/cuchillo-cierre-microtech-anax-titanio-azul-carbono-190c-7cfiti\/","title":{"rendered":"Cuchillo Cierre Microtech Anax Titanio Azul Carbono 190C-7CFITI"},"content":{"rendered":"<p>Cuchillo Cierre <strong>Microtech<\/strong> Anax Titanio Azul Carbono 190C-7CFITI<\/p>\n<p>Dise\u00f1ado por Microtech y fabricado por Rike Knife, <strong>el Anax<\/strong> sigue siendo una pieza totalmente integral. Tiene un tama\u00f1o de hoja y una relaci\u00f3n ancho-mango sorprendentes, y ofrece una gran potencia de corte en un paquete delgado, delgado pero resistente. La forma de la hoja con punta de ca\u00edda es excelente: proporciona mucho espacio para cortar y tiene una punta excepcionalmente fuerte para apu\u00f1alar. Est\u00e1 fabricada en acero inoxidable M390, que es tan bonito est\u00e9ticamente como cualquier hoja. El tama\u00f1o <strong>Anax<\/strong> es ideal si prefiere una hoja EDC m\u00e1s grande que pueda flexionarse f\u00e1cilmente para desempe\u00f1ar una funci\u00f3n t\u00e1ctica. El mango es una sola pieza s\u00f3lida de titanio acentuada con un inserto de fibra de carbono del tama\u00f1o de presentaci\u00f3n. Todo en este cuchillo grita calidad y es uno que querr\u00e1s llevar todos los d\u00edas; Seguro que se convertir\u00e1 en un favorito de la colecci\u00f3n en poco tiempo. Viene con un par de cables extra\u00edbles y puntas para el pasador y el hardware.<\/p>\n<p>Longitud total: 21,8 cm<br \/>\nLongitud de la hoja: 9,4 cm<br \/>\nGrosor de la hoja: 0,4 cm.<br \/>\nAcero de la hoja: M390<br \/>\nAcabado de la superficie de la hoja: DLC<br \/>\nMaterial del mango: mango de titanio 6AL-4V, inserto de fibra de carbono.<br \/>\nPeso: 5,0 onzas<\/p>\n<p><iframe title=\"Microtech Combat Troodon Torture Test\" width=\"800\" height=\"450\" src=\"https:\/\/www.youtube.com\/embed\/xE9TeOFYEjg?feature=oembed\" frameborder=\"0\" allow=\"accelerometer; autoplay; clipboard-write; encrypted-media; gyroscope; picture-in-picture; web-share\" allowfullscreen><\/iframe><\/p>\n<p>&nbsp;<\/p>\n","protected":false},"excerpt":{"rendered":"<div class=\"elementor-element elementor-element-bbb542b elementor-widget elementor-widget-woocommerce-product-short-description\" data-id=\"bbb542b\" data-element_type=\"widget\" data-widget_type=\"woocommerce-product-short-description.default\">\n<div class=\"elementor-widget-container\">\n<div class=\"woocommerce-product-details__short-description\">\n<p><strong>A lo largo de los a\u00f1os, Microtech\u00ae Knives ha llenado los cuchillos con pasi\u00f3n y habilidad para crear casi obras de arte que son el pin\u00e1culo de la funcionalidad. Todas las piezas se fabrican en los EE. UU.<\/strong><br \/>\n<strong>Todas las cuchillas Microtech est\u00e1n garantizadas de por vida (m\u00edn. 80.000 ciclos, apertura y cierre)<\/strong><\/p>\n<p><strong>Transporte gratuito.<\/strong><\/p>\n<\/div>\n<\/div>\n<\/div>\n","protected":false},"featured_media":320346,"comment_status":"open","ping_status":"closed","template":"","meta":[],"pwb-brand":[3752],"product_brand":[],"product_cat":[3730,3726],"product_tag":[3756],"class_list":{"0":"post-320345","1":"product","2":"type-product","3":"status-publish","4":"has-post-thumbnail","6":"pwb-brand-microtecnologia","7":"product_cat-cuchillas-de-cierre","8":"product_cat-cuchillos","9":"product_tag-b2b-es","11":"first","12":"instock","13":"taxable","14":"shipping-taxable","15":"purchasable","16":"product-type-simple"},"brands":[{"id":3752,"name":"microtecnolog\u00eda","slug":"microtecnologia"}],"_links":{"self":[{"href":"https:\/\/www.moskito.cz\/es\/wp-json\/wp\/v2\/product\/320345","targetHints":{"allow":["GET"]}}],"collection":[{"href":"https:\/\/www.moskito.cz\/es\/wp-json\/wp\/v2\/product"}],"about":[{"href":"https:\/\/www.moskito.cz\/es\/wp-json\/wp\/v2\/types\/product"}],"replies":[{"embeddable":true,"href":"https:\/\/www.moskito.cz\/es\/wp-json\/wp\/v2\/comments?post=320345"}],"wp:featuredmedia":[{"embeddable":true,"href":"https:\/\/www.moskito.cz\/es\/wp-json\/wp\/v2\/media\/320346"}],"wp:attachment":[{"href":"https:\/\/www.moskito.cz\/es\/wp-json\/wp\/v2\/media?parent=320345"}],"wp:term":[{"taxonomy":"pwb-brand","embeddable":true,"href":"https:\/\/www.moskito.cz\/es\/wp-json\/wp\/v2\/pwb-brand?post=320345"},{"taxonomy":"product_brand","embeddable":true,"href":"https:\/\/www.moskito.cz\/es\/wp-json\/wp\/v2\/product_brand?post=320345"},{"taxonomy":"product_cat","embeddable":true,"href":"https:\/\/www.moskito.cz\/es\/wp-json\/wp\/v2\/product_cat?post=320345"},{"taxonomy":"product_tag","embeddable":true,"href":"https:\/\/www.moskito.cz\/es\/wp-json\/wp\/v2\/product_tag?post=320345"}],"curies":[{"name":"wp","href":"https:\/\/api.w.org\/{rel}","templated":true}]}}