{"id":320467,"date":"2023-07-05T10:10:58","date_gmt":"2023-07-05T09:10:58","guid":{"rendered":"https:\/\/www.moskito.cz\/produkt\/navaja-plegable-spyderco-manix-2-ligera-c101pcbl2\/"},"modified":"2024-03-19T15:19:30","modified_gmt":"2024-03-19T14:19:30","slug":"navaja-plegable-spyderco-manix-2-ligera-c101pcbl2","status":"publish","type":"product","link":"https:\/\/www.moskito.cz\/es\/produkt\/navaja-plegable-spyderco-manix-2-ligera-c101pcbl2\/","title":{"rendered":"Navaja plegable Spyderco Manix 2 ligera C101PCBL2"},"content":{"rendered":"<p>Navaja plegable <strong>Spyderco<\/strong> Manix 2 ligera C101PCBL2<\/p>\n<p>Esta expresi\u00f3n de \u00e9lite del Manix 2 Lightweight combina los beneficios de ahorro de peso, el rendimiento de corte completo y la resistencia del mecanismo Ball Bearing Lock con la retenci\u00f3n de bordes mejorada y la resistencia a la corrosi\u00f3n del CPM-SPY27. Despu\u00e9s de a\u00f1os de utilizar los mejores materiales que los principales fabricantes de acero del mundo pod\u00edan proporcionar, Spyderco decidi\u00f3 que era hora de crear los suyos propios. En estrecha colaboraci\u00f3n con Crucible Industries, desarrollaron CPM-SPY27, un acero inoxidable metal\u00fargico de part\u00edculas que contiene una mezcla patentada de aleaciones, que incluyen vanadio, molibdeno, niobio, nitr\u00f3geno y cobalto. Mejorada con los efectos reforzadores del cobalto y el proceso de metalurgia de part\u00edculas de crisol de \u00faltima generaci\u00f3n, esta notable composici\u00f3n se produce exclusivamente para Spyderco y aparecer\u00e1 en modelos selectos fabricados en EE. UU. Cada cuchillo fabricado con este acero tambi\u00e9n contar\u00e1 con un distintivo color de mango azul cobalto para enfatizar su pedigr\u00ed de \u00e9lite.<\/p>\n<p>El agarre ligero Manix 2 est\u00e1 moldeado por inyecci\u00f3n a partir de copol\u00edmero reforzado con fibra de vidrio azul cobalto (FRCP) y presenta el patr\u00f3n de textura bidireccional exclusivo de Spyderco para garantizar un agarre seguro en todas las condiciones ambientales. El mango liviano de FRCP ha reducido el peso total del cuchillo a solo 3 onzas, un 42 por ciento m\u00e1s liviano que el Manix 2 con mango G10. El clip de alambre de doble cara permite un uso c\u00f3modo con la mano izquierda o derecha, y el gran orificio para cord\u00f3n permite colocar f\u00e1cilmente amuletos y cordones.<\/p>\n<p>La conexi\u00f3n de la hoja y el mango es el mecanismo de bloqueo de rodamiento de bolas patentado de Spyderco. Esta cerradura de alta resistencia consta de un rodamiento de bolas incrustado en una \u00abjaula\u00bb de pol\u00edmero duradera. Cuando la hoja est\u00e1 abierta, un resorte de compresi\u00f3n impulsa la jaula hacia adelante para calzar el rodamiento de bolas entre la rampa de la hoja y el marco de acero anclado entre las mitades del mango. Al tirar hacia atr\u00e1s del rodamiento de bolas en la jaula se libera el bloqueo y la hoja se cierra suavemente mientras mantiene los dedos a una distancia segura del borde afilado.<br \/>\nEspecificaciones<\/p>\n<p>Longitud de la hoja: 8,6 cm<br \/>\nFilo: 7,3 cm.<br \/>\nLargo cerrado: 11,8 cm<br \/>\nLongitud total: 20,4 cm<br \/>\nMaterial de la hoja: CPM-SPY27 Acero inoxidable<br \/>\nGrosor de la hoja: 0,32 cm.<br \/>\nEstilo de hoja: forma de hoja<br \/>\nRectificado de la hoja: Totalmente plano<br \/>\nTratamiento superficial de la hoja: satinado.<br \/>\nMaterial del mango: FRCP azul cobalto (copol\u00edmero reforzado con fibra de vidrio)<br \/>\nGrosor del mango: 0,510&#8243; (13,0 mm)<br \/>\nMaterial de inserci\u00f3n: acero inoxidable<br \/>\nMecanismo de bloqueo: Cerradura con rodamiento de bolas.<br \/>\nConjunto de pasador: Arandelas<br \/>\nClip de bolsillo: Acero inoxidable (plegable, desgaste derecha\/izquierda)<br \/>\nPeso: 3,0 onzas. (85g)<br \/>\nHecho en EE.UU<\/p>\n<p>&nbsp;<\/p>\n<p>&nbsp;<\/p>\n","protected":false},"excerpt":{"rendered":"<p>Esta expresi\u00f3n de \u00e9lite del Manix 2 Lightweight combina los beneficios de ahorro de peso, el rendimiento de corte completo y la resistencia del mecanismo Ball Bearing Lock con la retenci\u00f3n de bordes mejorada y la resistencia a la corrosi\u00f3n del CPM-SPY27.<\/p>\n","protected":false},"featured_media":320468,"comment_status":"open","ping_status":"closed","template":"","meta":[],"pwb-brand":[3771],"product_brand":[],"product_cat":[3730,3726],"product_tag":[3756],"class_list":{"0":"post-320467","1":"product","2":"type-product","3":"status-publish","4":"has-post-thumbnail","6":"pwb-brand-spyderco-es","7":"product_cat-cuchillas-de-cierre","8":"product_cat-cuchillos","9":"product_tag-b2b-es","11":"first","12":"instock","13":"taxable","14":"shipping-taxable","15":"purchasable","16":"product-type-simple"},"brands":[{"id":3771,"name":"spyderco","slug":"spyderco-es"}],"_links":{"self":[{"href":"https:\/\/www.moskito.cz\/es\/wp-json\/wp\/v2\/product\/320467","targetHints":{"allow":["GET"]}}],"collection":[{"href":"https:\/\/www.moskito.cz\/es\/wp-json\/wp\/v2\/product"}],"about":[{"href":"https:\/\/www.moskito.cz\/es\/wp-json\/wp\/v2\/types\/product"}],"replies":[{"embeddable":true,"href":"https:\/\/www.moskito.cz\/es\/wp-json\/wp\/v2\/comments?post=320467"}],"wp:featuredmedia":[{"embeddable":true,"href":"https:\/\/www.moskito.cz\/es\/wp-json\/wp\/v2\/media\/320468"}],"wp:attachment":[{"href":"https:\/\/www.moskito.cz\/es\/wp-json\/wp\/v2\/media?parent=320467"}],"wp:term":[{"taxonomy":"pwb-brand","embeddable":true,"href":"https:\/\/www.moskito.cz\/es\/wp-json\/wp\/v2\/pwb-brand?post=320467"},{"taxonomy":"product_brand","embeddable":true,"href":"https:\/\/www.moskito.cz\/es\/wp-json\/wp\/v2\/product_brand?post=320467"},{"taxonomy":"product_cat","embeddable":true,"href":"https:\/\/www.moskito.cz\/es\/wp-json\/wp\/v2\/product_cat?post=320467"},{"taxonomy":"product_tag","embeddable":true,"href":"https:\/\/www.moskito.cz\/es\/wp-json\/wp\/v2\/product_tag?post=320467"}],"curies":[{"name":"wp","href":"https:\/\/api.w.org\/{rel}","templated":true}]}}