{"id":320687,"date":"2023-10-26T15:38:14","date_gmt":"2024-03-19T15:22:57","guid":{"rendered":"https:\/\/www.moskito.cz\/produkt\/cuchillo-de-tiro-microtech-utx-7-mango-rojo-desgastado-apocaliptico-147-12drd\/"},"modified":"2025-05-07T11:05:59","modified_gmt":"2025-05-07T10:05:59","slug":"cuchillo-de-tiro-microtech-utx-7-mango-rojo-desgastado-apocaliptico-147-12drd","status":"publish","type":"product","link":"https:\/\/www.moskito.cz\/es\/produkt\/cuchillo-de-tiro-microtech-utx-7-mango-rojo-desgastado-apocaliptico-147-12drd\/","title":{"rendered":"Cuchillo de tiro Microtech UTX-7 Mango rojo desgastado Apocal\u00edptico 147-12DRD"},"content":{"rendered":"<p>Cuchillo de tiro <strong>Microtech<\/strong> UTX-7 Mango rojo desgastado Apocal\u00edptico 147-12DRD<\/p>\n<p>\u00bfBuscas la navaja autom\u00e1tica frontal m\u00e1s compacta del mercado? \u00a1As\u00ed que lo encontraste! <strong>El Microtech UTX-70<\/strong> dispara hacia adentro y hacia afuera autom\u00e1ticamente usando un bot\u00f3n deslizante en el lado derecho de la hoja. S\u00faper peque\u00f1os (menos de 6 en total). \u00a1Peque\u00f1o cuchillo impresionante!<\/p>\n<p>Este modelo cuenta con un mango de aluminio 6061-T6 anodizado rojo con el logotipo de <strong>Microtech<\/strong> Claw en el frente. Hoja de daga de doble filo de acero inoxidable Apocalyptic M390 con una hoja est\u00e1ndar y una hoja completamente dentada. Herrajes con acabado apocal\u00edptico, clip de bolsillo y rompecristales. La hoja tiene informaci\u00f3n del modelo. El clip de bolsillo tiene el logotipo <strong>de Microtech<\/strong> , el n\u00famero de serie y la fecha de fabricaci\u00f3n.<\/p>\n<p>Pa\u00eds de origen: EE.UU.<br \/>\nFecha de origen: 2023<br \/>\nMaterial del mango: Aluminio<br \/>\nMaterial de la hoja: M390<br \/>\nEstilo de hoja: Daga de doble filo<br \/>\nAcabado de la hoja: Apocal\u00edptico<br \/>\nTipo de borde: Totalmente dentado<br \/>\nModelo\/Patr\u00f3n: UTX-70<br \/>\nTipo de cuchillo: OTF autom\u00e1tico de doble acci\u00f3n<br \/>\nTipo de bloqueo: frontal<br \/>\nLongitud total: 14,07 cm<br \/>\nLongitud de la hoja: 6,02 cm<br \/>\nGrosor de la hoja: 0,2 cm.<\/p>\n<p><iframe title=\"Microtech Combat Troodon Torture Test\" width=\"800\" height=\"450\" src=\"https:\/\/www.youtube.com\/embed\/xE9TeOFYEjg?feature=oembed\" frameborder=\"0\" allow=\"accelerometer; autoplay; clipboard-write; encrypted-media; gyroscope; picture-in-picture; web-share\" allowfullscreen><\/iframe><\/p>\n<p>&nbsp;<\/p>\n","protected":false},"excerpt":{"rendered":"<p><strong>\u00bfBuscas la navaja autom\u00e1tica frontal m\u00e1s compacta del mercado? \u00a1As\u00ed que lo encontraste! Microtecnolog\u00eda UTX-70.<\/strong><\/p>\n<p><strong>Transporte gratuito.<\/strong><\/p>\n","protected":false},"featured_media":320693,"comment_status":"open","ping_status":"closed","template":"","meta":[],"pwb-brand":[3752],"product_brand":[],"product_cat":[3726,3729],"product_tag":[3756],"class_list":{"0":"post-320687","1":"product","2":"type-product","3":"status-publish","4":"has-post-thumbnail","6":"pwb-brand-microtecnologia","7":"product_cat-cuchillos","8":"product_cat-cuchillos-de-tiro","9":"product_tag-b2b-es","11":"first","12":"instock","13":"taxable","14":"shipping-taxable","15":"purchasable","16":"product-type-simple"},"brands":[{"id":3752,"name":"microtecnolog\u00eda","slug":"microtecnologia"}],"_links":{"self":[{"href":"https:\/\/www.moskito.cz\/es\/wp-json\/wp\/v2\/product\/320687","targetHints":{"allow":["GET"]}}],"collection":[{"href":"https:\/\/www.moskito.cz\/es\/wp-json\/wp\/v2\/product"}],"about":[{"href":"https:\/\/www.moskito.cz\/es\/wp-json\/wp\/v2\/types\/product"}],"replies":[{"embeddable":true,"href":"https:\/\/www.moskito.cz\/es\/wp-json\/wp\/v2\/comments?post=320687"}],"wp:featuredmedia":[{"embeddable":true,"href":"https:\/\/www.moskito.cz\/es\/wp-json\/wp\/v2\/media\/320693"}],"wp:attachment":[{"href":"https:\/\/www.moskito.cz\/es\/wp-json\/wp\/v2\/media?parent=320687"}],"wp:term":[{"taxonomy":"pwb-brand","embeddable":true,"href":"https:\/\/www.moskito.cz\/es\/wp-json\/wp\/v2\/pwb-brand?post=320687"},{"taxonomy":"product_brand","embeddable":true,"href":"https:\/\/www.moskito.cz\/es\/wp-json\/wp\/v2\/product_brand?post=320687"},{"taxonomy":"product_cat","embeddable":true,"href":"https:\/\/www.moskito.cz\/es\/wp-json\/wp\/v2\/product_cat?post=320687"},{"taxonomy":"product_tag","embeddable":true,"href":"https:\/\/www.moskito.cz\/es\/wp-json\/wp\/v2\/product_tag?post=320687"}],"curies":[{"name":"wp","href":"https:\/\/api.w.org\/{rel}","templated":true}]}}