{"id":320689,"date":"2023-11-13T16:48:05","date_gmt":"2024-03-19T15:22:57","guid":{"rendered":"https:\/\/www.moskito.cz\/produkt\/cuchillo-de-tiro-microtech-special-bounty-hunter-ultratech-123-11bh\/"},"modified":"2025-05-07T11:05:59","modified_gmt":"2025-05-07T10:05:59","slug":"cuchillo-de-tiro-microtech-special-bounty-hunter-ultratech-123-11bh","status":"publish","type":"product","link":"https:\/\/www.moskito.cz\/es\/produkt\/cuchillo-de-tiro-microtech-special-bounty-hunter-ultratech-123-11bh\/","title":{"rendered":"Cuchillo de tiro Microtech Special Bounty Hunter Ultratech 123-11BH"},"content":{"rendered":"<p>Cuchillo de tiro <strong>Microtech<\/strong> Special Bounty Hunter Ultratech 123-11BH<\/p>\n<p>Ultratech siempre establecer\u00e1 el est\u00e1ndar para todos los cuchillos frontales. El Ultratech es el cuchillo frontal de doble acci\u00f3n original de Microtech y fue la base de toda su l\u00ednea OTF. Ha sufrido varias modificaciones a lo largo de los a\u00f1os, volvi\u00e9ndose cada vez m\u00e1s eficiente y fiable. Esta versi\u00f3n presenta una textura de triple agarre mejorada en la diapositiva del pulgar para una compra m\u00e1s positiva y un agarre verde apocal\u00edptico con hardware rojo que le da a este modelo el apodo de Bounty Hunter, tambi\u00e9n conocido como Boba Fett. Tambi\u00e9n tiene un logo de Mythosaur genial en el clip del bolsillo, que era el s\u00edmbolo de la calavera de los Verdaderos Mandalorianos. El resorte Ultratech permanece en posici\u00f3n de \u00abreposo\u00bb en todo momento, excepto cuando est\u00e1 estirado. Esto asegura que el resorte comprimido no se canse, asegurando a los usuarios que cuando se dispare el cuchillo, funcionar\u00e1 de manera efectiva. La apertura y cierre liviano con una sola mano, la forma delgada y la hoja afilada como un bistur\u00ed de Ultratech lo convierten en un cuchillo \u00fanico disponible solo en Microtech. Este cuchillo ha demostrado una y otra vez que puede resistir cualquier obst\u00e1culo y, en nuestra opini\u00f3n, es el m\u00e1s deseable de la l\u00ednea Star Wars Ultratech.<\/p>\n<p>Especificaciones:<\/p>\n<p>Apertura\/cierre autom\u00e1tico &#8211; abridor frontal<br \/>\nAcci\u00f3n: Doble Acci\u00f3n &#8211; Disparo\/Retracci\u00f3n Autom\u00e1tico<br \/>\nEstilo de hoja: Tanto de un solo filo, parte dentada<br \/>\nMaterial del mango: Aluminio 6061-T6 con capa dura anodizada apocal\u00edptica verde Mil-Spec<br \/>\nLongitud de la hoja: 8,45 cm Acero: M390<br \/>\nLongitud del mango: 12,5 cm<br \/>\nMaterial del clip de bolsillo: acero inoxidable 301.<br \/>\nParte superior est\u00e1ndar: aleaci\u00f3n AL 6061-T6<br \/>\nGatillo: Acero inoxidable 303<br \/>\nRompe ventanas<br \/>\nHecho en EE.UU<\/p>\n<p><iframe title=\"Microtech Combat Troodon Torture Test\" width=\"800\" height=\"450\" src=\"https:\/\/www.youtube.com\/embed\/xE9TeOFYEjg?feature=oembed\" frameborder=\"0\" allow=\"accelerometer; autoplay; clipboard-write; encrypted-media; gyroscope; picture-in-picture; web-share\" allowfullscreen><\/iframe><\/p>\n<p>&nbsp;<\/p>\n<p>&nbsp;<\/p>\n","protected":false},"excerpt":{"rendered":"<p><strong>Ultratech de Microtech es uno de sus modelos m\u00e1s populares y definitivamente ofrece la mayor rentabilidad.<\/strong><\/p>\n<p><strong>Todos los cuchillos Microtech vienen con una garant\u00eda de por vida. <\/strong><\/p>\n<p><strong>Transporte gratuito.<\/strong><\/p>\n","protected":false},"featured_media":320698,"comment_status":"open","ping_status":"closed","template":"","meta":[],"pwb-brand":[3752],"product_brand":[],"product_cat":[3726,3729],"product_tag":[3756],"class_list":{"0":"post-320689","1":"product","2":"type-product","3":"status-publish","4":"has-post-thumbnail","6":"pwb-brand-microtecnologia","7":"product_cat-cuchillos","8":"product_cat-cuchillos-de-tiro","9":"product_tag-b2b-es","11":"first","12":"outofstock","13":"taxable","14":"shipping-taxable","15":"purchasable","16":"product-type-simple"},"brands":[{"id":3752,"name":"microtecnolog\u00eda","slug":"microtecnologia"}],"_links":{"self":[{"href":"https:\/\/www.moskito.cz\/es\/wp-json\/wp\/v2\/product\/320689","targetHints":{"allow":["GET"]}}],"collection":[{"href":"https:\/\/www.moskito.cz\/es\/wp-json\/wp\/v2\/product"}],"about":[{"href":"https:\/\/www.moskito.cz\/es\/wp-json\/wp\/v2\/types\/product"}],"replies":[{"embeddable":true,"href":"https:\/\/www.moskito.cz\/es\/wp-json\/wp\/v2\/comments?post=320689"}],"wp:featuredmedia":[{"embeddable":true,"href":"https:\/\/www.moskito.cz\/es\/wp-json\/wp\/v2\/media\/320698"}],"wp:attachment":[{"href":"https:\/\/www.moskito.cz\/es\/wp-json\/wp\/v2\/media?parent=320689"}],"wp:term":[{"taxonomy":"pwb-brand","embeddable":true,"href":"https:\/\/www.moskito.cz\/es\/wp-json\/wp\/v2\/pwb-brand?post=320689"},{"taxonomy":"product_brand","embeddable":true,"href":"https:\/\/www.moskito.cz\/es\/wp-json\/wp\/v2\/product_brand?post=320689"},{"taxonomy":"product_cat","embeddable":true,"href":"https:\/\/www.moskito.cz\/es\/wp-json\/wp\/v2\/product_cat?post=320689"},{"taxonomy":"product_tag","embeddable":true,"href":"https:\/\/www.moskito.cz\/es\/wp-json\/wp\/v2\/product_tag?post=320689"}],"curies":[{"name":"wp","href":"https:\/\/api.w.org\/{rel}","templated":true}]}}