{"id":320692,"date":"2023-10-22T09:07:10","date_gmt":"2024-03-19T15:22:57","guid":{"rendered":"https:\/\/www.moskito.cz\/produkt\/cuchillo-de-tiro-microtech-ultratech-tanto-naranja-123-2or\/"},"modified":"2025-05-07T11:06:00","modified_gmt":"2025-05-07T10:06:00","slug":"cuchillo-de-tiro-microtech-ultratech-tanto-naranja-123-2or","status":"publish","type":"product","link":"https:\/\/www.moskito.cz\/es\/produkt\/cuchillo-de-tiro-microtech-ultratech-tanto-naranja-123-2or\/","title":{"rendered":"Cuchillo de Tiro Microtech Ultratech Tanto Naranja 123-2OR"},"content":{"rendered":"<p>Cuchillo de Tiro <strong>Microtech<\/strong> Ultratech Tanto Naranja 123-2OR<\/p>\n<p><strong>Ultratech<\/strong> siempre establecer\u00e1 el est\u00e1ndar para todos los cuchillos frontales. El Ultratech es el cuchillo frontal de doble acci\u00f3n original de Microtech y fue la base de toda la l\u00ednea OTF. Ha sufrido varias modificaciones a lo largo de los a\u00f1os, volvi\u00e9ndose cada vez m\u00e1s eficiente y fiable. El resorte Ultratech permanece en posici\u00f3n de \u00abreposo\u00bb en todo momento, excepto cuando est\u00e1 estirado. Esto asegura que el resorte comprimido no se fatiga, asegurando a los usuarios que cuando se dispara el cuchillo, funcionar\u00e1 de manera efectiva. <strong>La ultratecnolog\u00eda<\/strong> puede adoptar muchas formas diferentes; se puede acabar con una placa de aluminio mecanizada est\u00e1ndar o un trozo de fibra de carbono. La apertura y el cierre livianos con una sola mano, la forma delgada y la hoja afilada como un bistur\u00ed de Ultratech lo convierten en un cuchillo \u00fanico que solo est\u00e1 disponible en <strong>Microtech<\/strong> . Este cuchillo ha demostrado una y otra vez que puede resistir cualquier obst\u00e1culo. S\u00f3lo el tiempo dir\u00e1 cu\u00e1l ser\u00e1 el siguiente paso de la l\u00ednea Ultratech.<\/p>\n<p>Especificaciones<br \/>\nApertura\/cierre autom\u00e1tico &#8211; abridor frontal<br \/>\nAcci\u00f3n: Acci\u00f3n de duelo: disparo autom\u00e1tico\/retracci\u00f3n<br \/>\nLongitud total: 22 cm<br \/>\nLongitud de la hoja: 8,6 cm<br \/>\nGrosor de la hoja: 0,33 cm.<br \/>\nMaterial de la hoja: M390<\/p>\n<p>Estilo de hoja: Tanto de un solo filo, filo combinado<br \/>\nMaterial del mango: Aluminio 6061-T6 Mil-Spec con revestimiento duro naranja Elox<br \/>\nMaterial del clip de bolsillo: Acero inoxidable 301 completamente duro<br \/>\nParte superior est\u00e1ndar: aleaci\u00f3n AL 6061-T6<br \/>\nGatillo: Acero inoxidable 303<br \/>\nHecho en EE.UU<\/p>\n<p><iframe title=\"Microtech Combat Troodon Torture Test\" width=\"800\" height=\"450\" src=\"https:\/\/www.youtube.com\/embed\/xE9TeOFYEjg?feature=oembed\" frameborder=\"0\" allow=\"accelerometer; autoplay; clipboard-write; encrypted-media; gyroscope; picture-in-picture; web-share\" allowfullscreen><\/iframe><\/p>\n<p>&nbsp;<\/p>\n","protected":false},"excerpt":{"rendered":"<p><strong>A lo largo de los a\u00f1os, Microtech\u00ae Knives ha llenado los cuchillos con pasi\u00f3n y habilidad para crear casi obras de arte que son el pin\u00e1culo de la funcionalidad. Todas las piezas se fabrican en los EE. UU.<\/strong><br \/>\n<strong>Todos los cuchillos Microtech vienen con una garant\u00eda de por vida.<\/strong><\/p>\n<p><strong>Transporte gratuito.<\/strong><\/p>\n","protected":false},"featured_media":320708,"comment_status":"open","ping_status":"closed","template":"","meta":[],"pwb-brand":[3752],"product_brand":[],"product_cat":[3730,3726],"product_tag":[3756],"class_list":{"0":"post-320692","1":"product","2":"type-product","3":"status-publish","4":"has-post-thumbnail","6":"pwb-brand-microtecnologia","7":"product_cat-cuchillas-de-cierre","8":"product_cat-cuchillos","9":"product_tag-b2b-es","11":"first","12":"instock","13":"taxable","14":"shipping-taxable","15":"purchasable","16":"product-type-simple"},"brands":[{"id":3752,"name":"microtecnolog\u00eda","slug":"microtecnologia"}],"_links":{"self":[{"href":"https:\/\/www.moskito.cz\/es\/wp-json\/wp\/v2\/product\/320692","targetHints":{"allow":["GET"]}}],"collection":[{"href":"https:\/\/www.moskito.cz\/es\/wp-json\/wp\/v2\/product"}],"about":[{"href":"https:\/\/www.moskito.cz\/es\/wp-json\/wp\/v2\/types\/product"}],"replies":[{"embeddable":true,"href":"https:\/\/www.moskito.cz\/es\/wp-json\/wp\/v2\/comments?post=320692"}],"wp:featuredmedia":[{"embeddable":true,"href":"https:\/\/www.moskito.cz\/es\/wp-json\/wp\/v2\/media\/320708"}],"wp:attachment":[{"href":"https:\/\/www.moskito.cz\/es\/wp-json\/wp\/v2\/media?parent=320692"}],"wp:term":[{"taxonomy":"pwb-brand","embeddable":true,"href":"https:\/\/www.moskito.cz\/es\/wp-json\/wp\/v2\/pwb-brand?post=320692"},{"taxonomy":"product_brand","embeddable":true,"href":"https:\/\/www.moskito.cz\/es\/wp-json\/wp\/v2\/product_brand?post=320692"},{"taxonomy":"product_cat","embeddable":true,"href":"https:\/\/www.moskito.cz\/es\/wp-json\/wp\/v2\/product_cat?post=320692"},{"taxonomy":"product_tag","embeddable":true,"href":"https:\/\/www.moskito.cz\/es\/wp-json\/wp\/v2\/product_tag?post=320692"}],"curies":[{"name":"wp","href":"https:\/\/api.w.org\/{rel}","templated":true}]}}