{"id":320788,"date":"2023-11-08T16:12:51","date_gmt":"2024-03-19T15:23:02","guid":{"rendered":"https:\/\/www.moskito.cz\/produkt\/cuchillo-de-tiro-microtech-utx-85-clone-trooper-232-1co\/"},"modified":"2025-05-07T11:06:02","modified_gmt":"2025-05-07T10:06:02","slug":"cuchillo-de-tiro-microtech-utx-85-clone-trooper-232-1co","status":"publish","type":"product","link":"https:\/\/www.moskito.cz\/es\/produkt\/cuchillo-de-tiro-microtech-utx-85-clone-trooper-232-1co\/","title":{"rendered":"Cuchillo de Tiro Microtech UTX-85 Clone Trooper 232-1CO"},"content":{"rendered":"<p>Cuchillo de Tiro <strong>Microtech<\/strong> UTX-85 Clone Trooper 232-1CO<\/p>\n<p>El Microtech UTX-85 es un cuchillo de tama\u00f1o mediano de la gama Ultratech. Este modelo est\u00e1 dise\u00f1ado con un chasis moldeado para m\u00e1ximo agarre, usabilidad y comodidad. Presenta parches de textura a lo largo de la columna vertebral en todos los lugares correctos para garantizar el m\u00e1ximo agarre cuando lo necesita. Estos cuchillos Microtech tambi\u00e9n cuentan con un pr\u00e1ctico interruptor de disparo y un rompevidrios de carburo de tungsteno probado en batalla.<\/p>\n<p>El Microtech UTX-85 ofrece el mismo gran rendimiento que el Ultratech, pero se ha reducido en un 85% para aquellos que prefieren un cuchillo m\u00e1s peque\u00f1o y m\u00e1s oculto. Esta es una excelente opci\u00f3n para los usuarios que buscan un OTF de doble acci\u00f3n m\u00e1s peque\u00f1o y liviano con el mismo excelente rendimiento que el Ultratech de tama\u00f1o completo.<\/p>\n<p>Longitud total: 19,1 cm.<br \/>\nLargo cerrado: 11,1 cm<br \/>\nLongitud de la hoja: 7,9 cm<br \/>\nGrosor de la hoja: 0,32 cm.<br \/>\nEstilo de borde: liso<br \/>\nMaterial del mango: Aluminio Clone Trooper<br \/>\nGrosor del mango: 1,2 cm.<br \/>\nClip de bolsillo: inclinado hacia abajo<br \/>\nPeso: 82,22 gramos<br \/>\nRef. del fabricante. #: 232-1CO<br \/>\nPa\u00eds de origen: EE.UU.<\/p>\n<p><iframe title=\"Microtech Combat Troodon Torture Test\" width=\"800\" height=\"450\" src=\"https:\/\/www.youtube.com\/embed\/xE9TeOFYEjg?feature=oembed\" frameborder=\"0\" allow=\"accelerometer; autoplay; clipboard-write; encrypted-media; gyroscope; picture-in-picture; web-share\" allowfullscreen><\/iframe><\/p>\n<p>&nbsp;<\/p>\n","protected":false},"excerpt":{"rendered":"<div class=\"elementor-element elementor-element-bbb542b elementor-widget elementor-widget-woocommerce-product-short-description\" data-id=\"bbb542b\" data-element_type=\"widget\" data-widget_type=\"woocommerce-product-short-description.default\">\n<div class=\"elementor-widget-container\">\n<div class=\"woocommerce-product-details__short-description\">\n<p><strong>Ultratech de Microtech es uno de sus modelos m\u00e1s populares y definitivamente ofrece la mayor rentabilidad.<\/strong><\/p>\n<p><strong>Todos los cuchillos Microtech vienen con una garant\u00eda de por vida. <\/strong><\/p>\n<p><strong>Transporte gratuito.<\/strong><\/p>\n<\/div>\n<\/div>\n<\/div>\n","protected":false},"featured_media":320800,"comment_status":"open","ping_status":"closed","template":"","meta":[],"pwb-brand":[3752],"product_brand":[],"product_cat":[3726,3729],"product_tag":[3756],"class_list":{"0":"post-320788","1":"product","2":"type-product","3":"status-publish","4":"has-post-thumbnail","6":"pwb-brand-microtecnologia","7":"product_cat-cuchillos","8":"product_cat-cuchillos-de-tiro","9":"product_tag-b2b-es","11":"first","12":"instock","13":"taxable","14":"shipping-taxable","15":"purchasable","16":"product-type-simple"},"brands":[{"id":3752,"name":"microtecnolog\u00eda","slug":"microtecnologia"}],"_links":{"self":[{"href":"https:\/\/www.moskito.cz\/es\/wp-json\/wp\/v2\/product\/320788","targetHints":{"allow":["GET"]}}],"collection":[{"href":"https:\/\/www.moskito.cz\/es\/wp-json\/wp\/v2\/product"}],"about":[{"href":"https:\/\/www.moskito.cz\/es\/wp-json\/wp\/v2\/types\/product"}],"replies":[{"embeddable":true,"href":"https:\/\/www.moskito.cz\/es\/wp-json\/wp\/v2\/comments?post=320788"}],"wp:featuredmedia":[{"embeddable":true,"href":"https:\/\/www.moskito.cz\/es\/wp-json\/wp\/v2\/media\/320800"}],"wp:attachment":[{"href":"https:\/\/www.moskito.cz\/es\/wp-json\/wp\/v2\/media?parent=320788"}],"wp:term":[{"taxonomy":"pwb-brand","embeddable":true,"href":"https:\/\/www.moskito.cz\/es\/wp-json\/wp\/v2\/pwb-brand?post=320788"},{"taxonomy":"product_brand","embeddable":true,"href":"https:\/\/www.moskito.cz\/es\/wp-json\/wp\/v2\/product_brand?post=320788"},{"taxonomy":"product_cat","embeddable":true,"href":"https:\/\/www.moskito.cz\/es\/wp-json\/wp\/v2\/product_cat?post=320788"},{"taxonomy":"product_tag","embeddable":true,"href":"https:\/\/www.moskito.cz\/es\/wp-json\/wp\/v2\/product_tag?post=320788"}],"curies":[{"name":"wp","href":"https:\/\/api.w.org\/{rel}","templated":true}]}}