{"id":320823,"date":"2023-10-26T14:30:44","date_gmt":"2024-03-19T15:23:03","guid":{"rendered":"https:\/\/www.moskito.cz\/produkt\/cuchillo-de-tiro-microtech-ultratech-stonewashed-pink-123-11pk\/"},"modified":"2025-05-07T11:06:03","modified_gmt":"2025-05-07T10:06:03","slug":"cuchillo-de-tiro-microtech-ultratech-stonewashed-pink-123-11pk","status":"publish","type":"product","link":"https:\/\/www.moskito.cz\/es\/produkt\/cuchillo-de-tiro-microtech-ultratech-stonewashed-pink-123-11pk\/","title":{"rendered":"Cuchillo de tiro Microtech Ultratech Stonewashed Pink 123-11PK"},"content":{"rendered":"<p>Cuchillo de tiro <strong>Microtech<\/strong> Ultratech Stonewashed Pink 123-11PK<\/p>\n<p>Ultratech siempre establecer\u00e1 el est\u00e1ndar para todos los cuchillos frontales. El Ultratech es el cuchillo frontal de doble acci\u00f3n original de Microtech y fue la base de toda su l\u00ednea OTF. A lo largo de los a\u00f1os, ha sufrido varias modificaciones, cada una de las cuales se ha vuelto m\u00e1s eficiente y confiable. Esta versi\u00f3n tiene un mango moldeado mejorado con un deslizador texturizado para el pulgar para una compra m\u00e1s positiva. El resorte Ultratech permanece en posici\u00f3n de \u00abreposo\u00bb en todo momento, excepto cuando est\u00e1 estirado. Esto asegura que el resorte comprimido no se fatiga, asegurando a los usuarios que funcionar\u00e1 eficazmente cuando se dispare el cuchillo. <strong>La ultratecnolog\u00eda<\/strong> puede adoptar muchas formas; se puede acabar con una placa de aluminio mecanizada est\u00e1ndar o un trozo de fibra de carbono. La apertura y el cierre livianos con una sola mano, el dise\u00f1o delgado y la hoja afilada como un bistur\u00ed <strong>de Ultratech<\/strong> lo convierten en un cuchillo \u00fanico que solo est\u00e1 disponible en Microtech. Este cuchillo ha demostrado una y otra vez que puede resistir cualquier obst\u00e1culo. S\u00f3lo el tiempo dir\u00e1 cu\u00e1l ser\u00e1 el siguiente paso de la l\u00ednea <strong>Ultratech<\/strong> .<\/p>\n<p>Especificaciones:<br \/>\nApertura\/cierre autom\u00e1tico &#8211; abridor frontal<br \/>\nAcci\u00f3n: Doble Acci\u00f3n &#8211; Disparo\/Retracci\u00f3n Autom\u00e1tico<br \/>\nEstilo de hoja: Tanto<br \/>\nMaterial del mango: aluminio 6061-T6 con anodizado rosa Mil-Spec Hard Coat<br \/>\nGrosor de la hoja: 0,3 cm.<br \/>\nLongitud de la hoja: 8,65 cm<br \/>\nLargo cerrado: 12,1 cm<br \/>\nLongitud en estado abierto: 20,75 cm<br \/>\nMaterial del clip de bolsillo: Acero inoxidable 301 completamente duro<br \/>\nParte superior est\u00e1ndar: aleaci\u00f3n AL 6061-T6<br \/>\nGatillo: Acero inoxidable 303<br \/>\nPeso: 3,40 onzas.<br \/>\nAcero: M390<br \/>\nHecho en EE.UU<\/p>\n<p><iframe title=\"Microtech Combat Troodon Torture Test\" width=\"800\" height=\"450\" src=\"https:\/\/www.youtube.com\/embed\/xE9TeOFYEjg?feature=oembed\" frameborder=\"0\" allow=\"accelerometer; autoplay; clipboard-write; encrypted-media; gyroscope; picture-in-picture; web-share\" allowfullscreen><\/iframe><\/p>\n<p>&nbsp;<\/p>\n","protected":false},"excerpt":{"rendered":"<p><strong>A lo largo de los a\u00f1os, Microtech\u00ae Knives ha llenado los cuchillos con pasi\u00f3n y habilidad para crear casi obras de arte que son el pin\u00e1culo de la funcionalidad. Todas las piezas se fabrican en los EE. UU.<\/strong><br \/>\n<strong>Todos los cuchillos Microtech vienen con una garant\u00eda de por vida.<\/strong><\/p>\n<p><strong>Transporte gratuito.<\/strong><\/p>\n","protected":false},"featured_media":320828,"comment_status":"open","ping_status":"closed","template":"","meta":[],"pwb-brand":[3752],"product_brand":[],"product_cat":[3726,3729],"product_tag":[3756],"class_list":{"0":"post-320823","1":"product","2":"type-product","3":"status-publish","4":"has-post-thumbnail","6":"pwb-brand-microtecnologia","7":"product_cat-cuchillos","8":"product_cat-cuchillos-de-tiro","9":"product_tag-b2b-es","11":"first","12":"instock","13":"taxable","14":"shipping-taxable","15":"purchasable","16":"product-type-simple"},"brands":[{"id":3752,"name":"microtecnolog\u00eda","slug":"microtecnologia"}],"_links":{"self":[{"href":"https:\/\/www.moskito.cz\/es\/wp-json\/wp\/v2\/product\/320823","targetHints":{"allow":["GET"]}}],"collection":[{"href":"https:\/\/www.moskito.cz\/es\/wp-json\/wp\/v2\/product"}],"about":[{"href":"https:\/\/www.moskito.cz\/es\/wp-json\/wp\/v2\/types\/product"}],"replies":[{"embeddable":true,"href":"https:\/\/www.moskito.cz\/es\/wp-json\/wp\/v2\/comments?post=320823"}],"wp:featuredmedia":[{"embeddable":true,"href":"https:\/\/www.moskito.cz\/es\/wp-json\/wp\/v2\/media\/320828"}],"wp:attachment":[{"href":"https:\/\/www.moskito.cz\/es\/wp-json\/wp\/v2\/media?parent=320823"}],"wp:term":[{"taxonomy":"pwb-brand","embeddable":true,"href":"https:\/\/www.moskito.cz\/es\/wp-json\/wp\/v2\/pwb-brand?post=320823"},{"taxonomy":"product_brand","embeddable":true,"href":"https:\/\/www.moskito.cz\/es\/wp-json\/wp\/v2\/product_brand?post=320823"},{"taxonomy":"product_cat","embeddable":true,"href":"https:\/\/www.moskito.cz\/es\/wp-json\/wp\/v2\/product_cat?post=320823"},{"taxonomy":"product_tag","embeddable":true,"href":"https:\/\/www.moskito.cz\/es\/wp-json\/wp\/v2\/product_tag?post=320823"}],"curies":[{"name":"wp","href":"https:\/\/api.w.org\/{rel}","templated":true}]}}