{"id":320831,"date":"2023-11-10T15:22:55","date_gmt":"2024-03-19T15:23:04","guid":{"rendered":"https:\/\/www.moskito.cz\/produkt\/cuchillo-de-tiro-microtech-utx-85-serie-halloween-231-1hws\/"},"modified":"2025-05-07T11:06:03","modified_gmt":"2025-05-07T10:06:03","slug":"cuchillo-de-tiro-microtech-utx-85-serie-halloween-231-1hws","status":"publish","type":"product","link":"https:\/\/www.moskito.cz\/es\/produkt\/cuchillo-de-tiro-microtech-utx-85-serie-halloween-231-1hws\/","title":{"rendered":"Cuchillo de Tiro Microtech UTX-85 SERIE HALLOWEEN 231-1HWS"},"content":{"rendered":"<p>Cuchillo de tiro <strong>Microtech<\/strong> UTX-85 SERIE HALLOWEEN 231-1HWS<\/p>\n<p>El Microtech UTX-85 es una versi\u00f3n un 15% m\u00e1s peque\u00f1a del querido Ultratech . Cuenta con la misma acci\u00f3n \u00e1gil y confiable, materiales de primera calidad y la misma est\u00e9tica general que su hermano mayor, pero en un paquete m\u00e1s corto. Microtech selecciona materiales de hoja que ofrecen la mejor retenci\u00f3n de bordes, dureza y resistencia a la corrosi\u00f3n, lo que hace que sea un placer trabajar con esta navaja autom\u00e1tica de doble acci\u00f3n OTF. Puede confiar en \u00e9l en situaciones de autodefensa y en un uso intensivo de EDC. Pase lo que pase, UTX-85 te respalda.<\/p>\n<p>El Microtech UTX-85 est\u00e1 disponible en una variedad de colores, formas de hoja y acabados.<\/p>\n<p>Acci\u00f3n: Doble acci\u00f3n: disparo autom\u00e1tico\/retracci\u00f3n autom\u00e1tica<br \/>\nLongitud total: 18,75 cm.<br \/>\nLongitud de la hoja: 7,81 cm<br \/>\nFilo: 7,17 cm.<br \/>\nGrosor de la hoja: 0,32 cm<br \/>\nMaterial de la hoja: Bohler M390<br \/>\nEstilo de hoja: Punta de ca\u00edda &#8211; ACABADO NEGRO<br \/>\nChasis: Aleaci\u00f3n 6061-T6 AL, anodizado con capa dura Mil-Spec naranja &#8211; GRAVINY BAT<br \/>\nMaterial del mango: aluminio<br \/>\nClip de bolsillo: Acero inoxidable 301 &#8211; GRABADO JACK-O-LANTERN<br \/>\nParte superior est\u00e1ndar: aleaci\u00f3n AL 6061-T6<br \/>\nGatillo: acero inoxidable 303<br \/>\nPeso: 2,8 onzas.<br \/>\nHecho en EE.UU<\/p>\n<p><iframe title=\"Microtech Combat Troodon Torture Test\" width=\"800\" height=\"450\" src=\"https:\/\/www.youtube.com\/embed\/xE9TeOFYEjg?feature=oembed\" frameborder=\"0\" allow=\"accelerometer; autoplay; clipboard-write; encrypted-media; gyroscope; picture-in-picture; web-share\" allowfullscreen><\/iframe><\/p>\n<p>&nbsp;<\/p>\n<p>&nbsp;<\/p>\n<p>&nbsp;<\/p>\n","protected":false},"excerpt":{"rendered":"<p><strong>A lo largo de los a\u00f1os, Microtech\u00ae Knives ha llenado los cuchillos con pasi\u00f3n y habilidad para crear casi obras de arte que son el pin\u00e1culo de la funcionalidad. Todas las piezas se fabrican en los EE. UU.<\/strong><br \/>\n<strong>Todos los cuchillos Microtech vienen con una garant\u00eda de por vida.<\/strong><\/p>\n<p><strong>Transporte gratuito.<\/strong><\/p>\n","protected":false},"featured_media":320843,"comment_status":"open","ping_status":"closed","template":"","meta":[],"pwb-brand":[3752],"product_brand":[],"product_cat":[3726,3729],"product_tag":[3756],"class_list":{"0":"post-320831","1":"product","2":"type-product","3":"status-publish","4":"has-post-thumbnail","6":"pwb-brand-microtecnologia","7":"product_cat-cuchillos","8":"product_cat-cuchillos-de-tiro","9":"product_tag-b2b-es","11":"first","12":"outofstock","13":"taxable","14":"shipping-taxable","15":"purchasable","16":"product-type-simple"},"brands":[{"id":3752,"name":"microtecnolog\u00eda","slug":"microtecnologia"}],"_links":{"self":[{"href":"https:\/\/www.moskito.cz\/es\/wp-json\/wp\/v2\/product\/320831","targetHints":{"allow":["GET"]}}],"collection":[{"href":"https:\/\/www.moskito.cz\/es\/wp-json\/wp\/v2\/product"}],"about":[{"href":"https:\/\/www.moskito.cz\/es\/wp-json\/wp\/v2\/types\/product"}],"replies":[{"embeddable":true,"href":"https:\/\/www.moskito.cz\/es\/wp-json\/wp\/v2\/comments?post=320831"}],"wp:featuredmedia":[{"embeddable":true,"href":"https:\/\/www.moskito.cz\/es\/wp-json\/wp\/v2\/media\/320843"}],"wp:attachment":[{"href":"https:\/\/www.moskito.cz\/es\/wp-json\/wp\/v2\/media?parent=320831"}],"wp:term":[{"taxonomy":"pwb-brand","embeddable":true,"href":"https:\/\/www.moskito.cz\/es\/wp-json\/wp\/v2\/pwb-brand?post=320831"},{"taxonomy":"product_brand","embeddable":true,"href":"https:\/\/www.moskito.cz\/es\/wp-json\/wp\/v2\/product_brand?post=320831"},{"taxonomy":"product_cat","embeddable":true,"href":"https:\/\/www.moskito.cz\/es\/wp-json\/wp\/v2\/product_cat?post=320831"},{"taxonomy":"product_tag","embeddable":true,"href":"https:\/\/www.moskito.cz\/es\/wp-json\/wp\/v2\/product_tag?post=320831"}],"curies":[{"name":"wp","href":"https:\/\/api.w.org\/{rel}","templated":true}]}}