{"id":320893,"date":"2023-10-11T13:15:50","date_gmt":"2024-03-19T15:27:54","guid":{"rendered":"https:\/\/www.moskito.cz\/produkt\/cuchillo-de-tiro-microtech-makora-206-1tbis\/"},"modified":"2025-05-07T11:06:05","modified_gmt":"2025-05-07T10:06:05","slug":"cuchillo-de-tiro-microtech-makora-206-1tbis","status":"publish","type":"product","link":"https:\/\/www.moskito.cz\/es\/produkt\/cuchillo-de-tiro-microtech-makora-206-1tbis\/","title":{"rendered":"Cuchillo de tiro Microtech Makora 206-1TBIS"},"content":{"rendered":"<p>Cuchillo de tiro <strong>Microtech<\/strong> Makora 206-1TBIS<\/p>\n<p>El concepto Makora evolucion\u00f3 a partir del famoso dise\u00f1o Microtech Ultratech . Ha sido probado en la pr\u00e1ctica y probado durante varios a\u00f1os. Este dise\u00f1o incluye muchas caracter\u00edsticas que han sido solicitadas y especificadas por usuarios que prefieren esta herramienta altamente efectiva a cualquier otra. El resorte Makora permanece en posici\u00f3n de \u00abreposo\u00bb en todo momento, excepto cuando est\u00e1 extendido. No hay fatiga en el resorte comprimido cuando el cuchillo no est\u00e1 en uso, esto brinda a los usuarios la confianza y seguridad de que cuando se presiona el bot\u00f3n de liberaci\u00f3n, el cuchillo funcionar\u00e1. Otras caracter\u00edsticas incluyen apertura y cierre r\u00e1pidos y eficientes con una sola mano, hoja de acero de primera calidad, clip de bolsillo de doble cara y tornillos a prueba de manipulaciones.<\/p>\n<p>Especificaciones<br \/>\nLongitud de la hoja: 8,25 cm<br \/>\nFilo: 7,81 cm<br \/>\nLargo cerrado: 12,81 cm<br \/>\nLongitud total: 21,3 cm.<br \/>\nAcero: M390<br \/>\nGrosor de la hoja: 0,31 cm.<br \/>\nEstilo de hoja: Daga de doble filo<br \/>\nRectificado de la hoja: Plano<br \/>\nAcabado de la hoja: negro<br \/>\nMaterial del mango: Aluminio aeron\u00e1utico negro con inserciones de tracci\u00f3n negras<br \/>\nGrosor del mango: 1,38 cm.<br \/>\nMecanismo de bloqueo: Deslizante<br \/>\nClip de bolsillo: Titanio (plegable, uso derecho\/izquierdo)<br \/>\nPeso: 3,32 onzas.<br \/>\nDise\u00f1ador: Tony Marfione<br \/>\nN\u00edquel-boro interior<br \/>\nHecho en EE.UU<\/p>\n<p><iframe title=\"Microtech Combat Troodon Torture Test\" width=\"800\" height=\"450\" src=\"https:\/\/www.youtube.com\/embed\/xE9TeOFYEjg?feature=oembed\" frameborder=\"0\" allow=\"accelerometer; autoplay; clipboard-write; encrypted-media; gyroscope; picture-in-picture; web-share\" allowfullscreen><\/iframe><\/p>\n<p>&nbsp;<\/p>\n","protected":false},"excerpt":{"rendered":"<div class=\"elementor-element elementor-element-bbb542b elementor-widget elementor-widget-woocommerce-product-short-description\" data-id=\"bbb542b\" data-element_type=\"widget\" data-widget_type=\"woocommerce-product-short-description.default\">\n<div class=\"elementor-widget-container\">\n<div class=\"woocommerce-product-details__short-description\">\n<p><strong>A lo largo de los a\u00f1os, Microtech\u00ae Knives ha llenado los cuchillos con pasi\u00f3n y habilidad para crear casi obras de arte que son el pin\u00e1culo de la funcionalidad. Todas las piezas se fabrican en los EE. UU.<\/strong><br \/>\n<strong>Todas las cuchillas Microtech est\u00e1n garantizadas de por vida (m\u00edn. 80.000 ciclos, apertura y cierre)<\/strong><\/p>\n<p><strong>Transporte gratuito.<\/strong><\/p>\n<\/div>\n<\/div>\n<\/div>\n","protected":false},"featured_media":320894,"comment_status":"open","ping_status":"closed","template":"","meta":[],"pwb-brand":[3752],"product_brand":[],"product_cat":[3726,3729],"product_tag":[3756],"class_list":{"0":"post-320893","1":"product","2":"type-product","3":"status-publish","4":"has-post-thumbnail","6":"pwb-brand-microtecnologia","7":"product_cat-cuchillos","8":"product_cat-cuchillos-de-tiro","9":"product_tag-b2b-es","11":"first","12":"instock","13":"taxable","14":"shipping-taxable","15":"purchasable","16":"product-type-simple"},"brands":[{"id":3752,"name":"microtecnolog\u00eda","slug":"microtecnologia"}],"_links":{"self":[{"href":"https:\/\/www.moskito.cz\/es\/wp-json\/wp\/v2\/product\/320893","targetHints":{"allow":["GET"]}}],"collection":[{"href":"https:\/\/www.moskito.cz\/es\/wp-json\/wp\/v2\/product"}],"about":[{"href":"https:\/\/www.moskito.cz\/es\/wp-json\/wp\/v2\/types\/product"}],"replies":[{"embeddable":true,"href":"https:\/\/www.moskito.cz\/es\/wp-json\/wp\/v2\/comments?post=320893"}],"wp:featuredmedia":[{"embeddable":true,"href":"https:\/\/www.moskito.cz\/es\/wp-json\/wp\/v2\/media\/320894"}],"wp:attachment":[{"href":"https:\/\/www.moskito.cz\/es\/wp-json\/wp\/v2\/media?parent=320893"}],"wp:term":[{"taxonomy":"pwb-brand","embeddable":true,"href":"https:\/\/www.moskito.cz\/es\/wp-json\/wp\/v2\/pwb-brand?post=320893"},{"taxonomy":"product_brand","embeddable":true,"href":"https:\/\/www.moskito.cz\/es\/wp-json\/wp\/v2\/product_brand?post=320893"},{"taxonomy":"product_cat","embeddable":true,"href":"https:\/\/www.moskito.cz\/es\/wp-json\/wp\/v2\/product_cat?post=320893"},{"taxonomy":"product_tag","embeddable":true,"href":"https:\/\/www.moskito.cz\/es\/wp-json\/wp\/v2\/product_tag?post=320893"}],"curies":[{"name":"wp","href":"https:\/\/api.w.org\/{rel}","templated":true}]}}