{"id":320924,"date":"2023-09-13T18:25:11","date_gmt":"2024-03-19T15:32:13","guid":{"rendered":"https:\/\/www.moskito.cz\/produkt\/cuchillo-de-tiro-microtech-utx-85-cerakote-od-verde-232-1cod\/"},"modified":"2025-05-07T11:06:05","modified_gmt":"2025-05-07T10:06:05","slug":"cuchillo-de-tiro-microtech-utx-85-cerakote-od-verde-232-1cod","status":"publish","type":"product","link":"https:\/\/www.moskito.cz\/es\/produkt\/cuchillo-de-tiro-microtech-utx-85-cerakote-od-verde-232-1cod\/","title":{"rendered":"Cuchillo de Tiro Microtech UTX-85 Cerakote OD Verde 232-1COD"},"content":{"rendered":"<p>Cuchillo de Tiro <strong>Microtech<\/strong> UTX-85 Cerakote OD Verde 232-1COD<\/p>\n<p>Microtech ha actualizado y mejorado el modelo UTX-85. Presenta una ergonom\u00eda mejorada, superficies de mango redondeadas y parches ranurados en los laterales para garantizar un agarre excelente. El bot\u00f3n de disparo ha sido redise\u00f1ado para aumentar el contacto con la superficie para un compromiso efectivo, y el rompevidrios tiene una punta de bola incrustada en la base con dise\u00f1o de tri\u00e1ngulo para mejorar sus patrones de uso diario. El UTX-85 est\u00e1 basado en la plataforma Ultratech y est\u00e1 reducida al 85% de su longitud. El UTX-85 es una opci\u00f3n atractiva para aquellos que prefieren una navaja EDC m\u00e1s peque\u00f1a y aprecian la acci\u00f3n frontal de alto rendimiento y la excepcional calidad de construcci\u00f3n <strong>de Microtech<\/strong> .<\/p>\n<p>Este modelo cuenta con una b\u00e1scula con mango de aluminio OD Green Cerakote. Hoja de daga verde OD fabricada en acero inoxidable M390 con revestimiento Cerakote. Herrajes Cerakote terminados, clip de bolsillo y punta para romper vidrio. El clip de bolsillo tiene el logotipo de la garra de Microtech, el n\u00famero de serie y la fecha de fabricaci\u00f3n.<\/p>\n<p>Pa\u00eds de origen: EE.UU.<br \/>\nLongitud de la hoja: 8 cm<br \/>\nLongitud total: 19 cm<br \/>\nMaterial del mango: Aluminio<br \/>\nMaterial de la hoja: M390<br \/>\nEstilo de hoja: Daga de doble filo<br \/>\nTratamiento de la superficie de la hoja: Cerakote<br \/>\nTipo de borde: Est\u00e1ndar<br \/>\nModelo\/Patr\u00f3n: UTX-85<br \/>\nTipo de cuchillo: OTF autom\u00e1tico de doble acci\u00f3n<br \/>\nTipo de bloqueo: frontal<\/p>\n<p><iframe title=\"Microtech Combat Troodon Torture Test\" width=\"800\" height=\"450\" src=\"https:\/\/www.youtube.com\/embed\/xE9TeOFYEjg?feature=oembed\" frameborder=\"0\" allow=\"accelerometer; autoplay; clipboard-write; encrypted-media; gyroscope; picture-in-picture; web-share\" allowfullscreen><\/iframe><\/p>\n<p>&nbsp;<\/p>\n","protected":false},"excerpt":{"rendered":"<p><strong>A lo largo de los a\u00f1os, Microtech\u00ae Knives ha llenado los cuchillos con pasi\u00f3n y habilidad para crear casi obras de arte que son el pin\u00e1culo de la funcionalidad. Todas las piezas se fabrican en los EE. UU.<\/strong><br \/>\n<strong>Todos los cuchillos Microtech vienen con una garant\u00eda de por vida.<\/strong><\/p>\n<p><strong>Transporte gratuito<\/strong><\/p>\n","protected":false},"featured_media":320925,"comment_status":"open","ping_status":"closed","template":"","meta":[],"pwb-brand":[3752],"product_brand":[],"product_cat":[3726,3729],"product_tag":[3756],"class_list":{"0":"post-320924","1":"product","2":"type-product","3":"status-publish","4":"has-post-thumbnail","6":"pwb-brand-microtecnologia","7":"product_cat-cuchillos","8":"product_cat-cuchillos-de-tiro","9":"product_tag-b2b-es","11":"first","12":"outofstock","13":"taxable","14":"shipping-taxable","15":"purchasable","16":"product-type-simple"},"brands":[{"id":3752,"name":"microtecnolog\u00eda","slug":"microtecnologia"}],"_links":{"self":[{"href":"https:\/\/www.moskito.cz\/es\/wp-json\/wp\/v2\/product\/320924","targetHints":{"allow":["GET"]}}],"collection":[{"href":"https:\/\/www.moskito.cz\/es\/wp-json\/wp\/v2\/product"}],"about":[{"href":"https:\/\/www.moskito.cz\/es\/wp-json\/wp\/v2\/types\/product"}],"replies":[{"embeddable":true,"href":"https:\/\/www.moskito.cz\/es\/wp-json\/wp\/v2\/comments?post=320924"}],"wp:featuredmedia":[{"embeddable":true,"href":"https:\/\/www.moskito.cz\/es\/wp-json\/wp\/v2\/media\/320925"}],"wp:attachment":[{"href":"https:\/\/www.moskito.cz\/es\/wp-json\/wp\/v2\/media?parent=320924"}],"wp:term":[{"taxonomy":"pwb-brand","embeddable":true,"href":"https:\/\/www.moskito.cz\/es\/wp-json\/wp\/v2\/pwb-brand?post=320924"},{"taxonomy":"product_brand","embeddable":true,"href":"https:\/\/www.moskito.cz\/es\/wp-json\/wp\/v2\/product_brand?post=320924"},{"taxonomy":"product_cat","embeddable":true,"href":"https:\/\/www.moskito.cz\/es\/wp-json\/wp\/v2\/product_cat?post=320924"},{"taxonomy":"product_tag","embeddable":true,"href":"https:\/\/www.moskito.cz\/es\/wp-json\/wp\/v2\/product_tag?post=320924"}],"curies":[{"name":"wp","href":"https:\/\/api.w.org\/{rel}","templated":true}]}}