{"id":320929,"date":"2023-09-13T18:51:35","date_gmt":"2024-03-19T15:33:24","guid":{"rendered":"https:\/\/www.moskito.cz\/produkt\/cuchillo-de-tiro-microtech-utx-85-signature-232-1dlctuls\/"},"modified":"2025-05-07T11:06:06","modified_gmt":"2025-05-07T10:06:06","slug":"cuchillo-de-tiro-microtech-utx-85-signature-232-1dlctuls","status":"publish","type":"product","link":"https:\/\/www.moskito.cz\/es\/produkt\/cuchillo-de-tiro-microtech-utx-85-signature-232-1dlctuls\/","title":{"rendered":"Cuchillo de tiro Microtech UTX-85 Signature 232-1DLCTULS"},"content":{"rendered":"<p>Cuchillo de tiro <strong>Microtech<\/strong> UTX-85 Signature 232-1DLCTULS<\/p>\n<p>Con un tama\u00f1o 85% <strong>Ultratech<\/strong> , el UTX-85 ha sido dise\u00f1ado para caber perfectamente en la mano, lo que lo convierte en una excelente opci\u00f3n para el uso diario. El mecanismo de disparo es m\u00e1s f\u00e1cil de operar que un Ultratech de tama\u00f1o completo y es ideal para manos m\u00e1s peque\u00f1as o sensibles. El UTX-85 todav\u00eda incluye un rompecristales completamente funcional junto con todas las caracter\u00edsticas de un <strong>Ultratech<\/strong> completo.<\/p>\n<p>Material de la hoja: MagnaCut<br \/>\nMaterial del mango: Ultem (polieterimida)<br \/>\nLongitud total: 18,75 cm.<br \/>\nLongitud de la hoja: 7,81 cm<br \/>\nFilo: 7,17 cm.<br \/>\nAcero: M390<br \/>\nPeso: 3,10 onzas<br \/>\nTipo de cuchillo: OTF de doble acci\u00f3n<br \/>\nPa\u00eds de origen: EE.UU.<\/p>\n<p><iframe title=\"Microtech Combat Troodon Torture Test\" width=\"800\" height=\"450\" src=\"https:\/\/www.youtube.com\/embed\/xE9TeOFYEjg?feature=oembed\" frameborder=\"0\" allow=\"accelerometer; autoplay; clipboard-write; encrypted-media; gyroscope; picture-in-picture; web-share\" allowfullscreen><\/iframe><\/p>\n<p>&nbsp;<\/p>\n","protected":false},"excerpt":{"rendered":"<p><strong>A lo largo de los a\u00f1os, Microtech\u00ae Knives ha llenado los cuchillos con pasi\u00f3n y habilidad para crear casi obras de arte que son el pin\u00e1culo de la funcionalidad. Todas las piezas se fabrican en los EE. UU.<\/strong><br \/>\n<strong>Todos los cuchillos Microtech vienen con una garant\u00eda de por vida.<\/strong><\/p>\n<p><strong>Transporte gratuito.<\/strong><\/p>\n","protected":false},"featured_media":320930,"comment_status":"open","ping_status":"closed","template":"","meta":[],"pwb-brand":[3752],"product_brand":[],"product_cat":[3726,3729],"product_tag":[3756],"class_list":{"0":"post-320929","1":"product","2":"type-product","3":"status-publish","4":"has-post-thumbnail","6":"pwb-brand-microtecnologia","7":"product_cat-cuchillos","8":"product_cat-cuchillos-de-tiro","9":"product_tag-b2b-es","11":"first","12":"outofstock","13":"taxable","14":"shipping-taxable","15":"purchasable","16":"product-type-simple"},"brands":[{"id":3752,"name":"microtecnolog\u00eda","slug":"microtecnologia"}],"_links":{"self":[{"href":"https:\/\/www.moskito.cz\/es\/wp-json\/wp\/v2\/product\/320929","targetHints":{"allow":["GET"]}}],"collection":[{"href":"https:\/\/www.moskito.cz\/es\/wp-json\/wp\/v2\/product"}],"about":[{"href":"https:\/\/www.moskito.cz\/es\/wp-json\/wp\/v2\/types\/product"}],"replies":[{"embeddable":true,"href":"https:\/\/www.moskito.cz\/es\/wp-json\/wp\/v2\/comments?post=320929"}],"wp:featuredmedia":[{"embeddable":true,"href":"https:\/\/www.moskito.cz\/es\/wp-json\/wp\/v2\/media\/320930"}],"wp:attachment":[{"href":"https:\/\/www.moskito.cz\/es\/wp-json\/wp\/v2\/media?parent=320929"}],"wp:term":[{"taxonomy":"pwb-brand","embeddable":true,"href":"https:\/\/www.moskito.cz\/es\/wp-json\/wp\/v2\/pwb-brand?post=320929"},{"taxonomy":"product_brand","embeddable":true,"href":"https:\/\/www.moskito.cz\/es\/wp-json\/wp\/v2\/product_brand?post=320929"},{"taxonomy":"product_cat","embeddable":true,"href":"https:\/\/www.moskito.cz\/es\/wp-json\/wp\/v2\/product_cat?post=320929"},{"taxonomy":"product_tag","embeddable":true,"href":"https:\/\/www.moskito.cz\/es\/wp-json\/wp\/v2\/product_tag?post=320929"}],"curies":[{"name":"wp","href":"https:\/\/api.w.org\/{rel}","templated":true}]}}