{"id":321047,"date":"2023-10-11T12:47:55","date_gmt":"2024-03-19T17:32:18","guid":{"rendered":"https:\/\/www.moskito.cz\/produkt\/cuchillo-de-cierre-microtech-socom-bravo-titanio-carbono-261-1dlctcfti\/"},"modified":"2025-05-07T11:06:09","modified_gmt":"2025-05-07T10:06:09","slug":"cuchillo-de-cierre-microtech-socom-bravo-titanio-carbono-261-1dlctcfti","status":"publish","type":"product","link":"https:\/\/www.moskito.cz\/es\/produkt\/cuchillo-de-cierre-microtech-socom-bravo-titanio-carbono-261-1dlctcfti\/","title":{"rendered":"Cuchillo de cierre Microtech Socom Bravo Titanio Carbono 261-1DLCTCFTI"},"content":{"rendered":"<p>Cuchillo de cierre <strong>Microtech<\/strong> Socom Bravo Titanio Carbono 261-1DLCTCFTI<\/p>\n<p>Dise\u00f1ado por <strong>Microtech<\/strong> y fabricado por Rike Knife, <strong>el Socom Bravo<\/strong> es un cuchillo de colaboraci\u00f3n inspirado en el cl\u00e1sico Socom. Esta sierra de calar de mano es un excelente cuchillo t\u00e1ctico de alta resistencia. Cuenta con un mango de titanio 6Al4V reforzado con cachas de fibra de carbono y se ofrece con hoja de un solo filo y hoja tanto. El orificio para el cord\u00f3n y el clip para el bolsillo permiten un uso funcional y la ergonom\u00eda sigue siendo una de las mejores del sector.<\/p>\n<p>Especificaciones:<\/p>\n<p>Longitud total: 22,5 cm.<br \/>\nLongitud de la hoja: 10 cm<br \/>\nLongitud del mango: 12,5 cm<br \/>\nMaterial de la hoja: M390<br \/>\nEstilo de hoja: Tanto<br \/>\nRectificado de la hoja: Plano<br \/>\nAcabado de la hoja: DLC negro<br \/>\nMaterial del mango: titanio 6Al4V reforzado con DLC negro con escala de fibra de carbono<br \/>\nMecanismo de bloqueo: Bloqueo de marco<br \/>\nConjunto de pasador: rodamientos<br \/>\nClip de bolsillo: titanio DLC negro (plegable, uso derecho)<br \/>\nPeso: 4,67 onzas.<br \/>\nDise\u00f1ador: Tony Marfione<\/p>\n<p><iframe title=\"SOCOM Bravo: Limited Edition Serrated and Signed by Anthony Marfione\" width=\"800\" height=\"450\" src=\"https:\/\/www.youtube.com\/embed\/_cp-uC2gPBM?feature=oembed\" frameborder=\"0\" allow=\"accelerometer; autoplay; clipboard-write; encrypted-media; gyroscope; picture-in-picture; web-share\" allowfullscreen><\/iframe><\/p>\n<p>&nbsp;<\/p>\n<p><iframe title=\"Microtech Combat Troodon Torture Test\" width=\"800\" height=\"450\" src=\"https:\/\/www.youtube.com\/embed\/xE9TeOFYEjg?feature=oembed\" frameborder=\"0\" allow=\"accelerometer; autoplay; clipboard-write; encrypted-media; gyroscope; picture-in-picture; web-share\" allowfullscreen><\/iframe><\/p>\n<p>&nbsp;<\/p>\n<p>&nbsp;<\/p>\n","protected":false},"excerpt":{"rendered":"<div class=\"elementor-element elementor-element-bbb542b elementor-widget elementor-widget-woocommerce-product-short-description\" data-id=\"bbb542b\" data-element_type=\"widget\" data-widget_type=\"woocommerce-product-short-description.default\">\n<div class=\"elementor-widget-container\">\n<div class=\"woocommerce-product-details__short-description\">\n<p><strong>A lo largo de los a\u00f1os, Microtech\u00ae Knives ha llenado los cuchillos con pasi\u00f3n y habilidad para crear casi obras de arte que son el pin\u00e1culo de la funcionalidad. Todas las piezas se fabrican en los EE. UU.<\/strong><br \/>\n<strong>Todos los cuchillos Microtech vienen con una garant\u00eda de por vida.<\/strong><\/p>\n<p><strong>Transporte gratuito.<\/strong><\/p>\n<\/div>\n<\/div>\n<\/div>\n","protected":false},"featured_media":321057,"comment_status":"open","ping_status":"closed","template":"","meta":[],"pwb-brand":[3752],"product_brand":[],"product_cat":[3730,3726],"product_tag":[3756],"class_list":{"0":"post-321047","1":"product","2":"type-product","3":"status-publish","4":"has-post-thumbnail","6":"pwb-brand-microtecnologia","7":"product_cat-cuchillas-de-cierre","8":"product_cat-cuchillos","9":"product_tag-b2b-es","11":"first","12":"outofstock","13":"taxable","14":"shipping-taxable","15":"purchasable","16":"product-type-simple"},"brands":[{"id":3752,"name":"microtecnolog\u00eda","slug":"microtecnologia"}],"_links":{"self":[{"href":"https:\/\/www.moskito.cz\/es\/wp-json\/wp\/v2\/product\/321047","targetHints":{"allow":["GET"]}}],"collection":[{"href":"https:\/\/www.moskito.cz\/es\/wp-json\/wp\/v2\/product"}],"about":[{"href":"https:\/\/www.moskito.cz\/es\/wp-json\/wp\/v2\/types\/product"}],"replies":[{"embeddable":true,"href":"https:\/\/www.moskito.cz\/es\/wp-json\/wp\/v2\/comments?post=321047"}],"wp:featuredmedia":[{"embeddable":true,"href":"https:\/\/www.moskito.cz\/es\/wp-json\/wp\/v2\/media\/321057"}],"wp:attachment":[{"href":"https:\/\/www.moskito.cz\/es\/wp-json\/wp\/v2\/media?parent=321047"}],"wp:term":[{"taxonomy":"pwb-brand","embeddable":true,"href":"https:\/\/www.moskito.cz\/es\/wp-json\/wp\/v2\/pwb-brand?post=321047"},{"taxonomy":"product_brand","embeddable":true,"href":"https:\/\/www.moskito.cz\/es\/wp-json\/wp\/v2\/product_brand?post=321047"},{"taxonomy":"product_cat","embeddable":true,"href":"https:\/\/www.moskito.cz\/es\/wp-json\/wp\/v2\/product_cat?post=321047"},{"taxonomy":"product_tag","embeddable":true,"href":"https:\/\/www.moskito.cz\/es\/wp-json\/wp\/v2\/product_tag?post=321047"}],"curies":[{"name":"wp","href":"https:\/\/api.w.org\/{rel}","templated":true}]}}