{"id":321084,"date":"2023-10-12T18:53:18","date_gmt":"2024-03-19T17:32:20","guid":{"rendered":"https:\/\/www.moskito.cz\/produkt\/cuchillo-de-tiro-microtech-ludt-apocalyptic-135-10apod\/"},"modified":"2025-05-07T11:06:10","modified_gmt":"2025-05-07T10:06:10","slug":"cuchillo-de-tiro-microtech-ludt-apocalyptic-135-10apod","status":"publish","type":"product","link":"https:\/\/www.moskito.cz\/es\/produkt\/cuchillo-de-tiro-microtech-ludt-apocalyptic-135-10apod\/","title":{"rendered":"Cuchillo de tiro Microtech LUDT Apocalyptic 135-10APOD"},"content":{"rendered":"<p>Cuchillo de tiro <strong>Microtech<\/strong> LUDT Apocalyptic 135-10APOD<\/p>\n<p><strong>El LUDT<\/strong> es una versi\u00f3n grande del cuchillo Underwater Demolition Team. A mediados de los 90 Durante a\u00f1os lleg\u00f3 al mercado de cuchillos y r\u00e1pidamente se convirti\u00f3 en uno de los cuchillos m\u00e1s vendidos en la historia de Microtech. A lo largo de los a\u00f1os, <strong>LUDT<\/strong> se ha ido moldeando y cambiando para adaptarse a un mercado en constante cambio. LUDT ha sido descontinuado de la l\u00ednea Microtech por un tiempo, por lo que estamos encantados de tenerlo de vuelta.<\/p>\n<p>La hoja <strong>LUDT<\/strong> 135-10 tiene un dorso coronado, un cable para el pulgar y una punta reforzada para una m\u00e1xima eficiencia de penetraci\u00f3n sin comprometer la punta. El acabado apocal\u00edptico de la hoja es extremadamente duradero y el mango verde OD la convierte en un componente ideal para EDC. El mango est\u00e1 mecanizado a partir de aluminio aeron\u00e1utico fresado para mayor resistencia y peso ligero. Es ergon\u00f3mica, ultrarr\u00e1pida y simplemente una incre\u00edble hoja vers\u00e1til. Este cuchillo ha sido probado repetidamente y estamos muy felices de volver a utilizarlo. Incluye cord\u00f3n y tornillos resistentes a manipulaciones.<\/p>\n<p>Especificaciones<br \/>\nApertura autom\u00e1tica &#8211; abridor lateral<br \/>\nAcero: M390<br \/>\nLongitud de la hoja: 8,42 cm<br \/>\nGrosor de la hoja: 0,31 cm.<br \/>\nEstilo de hoja: Punto de ca\u00edda apocal\u00edptico de un solo filo<br \/>\nMaterial del mango: aluminio OD Green 6061-T6<br \/>\nLargo cerrado: 12 cm<br \/>\nLargo abierto: 20 cm<br \/>\nMaterial del clip de bolsillo: acero inoxidable 301.<br \/>\nHecho en EE.UU<\/p>\n<p><iframe title=\"Microtech Combat Troodon Torture Test\" width=\"800\" height=\"450\" src=\"https:\/\/www.youtube.com\/embed\/xE9TeOFYEjg?feature=oembed\" frameborder=\"0\" allow=\"accelerometer; autoplay; clipboard-write; encrypted-media; gyroscope; picture-in-picture; web-share\" allowfullscreen><\/iframe><\/p>\n<p>&nbsp;<\/p>\n","protected":false},"excerpt":{"rendered":"<p><strong>A lo largo de los a\u00f1os, Microtech\u00ae Knives ha llenado los cuchillos con pasi\u00f3n y habilidad para crear casi obras de arte que son el pin\u00e1culo de la funcionalidad. Todas las piezas se fabrican en los EE. UU.<\/strong><br \/>\n<strong>Todos los cuchillos Microtech vienen con una garant\u00eda de por vida.<\/strong><\/p>\n<p><strong>Transporte gratuito.<\/strong><\/p>\n","protected":false},"featured_media":321099,"comment_status":"open","ping_status":"closed","template":"","meta":[],"pwb-brand":[3752],"product_brand":[],"product_cat":[3726,3729],"product_tag":[3756],"class_list":{"0":"post-321084","1":"product","2":"type-product","3":"status-publish","4":"has-post-thumbnail","6":"pwb-brand-microtecnologia","7":"product_cat-cuchillos","8":"product_cat-cuchillos-de-tiro","9":"product_tag-b2b-es","11":"first","12":"outofstock","13":"taxable","14":"shipping-taxable","15":"purchasable","16":"product-type-simple"},"brands":[{"id":3752,"name":"microtecnolog\u00eda","slug":"microtecnologia"}],"_links":{"self":[{"href":"https:\/\/www.moskito.cz\/es\/wp-json\/wp\/v2\/product\/321084","targetHints":{"allow":["GET"]}}],"collection":[{"href":"https:\/\/www.moskito.cz\/es\/wp-json\/wp\/v2\/product"}],"about":[{"href":"https:\/\/www.moskito.cz\/es\/wp-json\/wp\/v2\/types\/product"}],"replies":[{"embeddable":true,"href":"https:\/\/www.moskito.cz\/es\/wp-json\/wp\/v2\/comments?post=321084"}],"wp:featuredmedia":[{"embeddable":true,"href":"https:\/\/www.moskito.cz\/es\/wp-json\/wp\/v2\/media\/321099"}],"wp:attachment":[{"href":"https:\/\/www.moskito.cz\/es\/wp-json\/wp\/v2\/media?parent=321084"}],"wp:term":[{"taxonomy":"pwb-brand","embeddable":true,"href":"https:\/\/www.moskito.cz\/es\/wp-json\/wp\/v2\/pwb-brand?post=321084"},{"taxonomy":"product_brand","embeddable":true,"href":"https:\/\/www.moskito.cz\/es\/wp-json\/wp\/v2\/product_brand?post=321084"},{"taxonomy":"product_cat","embeddable":true,"href":"https:\/\/www.moskito.cz\/es\/wp-json\/wp\/v2\/product_cat?post=321084"},{"taxonomy":"product_tag","embeddable":true,"href":"https:\/\/www.moskito.cz\/es\/wp-json\/wp\/v2\/product_tag?post=321084"}],"curies":[{"name":"wp","href":"https:\/\/api.w.org\/{rel}","templated":true}]}}