{"id":321107,"date":"2023-10-16T15:46:53","date_gmt":"2024-03-19T17:32:21","guid":{"rendered":"https:\/\/www.moskito.cz\/produkt\/cuchillo-de-tiro-microtech-ultratech-hellhound-signature-series-119-1ods\/"},"modified":"2025-05-07T11:06:11","modified_gmt":"2025-05-07T10:06:11","slug":"cuchillo-de-tiro-microtech-ultratech-hellhound-signature-series-119-1ods","status":"publish","type":"product","link":"https:\/\/www.moskito.cz\/es\/produkt\/cuchillo-de-tiro-microtech-ultratech-hellhound-signature-series-119-1ods\/","title":{"rendered":"Cuchillo de tiro Microtech Ultratech Hellhound Signature Series 119-1ODS"},"content":{"rendered":"<p><strong>Microtech<\/strong> Ultratech Hellhound Signature Series Cuchillo de tiro 119-1ODS<\/p>\n<p>Ultratech siempre establecer\u00e1 el est\u00e1ndar para todos los cuchillos frontales. El Ultratech es el cuchillo frontal de doble acci\u00f3n original de Microtech y fue la base de toda su l\u00ednea OTF. Ha sufrido varias modificaciones a lo largo de los a\u00f1os, volvi\u00e9ndose cada vez m\u00e1s eficiente y fiable. Esta versi\u00f3n tiene un mango moldeado mejorado con un deslizador texturizado para el pulgar. El resorte Ultratech permanece en posici\u00f3n de \u00abreposo\u00bb en todo momento, excepto cuando est\u00e1 estirado. Esto asegura que el resorte comprimido no se canse, asegurando a los usuarios que cuando se dispare el cuchillo, funcionar\u00e1 de manera efectiva. La ultratecnolog\u00eda puede adoptar muchas formas diferentes; Se puede rematar con un mango de aluminio mecanizado est\u00e1ndar o con una pieza de fibra de carbono. La apertura y cierre liviano con una sola mano, la forma delgada y la hoja afilada como un bistur\u00ed de Ultratech lo convierten en un cuchillo \u00fanico que solo est\u00e1 disponible en Microtech. Este cuchillo ha demostrado una y otra vez que puede resistir cualquier obst\u00e1culo. S\u00f3lo el tiempo dir\u00e1 cu\u00e1l ser\u00e1 el siguiente paso de la l\u00ednea <strong>Ultratech<\/strong> .<\/p>\n<p>Longitud total: 21,2 cm<br \/>\nLargo cerrado: 12,7 cm<br \/>\nLongitud de la hoja: 8,5 cm<br \/>\nGrosor de la hoja: 0,32 cm.<br \/>\nAcabado de la hoja: negro<br \/>\nEstilo de hoja: Perro del infierno<br \/>\nAcero: M390<br \/>\nMaterial del mango: Aluminio verde OD<br \/>\nGrosor del mango: 1,2 cm.<br \/>\nClip de bolsillo: inclinado hacia abajo<br \/>\nPeso: 3,5 oz (99,23 g)<br \/>\nRef. del fabricante. #: 119-1ODS<br \/>\nPa\u00eds de origen: EE.UU.<\/p>\n<p><iframe title=\"Microtech Combat Troodon Torture Test\" width=\"800\" height=\"450\" src=\"https:\/\/www.youtube.com\/embed\/xE9TeOFYEjg?feature=oembed\" frameborder=\"0\" allow=\"accelerometer; autoplay; clipboard-write; encrypted-media; gyroscope; picture-in-picture; web-share\" allowfullscreen><\/iframe><\/p>\n<p>&nbsp;<\/p>\n<p>&nbsp;<\/p>\n<p>&nbsp;<\/p>\n<p>&nbsp;<\/p>\n","protected":false},"excerpt":{"rendered":"<div class=\"elementor-element elementor-element-bbb542b elementor-widget elementor-widget-woocommerce-product-short-description\" data-id=\"bbb542b\" data-element_type=\"widget\" data-widget_type=\"woocommerce-product-short-description.default\">\n<div class=\"elementor-widget-container\">\n<div class=\"woocommerce-product-details__short-description\">\n<p><strong>A lo largo de los a\u00f1os, Microtech\u00ae Knives ha llenado los cuchillos con pasi\u00f3n y habilidad para crear casi obras de arte que son el pin\u00e1culo de la funcionalidad. Todas las piezas se fabrican en los EE. UU.<\/strong><br \/>\n<strong>Todos los cuchillos Microtech vienen con una garant\u00eda de por vida.<\/strong><\/p>\n<p><strong>Transporte gratuito.<\/strong><\/p>\n<\/div>\n<\/div>\n<\/div>\n","protected":false},"featured_media":321111,"comment_status":"open","ping_status":"closed","template":"","meta":[],"pwb-brand":[3752],"product_brand":[],"product_cat":[3726,3729],"product_tag":[3756],"class_list":{"0":"post-321107","1":"product","2":"type-product","3":"status-publish","4":"has-post-thumbnail","6":"pwb-brand-microtecnologia","7":"product_cat-cuchillos","8":"product_cat-cuchillos-de-tiro","9":"product_tag-b2b-es","11":"first","12":"instock","13":"taxable","14":"shipping-taxable","15":"purchasable","16":"product-type-simple"},"brands":[{"id":3752,"name":"microtecnolog\u00eda","slug":"microtecnologia"}],"_links":{"self":[{"href":"https:\/\/www.moskito.cz\/es\/wp-json\/wp\/v2\/product\/321107","targetHints":{"allow":["GET"]}}],"collection":[{"href":"https:\/\/www.moskito.cz\/es\/wp-json\/wp\/v2\/product"}],"about":[{"href":"https:\/\/www.moskito.cz\/es\/wp-json\/wp\/v2\/types\/product"}],"replies":[{"embeddable":true,"href":"https:\/\/www.moskito.cz\/es\/wp-json\/wp\/v2\/comments?post=321107"}],"wp:featuredmedia":[{"embeddable":true,"href":"https:\/\/www.moskito.cz\/es\/wp-json\/wp\/v2\/media\/321111"}],"wp:attachment":[{"href":"https:\/\/www.moskito.cz\/es\/wp-json\/wp\/v2\/media?parent=321107"}],"wp:term":[{"taxonomy":"pwb-brand","embeddable":true,"href":"https:\/\/www.moskito.cz\/es\/wp-json\/wp\/v2\/pwb-brand?post=321107"},{"taxonomy":"product_brand","embeddable":true,"href":"https:\/\/www.moskito.cz\/es\/wp-json\/wp\/v2\/product_brand?post=321107"},{"taxonomy":"product_cat","embeddable":true,"href":"https:\/\/www.moskito.cz\/es\/wp-json\/wp\/v2\/product_cat?post=321107"},{"taxonomy":"product_tag","embeddable":true,"href":"https:\/\/www.moskito.cz\/es\/wp-json\/wp\/v2\/product_tag?post=321107"}],"curies":[{"name":"wp","href":"https:\/\/api.w.org\/{rel}","templated":true}]}}