{"id":321132,"date":"2023-10-17T14:59:11","date_gmt":"2024-03-19T17:32:23","guid":{"rendered":"https:\/\/www.moskito.cz\/produkt\/cuchillo-de-tiro-microtech-combat-troodon-turquesa-stonewash-143-10tq\/"},"modified":"2025-05-07T11:06:12","modified_gmt":"2025-05-07T10:06:12","slug":"cuchillo-de-tiro-microtech-combat-troodon-turquesa-stonewash-143-10tq","status":"publish","type":"product","link":"https:\/\/www.moskito.cz\/es\/produkt\/cuchillo-de-tiro-microtech-combat-troodon-turquesa-stonewash-143-10tq\/","title":{"rendered":"Cuchillo de tiro Microtech Combat Troodon turquesa Stonewash 143-10TQ"},"content":{"rendered":"<p>Cuchillo de tiro <strong>Microtech<\/strong> Combat Troodon turquesa Stonewash 143-10TQ<\/p>\n<p>El cuchillo OTF de mayor producci\u00f3n de Microtech Knives lleva el nombre del dinosaurio Troodon. Combat Troodon es una versi\u00f3n realmente grande del popular Troodon. A pesar de su tama\u00f1o, el mango resulta delgado y c\u00f3modo. La acci\u00f3n, por supuesto, es excelente en Microtech, como era de esperar. \u00a1Grandes y malos!<\/p>\n<p>Este modelo cuenta con mango de aluminio 6061-T6 anodizado color turquesa con moleteado y moleteado para un mejor agarre. Hoja de acero inoxidable M390 de un solo filo con acabado Stonewash con filo est\u00e1ndar. Rompecristales de acero inoxidable con chorro de perlas, clip de bolsillo de doble cara y herrajes. El clip de bolsillo tiene el logo de Microtech. La hoja tiene informaci\u00f3n del modelo. El mango presenta el logotipo de Microtech Claw, el n\u00famero de serie y la fecha de fabricaci\u00f3n.<\/p>\n<p>Longitud total: 24,2 cm.<br \/>\nLargo cerrado: 14,6 cm<br \/>\nLongitud de la hoja: 9,7 cm<br \/>\nGrosor de la hoja: 0,32 cm.<br \/>\nTratamiento superficial de la hoja: Lavado a la piedra<br \/>\nEstilo de hoja: Punto de ca\u00edda<br \/>\nEstilo de borde: liso<\/p>\n<p>Material de la hoja: M390<br \/>\nMaterial del mango: Aluminio<br \/>\nTratamiento superficial de la hoja: Stonewash<br \/>\nTipo de borde: Est\u00e1ndar<br \/>\nModelo\/Patr\u00f3n: Troodon de combate<br \/>\nTipo de cuchillo: OTF autom\u00e1tico de doble acci\u00f3n<br \/>\nTipo de bloqueo: frontal<\/p>\n<p><iframe title=\"Microtech Combat Troodon Torture Test\" width=\"800\" height=\"450\" src=\"https:\/\/www.youtube.com\/embed\/xE9TeOFYEjg?feature=oembed\" frameborder=\"0\" allow=\"accelerometer; autoplay; clipboard-write; encrypted-media; gyroscope; picture-in-picture; web-share\" allowfullscreen><\/iframe><\/p>\n<p>&nbsp;<\/p>\n<p>&nbsp;<\/p>\n<p>&nbsp;<\/p>\n","protected":false},"excerpt":{"rendered":"<div class=\"elementor-element elementor-element-bbb542b elementor-widget elementor-widget-woocommerce-product-short-description\" data-id=\"bbb542b\" data-element_type=\"widget\" data-widget_type=\"woocommerce-product-short-description.default\">\n<div class=\"elementor-widget-container\">\n<div class=\"woocommerce-product-details__short-description\">\n<p><strong>A lo largo de los a\u00f1os, Microtech\u00ae Knives ha llenado los cuchillos con pasi\u00f3n y habilidad para crear casi obras de arte que son el pin\u00e1culo de la funcionalidad. Todas las piezas se fabrican en los EE. UU.<\/strong><br \/>\n<strong>Todos los cuchillos Microtech vienen con una garant\u00eda de por vida.<\/strong><\/p>\n<p><strong>Transporte gratuito.<\/strong><\/p>\n<\/div>\n<\/div>\n<\/div>\n","protected":false},"featured_media":321139,"comment_status":"open","ping_status":"closed","template":"","meta":[],"pwb-brand":[3752],"product_brand":[],"product_cat":[3726,3729],"product_tag":[3756],"class_list":{"0":"post-321132","1":"product","2":"type-product","3":"status-publish","4":"has-post-thumbnail","6":"pwb-brand-microtecnologia","7":"product_cat-cuchillos","8":"product_cat-cuchillos-de-tiro","9":"product_tag-b2b-es","11":"first","12":"outofstock","13":"taxable","14":"shipping-taxable","15":"purchasable","16":"product-type-simple"},"brands":[{"id":3752,"name":"microtecnolog\u00eda","slug":"microtecnologia"}],"_links":{"self":[{"href":"https:\/\/www.moskito.cz\/es\/wp-json\/wp\/v2\/product\/321132","targetHints":{"allow":["GET"]}}],"collection":[{"href":"https:\/\/www.moskito.cz\/es\/wp-json\/wp\/v2\/product"}],"about":[{"href":"https:\/\/www.moskito.cz\/es\/wp-json\/wp\/v2\/types\/product"}],"replies":[{"embeddable":true,"href":"https:\/\/www.moskito.cz\/es\/wp-json\/wp\/v2\/comments?post=321132"}],"wp:featuredmedia":[{"embeddable":true,"href":"https:\/\/www.moskito.cz\/es\/wp-json\/wp\/v2\/media\/321139"}],"wp:attachment":[{"href":"https:\/\/www.moskito.cz\/es\/wp-json\/wp\/v2\/media?parent=321132"}],"wp:term":[{"taxonomy":"pwb-brand","embeddable":true,"href":"https:\/\/www.moskito.cz\/es\/wp-json\/wp\/v2\/pwb-brand?post=321132"},{"taxonomy":"product_brand","embeddable":true,"href":"https:\/\/www.moskito.cz\/es\/wp-json\/wp\/v2\/product_brand?post=321132"},{"taxonomy":"product_cat","embeddable":true,"href":"https:\/\/www.moskito.cz\/es\/wp-json\/wp\/v2\/product_cat?post=321132"},{"taxonomy":"product_tag","embeddable":true,"href":"https:\/\/www.moskito.cz\/es\/wp-json\/wp\/v2\/product_tag?post=321132"}],"curies":[{"name":"wp","href":"https:\/\/api.w.org\/{rel}","templated":true}]}}