{"id":321136,"date":"2023-10-11T18:52:07","date_gmt":"2024-03-19T17:32:23","guid":{"rendered":"https:\/\/www.moskito.cz\/produkt\/cuchillo-de-tiro-microtech-combat-troodon-stonewashed-143-10bl\/"},"modified":"2025-05-07T11:06:12","modified_gmt":"2025-05-07T10:06:12","slug":"cuchillo-de-tiro-microtech-combat-troodon-stonewashed-143-10bl","status":"publish","type":"product","link":"https:\/\/www.moskito.cz\/es\/produkt\/cuchillo-de-tiro-microtech-combat-troodon-stonewashed-143-10bl\/","title":{"rendered":"Cuchillo de tiro Microtech Combat Troodon Stonewashed 143-10BL"},"content":{"rendered":"<p>Cuchillo de tiro Microtech Combat Troodon Stonewashed 143-10BL<\/p>\n<p>Uno de los favoritos entre las fuerzas del orden, el personal militar y los socorristas, <strong>el Combat Troodon<\/strong> est\u00e1 dise\u00f1ado para una amplia gama de usos y situaciones de combate cuerpo a cuerpo. Con su forma esculpida y elementos de dise\u00f1o radical, esta pieza se siente sustancial, pero es adecuada para el uso diario.<\/p>\n<p>Longitud total: 24,2 cm.<br \/>\nLargo cerrado: 14,6 cm<br \/>\nLongitud de la hoja: 9,7 cm<br \/>\nGrosor de la hoja: 0,32 cm.<br \/>\nTratamiento superficial de la hoja: Lavado a la piedra<br \/>\nEstilo de hoja: Punto de ca\u00edda<br \/>\nEstilo de borde: liso<br \/>\nMaterial del mango: Aluminio azul<br \/>\nGrosor del mango: 1,5 cm.<br \/>\nClip de bolsillo: inclinado hacia abajo<br \/>\nPeso: 149,97 gramos<br \/>\nRef. del fabricante. #: 143-10BL<br \/>\nPa\u00eds de origen: EE.UU.<\/p>\n<p><iframe title=\"Microtech Combat Troodon Torture Test\" width=\"800\" height=\"450\" src=\"https:\/\/www.youtube.com\/embed\/xE9TeOFYEjg?feature=oembed\" frameborder=\"0\" allow=\"accelerometer; autoplay; clipboard-write; encrypted-media; gyroscope; picture-in-picture; web-share\" allowfullscreen><\/iframe><\/p>\n<p><iframe title=\"Microtech Combat Troodon Torture Test\" width=\"800\" height=\"450\" src=\"https:\/\/www.youtube.com\/embed\/xE9TeOFYEjg?feature=oembed\" frameborder=\"0\" allow=\"accelerometer; autoplay; clipboard-write; encrypted-media; gyroscope; picture-in-picture; web-share\" allowfullscreen><\/iframe><\/p>\n","protected":false},"excerpt":{"rendered":"<p><strong>A lo largo de los a\u00f1os, Microtech\u00ae Knives ha llenado los cuchillos con pasi\u00f3n y habilidad para crear casi obras de arte que son el pin\u00e1culo de la funcionalidad. Todas las piezas se fabrican en los EE. UU.<\/strong><br \/>\n<strong>Todos los cuchillos Microtech vienen con una garant\u00eda de por vida.<\/strong><\/p>\n<p><strong>Transporte gratuito.<\/strong><\/p>\n","protected":false},"featured_media":321152,"comment_status":"open","ping_status":"closed","template":"","meta":[],"pwb-brand":[3752],"product_brand":[],"product_cat":[3726,3729],"product_tag":[3756],"class_list":{"0":"post-321136","1":"product","2":"type-product","3":"status-publish","4":"has-post-thumbnail","6":"pwb-brand-microtecnologia","7":"product_cat-cuchillos","8":"product_cat-cuchillos-de-tiro","9":"product_tag-b2b-es","11":"first","12":"outofstock","13":"taxable","14":"shipping-taxable","15":"purchasable","16":"product-type-simple"},"brands":[{"id":3752,"name":"microtecnolog\u00eda","slug":"microtecnologia"}],"_links":{"self":[{"href":"https:\/\/www.moskito.cz\/es\/wp-json\/wp\/v2\/product\/321136","targetHints":{"allow":["GET"]}}],"collection":[{"href":"https:\/\/www.moskito.cz\/es\/wp-json\/wp\/v2\/product"}],"about":[{"href":"https:\/\/www.moskito.cz\/es\/wp-json\/wp\/v2\/types\/product"}],"replies":[{"embeddable":true,"href":"https:\/\/www.moskito.cz\/es\/wp-json\/wp\/v2\/comments?post=321136"}],"wp:featuredmedia":[{"embeddable":true,"href":"https:\/\/www.moskito.cz\/es\/wp-json\/wp\/v2\/media\/321152"}],"wp:attachment":[{"href":"https:\/\/www.moskito.cz\/es\/wp-json\/wp\/v2\/media?parent=321136"}],"wp:term":[{"taxonomy":"pwb-brand","embeddable":true,"href":"https:\/\/www.moskito.cz\/es\/wp-json\/wp\/v2\/pwb-brand?post=321136"},{"taxonomy":"product_brand","embeddable":true,"href":"https:\/\/www.moskito.cz\/es\/wp-json\/wp\/v2\/product_brand?post=321136"},{"taxonomy":"product_cat","embeddable":true,"href":"https:\/\/www.moskito.cz\/es\/wp-json\/wp\/v2\/product_cat?post=321136"},{"taxonomy":"product_tag","embeddable":true,"href":"https:\/\/www.moskito.cz\/es\/wp-json\/wp\/v2\/product_tag?post=321136"}],"curies":[{"name":"wp","href":"https:\/\/api.w.org\/{rel}","templated":true}]}}