{"id":321140,"date":"2023-10-11T14:35:57","date_gmt":"2024-03-19T17:32:23","guid":{"rendered":"https:\/\/www.moskito.cz\/produkt\/cuchillo-de-tiro-microtech-ultratech-od-verde-123-3od\/"},"modified":"2025-05-07T11:06:13","modified_gmt":"2025-05-07T10:06:13","slug":"cuchillo-de-tiro-microtech-ultratech-od-verde-123-3od","status":"publish","type":"product","link":"https:\/\/www.moskito.cz\/es\/produkt\/cuchillo-de-tiro-microtech-ultratech-od-verde-123-3od\/","title":{"rendered":"Cuchillo de Tiro Microtech Ultratech OD Verde 123-3OD"},"content":{"rendered":"<p>Cuchillo de Tiro <strong>Microtech<\/strong> Ultratech OD Verde 123-3OD<\/p>\n<p>Como modelo insignia de la l\u00ednea OTF de Microtech, Ultratech\u00ae establece el est\u00e1ndar para la tecnolog\u00eda OTF. La tecnolog\u00eda patentada permite que el resorte del gatillo est\u00e9 en reposo tanto en la posici\u00f3n abierta como en la cerrada, lo que reduce dr\u00e1sticamente el desgaste de los mecanismos internos de disparo. El mango del chasis moldeado proporciona una sensaci\u00f3n m\u00e1s liviana y ergon\u00f3mica y viene con una superficie lisa y plana. El Microtech Ultratech es el primer cuchillo autom\u00e1tico OTF (desde el frente) fabricado por Microtech Knives. Cuenta con una hoja de 3,4&#8243; con una variedad de acabados y estilos de hoja. El Ultratech cuenta con un mango liso de aluminio anodizado 6061-T6 de 5&#8243; con clip de bolsillo, rompevidrios y herrajes de acero inoxidable. Pulgar deslizante de doble acci\u00f3n para disparo y retracci\u00f3n autom\u00e1ticos.<\/p>\n<p>Longitud total: 21 cm<br \/>\nHoja: <span id=\"cwos\" class=\"qv3Wpe\">8,5<\/span> cm, negra, Tanto, totalmente dentada<br \/>\nMango: OD aluminio verde<br \/>\nPeso: 3,6 onzas<\/p>\n<p>Acero: M390<br \/>\nAbridor: control deslizante del pulgar<br \/>\nTipo: OTF Doble Acci\u00f3n, Autom\u00e1tico<br \/>\nHecho en EE.UU<br \/>\nModelo: 123-3OD<\/p>\n<p>&nbsp;<\/p>\n<p><iframe title=\"Microtech Combat Troodon Torture Test\" width=\"800\" height=\"450\" src=\"https:\/\/www.youtube.com\/embed\/xE9TeOFYEjg?feature=oembed\" frameborder=\"0\" allow=\"accelerometer; autoplay; clipboard-write; encrypted-media; gyroscope; picture-in-picture; web-share\" allowfullscreen><\/iframe><\/p>\n<p>&nbsp;<\/p>\n","protected":false},"excerpt":{"rendered":"<div class=\"elementor-element elementor-element-bbb542b elementor-widget elementor-widget-woocommerce-product-short-description\" data-id=\"bbb542b\" data-element_type=\"widget\" data-widget_type=\"woocommerce-product-short-description.default\">\n<div class=\"elementor-widget-container\">\n<div class=\"woocommerce-product-details__short-description\">\n<p><strong>A lo largo de los a\u00f1os, Microtech\u00ae Knives ha llenado los cuchillos con pasi\u00f3n y habilidad para crear casi obras de arte que son el pin\u00e1culo de la funcionalidad. Todas las piezas se fabrican en los EE. UU.<\/strong><br \/>\n<strong>Todos los cuchillos Microtech vienen con una garant\u00eda de por vida.<\/strong><\/p>\n<p><strong>Transporte gratuito.<\/strong><\/p>\n<\/div>\n<\/div>\n<\/div>\n","protected":false},"featured_media":321159,"comment_status":"open","ping_status":"closed","template":"","meta":[],"pwb-brand":[3752],"product_brand":[],"product_cat":[3726,3729],"product_tag":[3756],"class_list":{"0":"post-321140","1":"product","2":"type-product","3":"status-publish","4":"has-post-thumbnail","6":"pwb-brand-microtecnologia","7":"product_cat-cuchillos","8":"product_cat-cuchillos-de-tiro","9":"product_tag-b2b-es","11":"first","12":"instock","13":"taxable","14":"shipping-taxable","15":"purchasable","16":"product-type-simple"},"brands":[{"id":3752,"name":"microtecnolog\u00eda","slug":"microtecnologia"}],"_links":{"self":[{"href":"https:\/\/www.moskito.cz\/es\/wp-json\/wp\/v2\/product\/321140","targetHints":{"allow":["GET"]}}],"collection":[{"href":"https:\/\/www.moskito.cz\/es\/wp-json\/wp\/v2\/product"}],"about":[{"href":"https:\/\/www.moskito.cz\/es\/wp-json\/wp\/v2\/types\/product"}],"replies":[{"embeddable":true,"href":"https:\/\/www.moskito.cz\/es\/wp-json\/wp\/v2\/comments?post=321140"}],"wp:featuredmedia":[{"embeddable":true,"href":"https:\/\/www.moskito.cz\/es\/wp-json\/wp\/v2\/media\/321159"}],"wp:attachment":[{"href":"https:\/\/www.moskito.cz\/es\/wp-json\/wp\/v2\/media?parent=321140"}],"wp:term":[{"taxonomy":"pwb-brand","embeddable":true,"href":"https:\/\/www.moskito.cz\/es\/wp-json\/wp\/v2\/pwb-brand?post=321140"},{"taxonomy":"product_brand","embeddable":true,"href":"https:\/\/www.moskito.cz\/es\/wp-json\/wp\/v2\/product_brand?post=321140"},{"taxonomy":"product_cat","embeddable":true,"href":"https:\/\/www.moskito.cz\/es\/wp-json\/wp\/v2\/product_cat?post=321140"},{"taxonomy":"product_tag","embeddable":true,"href":"https:\/\/www.moskito.cz\/es\/wp-json\/wp\/v2\/product_tag?post=321140"}],"curies":[{"name":"wp","href":"https:\/\/api.w.org\/{rel}","templated":true}]}}