{"id":321218,"date":"2023-10-12T19:50:24","date_gmt":"2024-03-19T17:32:27","guid":{"rendered":"https:\/\/www.moskito.cz\/produkt\/cuchillo-de-tiro-microtech-combat-troodon-143-2or\/"},"modified":"2025-05-07T11:06:15","modified_gmt":"2025-05-07T10:06:15","slug":"cuchillo-de-tiro-microtech-combat-troodon-143-2or","status":"publish","type":"product","link":"https:\/\/www.moskito.cz\/es\/produkt\/cuchillo-de-tiro-microtech-combat-troodon-143-2or\/","title":{"rendered":"Cuchillo de tiro Microtech Combat Troodon 143-2OR"},"content":{"rendered":"<p>Cuchillo de tiro <strong>Microtech<\/strong> Combat Troodon 143-2OR<\/p>\n<p>Dise\u00f1ado para una variedad de situaciones y situaciones de combate cuerpo a cuerpo, Combat Troodon\u00ae es uno de los favoritos entre las agencias policiales, las Fuerzas Armadas de los Estados Unidos y el personal de servicio de primeros auxilios. La sensaci\u00f3n sustancial lo hace adecuado para un uso intensivo, mientras que los beneficios del OTF autom\u00e1tico lo convierten en una excelente opci\u00f3n para el uso diario.<\/p>\n<p>Longitud total: 23,75 cm.<br \/>\nLongitud de la hoja: 9,5 cm<br \/>\nMaterial de la hoja: M390<br \/>\nEstilo de hoja: Punto de ca\u00edda<br \/>\nInserciones: planas<br \/>\nLongitud del mango: 14,37 cm<br \/>\nGrosor del mango: 1,37 cm.<br \/>\nMaterial del mango: aluminio<\/p>\n<p>Acabado de la hoja: Negro<\/p>\n<p>Pa\u00eds de origen: EE.UU.<\/p>\n<p><iframe title=\"Microtech Combat Troodon Torture Test\" width=\"800\" height=\"450\" src=\"https:\/\/www.youtube.com\/embed\/xE9TeOFYEjg?feature=oembed\" frameborder=\"0\" allow=\"accelerometer; autoplay; clipboard-write; encrypted-media; gyroscope; picture-in-picture; web-share\" allowfullscreen><\/iframe><\/p>\n<p>&nbsp;<\/p>\n","protected":false},"excerpt":{"rendered":"<p><strong>A lo largo de los a\u00f1os, Microtech\u00ae Knives ha llenado los cuchillos con pasi\u00f3n y habilidad para crear casi obras de arte que son el pin\u00e1culo de la funcionalidad. Todas las piezas se fabrican en los EE. UU.<\/strong><br \/>\n<strong>Todos los cuchillos Microtech vienen con una garant\u00eda de por vida.<\/strong><\/p>\n<p><strong>Gastos de env\u00edo gratis.<\/strong><\/p>\n","protected":false},"featured_media":321226,"comment_status":"open","ping_status":"closed","template":"","meta":[],"pwb-brand":[3752],"product_brand":[],"product_cat":[3726,3729],"product_tag":[3756],"class_list":{"0":"post-321218","1":"product","2":"type-product","3":"status-publish","4":"has-post-thumbnail","6":"pwb-brand-microtecnologia","7":"product_cat-cuchillos","8":"product_cat-cuchillos-de-tiro","9":"product_tag-b2b-es","11":"first","12":"instock","13":"taxable","14":"shipping-taxable","15":"purchasable","16":"product-type-simple"},"brands":[{"id":3752,"name":"microtecnolog\u00eda","slug":"microtecnologia"}],"_links":{"self":[{"href":"https:\/\/www.moskito.cz\/es\/wp-json\/wp\/v2\/product\/321218","targetHints":{"allow":["GET"]}}],"collection":[{"href":"https:\/\/www.moskito.cz\/es\/wp-json\/wp\/v2\/product"}],"about":[{"href":"https:\/\/www.moskito.cz\/es\/wp-json\/wp\/v2\/types\/product"}],"replies":[{"embeddable":true,"href":"https:\/\/www.moskito.cz\/es\/wp-json\/wp\/v2\/comments?post=321218"}],"wp:featuredmedia":[{"embeddable":true,"href":"https:\/\/www.moskito.cz\/es\/wp-json\/wp\/v2\/media\/321226"}],"wp:attachment":[{"href":"https:\/\/www.moskito.cz\/es\/wp-json\/wp\/v2\/media?parent=321218"}],"wp:term":[{"taxonomy":"pwb-brand","embeddable":true,"href":"https:\/\/www.moskito.cz\/es\/wp-json\/wp\/v2\/pwb-brand?post=321218"},{"taxonomy":"product_brand","embeddable":true,"href":"https:\/\/www.moskito.cz\/es\/wp-json\/wp\/v2\/product_brand?post=321218"},{"taxonomy":"product_cat","embeddable":true,"href":"https:\/\/www.moskito.cz\/es\/wp-json\/wp\/v2\/product_cat?post=321218"},{"taxonomy":"product_tag","embeddable":true,"href":"https:\/\/www.moskito.cz\/es\/wp-json\/wp\/v2\/product_tag?post=321218"}],"curies":[{"name":"wp","href":"https:\/\/api.w.org\/{rel}","templated":true}]}}