{"id":321219,"date":"2023-10-10T14:30:33","date_gmt":"2024-03-19T17:32:27","guid":{"rendered":"https:\/\/www.moskito.cz\/produkt\/cuchillo-de-tiro-microtech-dirac-delta-227-2t\/"},"modified":"2025-05-07T11:06:16","modified_gmt":"2025-05-07T10:06:16","slug":"cuchillo-de-tiro-microtech-dirac-delta-227-2t","status":"publish","type":"product","link":"https:\/\/www.moskito.cz\/es\/produkt\/cuchillo-de-tiro-microtech-dirac-delta-227-2t\/","title":{"rendered":"Cuchillo de tiro Microtech Dirac Delta 227-2T"},"content":{"rendered":"<p>Cuchillo de tiro <strong>Microtech<\/strong> Dirac Delta 227-2T<\/p>\n<p>El Dirac es el primer cuchillo de doble acci\u00f3n con deslizamiento lateral de Microtech. El mango extremadamente ergon\u00f3mico presenta l\u00edneas curvas tipo HALO para una sensaci\u00f3n ligeramente diferente en comparaci\u00f3n con otros mangos. Investigaron este dise\u00f1o OTF en particular y utilizaron sus caracter\u00edsticas microtecnol\u00f3gicas de tolerancia ultra alta, como hardware patentado, mecanismo interno innovador y rompevidrios. Con una longitud total de 24 cm, el Dirac es perfecto para un cuchillo t\u00e1ctico o de uso diario.<\/p>\n<p>&nbsp;<\/p>\n<p>Especificaciones:<br \/>\nLongitud de la hoja: 9,47 cm<br \/>\nLongitud total: 24 cm<br \/>\nAcero: M390<br \/>\nGrosor de la hoja: 0,425 cm.<br \/>\nRectificado de la hoja: Plano<br \/>\nAcabado de la hoja: DLC negro<br \/>\nMaterial del mango: Aluminio 6061-T6, revestimiento duro anodizado negro Mil-Spec<br \/>\nGrosor del mango: 0,42&#8243;<br \/>\nMecanismo de bloqueo: tapa deslizante<br \/>\nClip de bolsillo: acero inoxidable 301 (plegable)<br \/>\nPeso: 4,1 onzas.<br \/>\nDise\u00f1ador: Tony Marfione<br \/>\nHecho en EE.UU<\/p>\n<p><iframe title=\"Microtech Combat Troodon Torture Test\" width=\"800\" height=\"450\" src=\"https:\/\/www.youtube.com\/embed\/xE9TeOFYEjg?feature=oembed\" frameborder=\"0\" allow=\"accelerometer; autoplay; clipboard-write; encrypted-media; gyroscope; picture-in-picture; web-share\" allowfullscreen><\/iframe><\/p>\n<p>&nbsp;<\/p>\n","protected":false},"excerpt":{"rendered":"<p><strong>A lo largo de los a\u00f1os, Microtech\u00ae Knives ha llenado los cuchillos con pasi\u00f3n y habilidad para crear casi obras de arte que son el pin\u00e1culo de la funcionalidad. Todas las piezas se fabrican en los EE. UU.<\/strong><br \/>\n<strong>Todos los cuchillos Microtech vienen con una garant\u00eda de por vida.<\/strong><\/p>\n<p><strong>Transporte gratuito.<\/strong><\/p>\n","protected":false},"featured_media":321228,"comment_status":"open","ping_status":"closed","template":"","meta":[],"pwb-brand":[3752],"product_brand":[],"product_cat":[3730,3726],"product_tag":[3756],"class_list":{"0":"post-321219","1":"product","2":"type-product","3":"status-publish","4":"has-post-thumbnail","6":"pwb-brand-microtecnologia","7":"product_cat-cuchillas-de-cierre","8":"product_cat-cuchillos","9":"product_tag-b2b-es","11":"first","12":"instock","13":"taxable","14":"shipping-taxable","15":"purchasable","16":"product-type-simple"},"brands":[{"id":3752,"name":"microtecnolog\u00eda","slug":"microtecnologia"}],"_links":{"self":[{"href":"https:\/\/www.moskito.cz\/es\/wp-json\/wp\/v2\/product\/321219","targetHints":{"allow":["GET"]}}],"collection":[{"href":"https:\/\/www.moskito.cz\/es\/wp-json\/wp\/v2\/product"}],"about":[{"href":"https:\/\/www.moskito.cz\/es\/wp-json\/wp\/v2\/types\/product"}],"replies":[{"embeddable":true,"href":"https:\/\/www.moskito.cz\/es\/wp-json\/wp\/v2\/comments?post=321219"}],"wp:featuredmedia":[{"embeddable":true,"href":"https:\/\/www.moskito.cz\/es\/wp-json\/wp\/v2\/media\/321228"}],"wp:attachment":[{"href":"https:\/\/www.moskito.cz\/es\/wp-json\/wp\/v2\/media?parent=321219"}],"wp:term":[{"taxonomy":"pwb-brand","embeddable":true,"href":"https:\/\/www.moskito.cz\/es\/wp-json\/wp\/v2\/pwb-brand?post=321219"},{"taxonomy":"product_brand","embeddable":true,"href":"https:\/\/www.moskito.cz\/es\/wp-json\/wp\/v2\/product_brand?post=321219"},{"taxonomy":"product_cat","embeddable":true,"href":"https:\/\/www.moskito.cz\/es\/wp-json\/wp\/v2\/product_cat?post=321219"},{"taxonomy":"product_tag","embeddable":true,"href":"https:\/\/www.moskito.cz\/es\/wp-json\/wp\/v2\/product_tag?post=321219"}],"curies":[{"name":"wp","href":"https:\/\/api.w.org\/{rel}","templated":true}]}}