{"id":321310,"date":"2023-10-10T13:35:15","date_gmt":"2024-03-19T17:33:05","guid":{"rendered":"https:\/\/www.moskito.cz\/produkt\/cuchillo-de-tiro-microtech-utx-70-bounty-hunter-hellhound-lavado-a-la-piedra-419-10bh\/"},"modified":"2025-05-07T11:06:20","modified_gmt":"2025-05-07T10:06:20","slug":"cuchillo-de-tiro-microtech-utx-70-bounty-hunter-hellhound-lavado-a-la-piedra-419-10bh","status":"publish","type":"product","link":"https:\/\/www.moskito.cz\/es\/produkt\/cuchillo-de-tiro-microtech-utx-70-bounty-hunter-hellhound-lavado-a-la-piedra-419-10bh\/","title":{"rendered":"Cuchillo de tiro Microtech UTX-70 Bounty Hunter Hellhound lavado a la piedra 419-10BH"},"content":{"rendered":"<p>Cuchillo de tiro <strong>Microtech<\/strong> UTX-70 Bounty Hunter Hellhound lavado a la piedra 419-10BH<\/p>\n<p><strong>El UTX-70<\/strong> es la combinaci\u00f3n perfecta de tama\u00f1o compacto y gran rendimiento. Con un tama\u00f1o 70% Ultratech <strong>, el UTX-70<\/strong> est\u00e1 fabricado con los mismos materiales, en las mismas m\u00e1quinas y con el mismo ingenio que su predecesor. El UTX-70 es el cuchillo perfecto para todas las situaciones; no importa cu\u00e1l sea su tarea de corte, se combinar\u00e1 perfectamente con su estilo de vida. Gracias a la r\u00e1pida apertura y cierre con una mano, hace el trabajo en segundos. Esta versi\u00f3n tiene una hoja apocal\u00edptica colapsada oscura y un mango verde apocal\u00edptico con herrajes rojos, lo que le da a este modelo el apodo de Bounty Hunter, tambi\u00e9n conocido como Boba Fett. Tambi\u00e9n tiene un logo de Mythosaur genial en el clip del bolsillo, que era el s\u00edmbolo de la calavera de los Verdaderos Mandalorianos. Equipado con un clip de bolsillo de doble cara y un tama\u00f1o compacto, es una opci\u00f3n perfecta para el uso y transporte diario.<br \/>\nEspecificaciones:<\/p>\n<p>Acci\u00f3n: Doble acci\u00f3n: disparo autom\u00e1tico\/retracci\u00f3n autom\u00e1tica<br \/>\nHoja: Grosor: <span id=\"cwos\" class=\"qv3Wpe\">0,2<\/span> cm<br \/>\nLongitud de la hoja: 6 cm<br \/>\nEstilo de hoja: Hellhound Tanto<br \/>\nChasis: Aleaci\u00f3n 6061-T6 AL, capa dura anodizada Mil-Spec de color verde apocal\u00edptico<br \/>\nGrosor del mango: 0,77 cm.<br \/>\nLargo cerrado: 8 cm<br \/>\nLargo total: 14cm<br \/>\nClip de bolsillo: acero inoxidable 301 totalmente duro<br \/>\nParte superior est\u00e1ndar: aleaci\u00f3n AL 6061-T6<br \/>\nGatillo: acero inoxidable 303<br \/>\nPeso: 1,2 onzas.<br \/>\nHecho en EE.UU<\/p>\n<p><iframe title=\"Microtech Combat Troodon Torture Test\" width=\"800\" height=\"450\" src=\"https:\/\/www.youtube.com\/embed\/xE9TeOFYEjg?feature=oembed\" frameborder=\"0\" allow=\"accelerometer; autoplay; clipboard-write; encrypted-media; gyroscope; picture-in-picture; web-share\" allowfullscreen><\/iframe><\/p>\n<p>&nbsp;<\/p>\n","protected":false},"excerpt":{"rendered":"<p><strong>A lo largo de los a\u00f1os, Microtech\u00ae Knives ha llenado la fabricaci\u00f3n de cuchillos con pasi\u00f3n y habilidad,<\/strong><br \/>\n<strong>hasta que cre\u00f3 casi obras de arte a partir de ellos, que son el pin\u00e1culo de la funcionalidad. Todas las piezas se fabrican en los EE. UU.<\/strong><br \/>\n<strong>Todos los cuchillos Microtech vienen con una garant\u00eda de por vida.<\/strong><\/p>\n<p><strong>Transporte gratuito.<\/strong><\/p>\n","protected":false},"featured_media":321317,"comment_status":"open","ping_status":"closed","template":"","meta":[],"pwb-brand":[3752],"product_brand":[],"product_cat":[3726,3729],"product_tag":[3756],"class_list":{"0":"post-321310","1":"product","2":"type-product","3":"status-publish","4":"has-post-thumbnail","6":"pwb-brand-microtecnologia","7":"product_cat-cuchillos","8":"product_cat-cuchillos-de-tiro","9":"product_tag-b2b-es","11":"first","12":"outofstock","13":"taxable","14":"shipping-taxable","15":"purchasable","16":"product-type-simple"},"brands":[{"id":3752,"name":"microtecnolog\u00eda","slug":"microtecnologia"}],"_links":{"self":[{"href":"https:\/\/www.moskito.cz\/es\/wp-json\/wp\/v2\/product\/321310","targetHints":{"allow":["GET"]}}],"collection":[{"href":"https:\/\/www.moskito.cz\/es\/wp-json\/wp\/v2\/product"}],"about":[{"href":"https:\/\/www.moskito.cz\/es\/wp-json\/wp\/v2\/types\/product"}],"replies":[{"embeddable":true,"href":"https:\/\/www.moskito.cz\/es\/wp-json\/wp\/v2\/comments?post=321310"}],"wp:featuredmedia":[{"embeddable":true,"href":"https:\/\/www.moskito.cz\/es\/wp-json\/wp\/v2\/media\/321317"}],"wp:attachment":[{"href":"https:\/\/www.moskito.cz\/es\/wp-json\/wp\/v2\/media?parent=321310"}],"wp:term":[{"taxonomy":"pwb-brand","embeddable":true,"href":"https:\/\/www.moskito.cz\/es\/wp-json\/wp\/v2\/pwb-brand?post=321310"},{"taxonomy":"product_brand","embeddable":true,"href":"https:\/\/www.moskito.cz\/es\/wp-json\/wp\/v2\/product_brand?post=321310"},{"taxonomy":"product_cat","embeddable":true,"href":"https:\/\/www.moskito.cz\/es\/wp-json\/wp\/v2\/product_cat?post=321310"},{"taxonomy":"product_tag","embeddable":true,"href":"https:\/\/www.moskito.cz\/es\/wp-json\/wp\/v2\/product_tag?post=321310"}],"curies":[{"name":"wp","href":"https:\/\/api.w.org\/{rel}","templated":true}]}}