{"id":321333,"date":"2023-08-31T21:07:08","date_gmt":"2024-03-19T17:33:07","guid":{"rendered":"https:\/\/www.moskito.cz\/produkt\/cuchillo-fijo-microtech-bee-apocalyptic-218-10apgtbks\/"},"modified":"2025-05-07T11:06:21","modified_gmt":"2025-05-07T10:06:21","slug":"cuchillo-fijo-microtech-bee-apocalyptic-218-10apgtbks","status":"publish","type":"product","link":"https:\/\/www.moskito.cz\/es\/produkt\/cuchillo-fijo-microtech-bee-apocalyptic-218-10apgtbks\/","title":{"rendered":"Cuchillo Fijo Microtech Bee Apocalyptic 218-10APGTBKS"},"content":{"rendered":"<p>Cuchillo Fijo <strong>Microtech<\/strong> Bee Apocalyptic 218-10APGTBKS<\/p>\n<p><strong>La Microtech<\/strong> 218-10APGTBKS Bee es una daga de empuje colaborativa creada en colaboraci\u00f3n con <strong>Bastinelli Knives<\/strong> . Dise\u00f1ado para ser elegante y altamente efectivo, este cuchillo sobresale en combate cuerpo a cuerpo (CQC). Centrado en las necesidades espec\u00edficas de CQC, el Bee ofrece un despliegue r\u00e1pido y confiable, excelentes capacidades de corte y penetraci\u00f3n, un perfil de baja visibilidad, opciones de transporte modulares y una construcci\u00f3n robusta. Ya sea para fines t\u00e1cticos o para uso diario, este cuchillo demuestra ser una hoja s\u00f3lida, vers\u00e1til y confiable. La daga de empuje t\u00e1ctica BEE de Microtech ofrece una gran potencia de corte en un paquete peque\u00f1o. Si desea agregar algo a su kit t\u00e1ctico de una manera significativa, \u00fanica y pr\u00e1ctica, \u00a1la hoja BEE es para usted!<\/p>\n<p><strong>El Bee<\/strong> sobresale en escenarios t\u00e1cticos que permiten ataques r\u00e1pidos y efectivos con m\u00ednimo entrenamiento o esfuerzo. Sus golpes directos, jabs y pu\u00f1os de martillo ofrecen un enorme potencial de corte. La funda Kydex con ajuste de fricci\u00f3n incluida cuenta con un clip de transporte discreto (IWB) que garantiza que el cuchillo est\u00e9 siempre al alcance y listo para desplegar. Si bien realmente brilla en situaciones t\u00e1cticas de \u00faltimo momento, este cuchillo es igualmente adecuado para el uso diario.<\/p>\n<p>Longitud total: 11,25 cm.<br \/>\nLongitud de la hoja: 6,25 cm<br \/>\nMaterial de la hoja: Bohler M390<br \/>\nEstilo de hoja: Hawkbill<br \/>\nAcabado: Bead Blast, lavado a la piedra<br \/>\nTipo de borde: liso<br \/>\nLongitud del mango: 7,17 cm<br \/>\nMaterial del mango: G-10<br \/>\nDe color negro<br \/>\nPeso: 1,40 onzas<br \/>\nUsuario: mano derecha<br \/>\nFunda: Kydex<br \/>\nTipo de cuchillo: Hoja fija<br \/>\nMarca: Microtech<br \/>\nN\u00famero de modelo: 218-10APGTBKS<br \/>\nPa\u00eds de origen: EE.UU.<br \/>\nMejor uso: t\u00e1ctico<br \/>\nTipo de producto: Cuchillo<\/p>\n<p><iframe title=\"Microtech Combat Troodon Torture Test\" width=\"800\" height=\"450\" src=\"https:\/\/www.youtube.com\/embed\/xE9TeOFYEjg?feature=oembed\" frameborder=\"0\" allow=\"accelerometer; autoplay; clipboard-write; encrypted-media; gyroscope; picture-in-picture; web-share\" allowfullscreen><\/iframe><\/p>\n<p>&nbsp;<\/p>\n","protected":false},"excerpt":{"rendered":"<p><strong>A lo largo de los a\u00f1os, Microtech\u00ae Knives ha llenado los cuchillos con pasi\u00f3n y habilidad para crear casi obras de arte que son el pin\u00e1culo de la funcionalidad. Todas las piezas se fabrican en los EE. UU.<\/strong><br \/>\n<strong>Todos los cuchillos Microtech vienen con una garant\u00eda de por vida.<\/strong><\/p>\n","protected":false},"featured_media":321346,"comment_status":"open","ping_status":"closed","template":"","meta":[],"pwb-brand":[3752],"product_brand":[],"product_cat":[3726,3727],"product_tag":[3756],"class_list":{"0":"post-321333","1":"product","2":"type-product","3":"status-publish","4":"has-post-thumbnail","6":"pwb-brand-microtecnologia","7":"product_cat-cuchillos","8":"product_cat-cuchillos-macizos","9":"product_tag-b2b-es","11":"first","12":"outofstock","13":"taxable","14":"shipping-taxable","15":"purchasable","16":"product-type-simple"},"brands":[{"id":3752,"name":"microtecnolog\u00eda","slug":"microtecnologia"}],"_links":{"self":[{"href":"https:\/\/www.moskito.cz\/es\/wp-json\/wp\/v2\/product\/321333","targetHints":{"allow":["GET"]}}],"collection":[{"href":"https:\/\/www.moskito.cz\/es\/wp-json\/wp\/v2\/product"}],"about":[{"href":"https:\/\/www.moskito.cz\/es\/wp-json\/wp\/v2\/types\/product"}],"replies":[{"embeddable":true,"href":"https:\/\/www.moskito.cz\/es\/wp-json\/wp\/v2\/comments?post=321333"}],"wp:featuredmedia":[{"embeddable":true,"href":"https:\/\/www.moskito.cz\/es\/wp-json\/wp\/v2\/media\/321346"}],"wp:attachment":[{"href":"https:\/\/www.moskito.cz\/es\/wp-json\/wp\/v2\/media?parent=321333"}],"wp:term":[{"taxonomy":"pwb-brand","embeddable":true,"href":"https:\/\/www.moskito.cz\/es\/wp-json\/wp\/v2\/pwb-brand?post=321333"},{"taxonomy":"product_brand","embeddable":true,"href":"https:\/\/www.moskito.cz\/es\/wp-json\/wp\/v2\/product_brand?post=321333"},{"taxonomy":"product_cat","embeddable":true,"href":"https:\/\/www.moskito.cz\/es\/wp-json\/wp\/v2\/product_cat?post=321333"},{"taxonomy":"product_tag","embeddable":true,"href":"https:\/\/www.moskito.cz\/es\/wp-json\/wp\/v2\/product_tag?post=321333"}],"curies":[{"name":"wp","href":"https:\/\/api.w.org\/{rel}","templated":true}]}}