{"id":321434,"date":"2023-09-02T19:50:54","date_gmt":"2024-03-19T17:33:11","guid":{"rendered":"https:\/\/www.moskito.cz\/produkt\/cuchillo-de-tiro-microtech-dirac-stonewashed-turquesa-225-11tq\/"},"modified":"2025-05-07T11:06:24","modified_gmt":"2025-05-07T10:06:24","slug":"cuchillo-de-tiro-microtech-dirac-stonewashed-turquesa-225-11tq","status":"publish","type":"product","link":"https:\/\/www.moskito.cz\/es\/produkt\/cuchillo-de-tiro-microtech-dirac-stonewashed-turquesa-225-11tq\/","title":{"rendered":"Cuchillo de tiro Microtech Dirac Stonewashed Turquesa 225-11TQ"},"content":{"rendered":"<p>Cuchillo de tiro <strong>Microtech<\/strong> Dirac Stonewashed Turquesa 225-11TQ<\/p>\n<p>El Dirac es el primer cuchillo de doble acci\u00f3n de Microtech con un control deslizante de cobertura. El mango extremadamente ergon\u00f3mico presenta l\u00edneas curvas tipo HALO para una sensaci\u00f3n ligeramente diferente en comparaci\u00f3n con otros mangos. Investigaron este dise\u00f1o OTF en particular y utilizaron sus caracter\u00edsticas microtecnol\u00f3gicas de tolerancia ultra alta, como hardware patentado, mecanismo interno innovador y rompevidrios. Con su Dirac, es perfecto para un cuchillo de uso diario.<\/p>\n<p>Longitud de la hoja: 7,3<br \/>\nLongitud total: 18 cm<br \/>\nAcero: M390<br \/>\nEstilo de hoja: Daga de doble filo<br \/>\nRectificado de la hoja: Plano<br \/>\nMaterial del mango: Aluminio 6061-T6, revestimiento duro anodizado negro Mil-Spec<br \/>\nMecanismo de bloqueo: tapa deslizante<br \/>\nClip de bolsillo: acero inoxidable 301 (plegable)<br \/>\nPeso: 2,2 onzas.<br \/>\nDise\u00f1ador: Tony Marfione<br \/>\nHecho en EE.UU<\/p>\n<p><iframe title=\"Microtech Combat Troodon Torture Test\" width=\"800\" height=\"450\" src=\"https:\/\/www.youtube.com\/embed\/xE9TeOFYEjg?feature=oembed\" frameborder=\"0\" allow=\"accelerometer; autoplay; clipboard-write; encrypted-media; gyroscope; picture-in-picture; web-share\" allowfullscreen><\/iframe><\/p>\n<p>&nbsp;<\/p>\n","protected":false},"excerpt":{"rendered":"<p><strong>A lo largo de los a\u00f1os, Microtech\u00ae Knives ha llenado los cuchillos con pasi\u00f3n y habilidad para crear casi obras de arte que son el pin\u00e1culo de la funcionalidad. Todas las piezas se fabrican en los EE. UU.<\/strong><br \/>\n<strong>Todas las cuchillas Microtech est\u00e1n garantizadas de por vida (m\u00edn. 80.000 ciclos, apertura y cierre)<\/strong><\/p>\n<p><strong>Transporte gratuito.<\/strong><\/p>\n","protected":false},"featured_media":321442,"comment_status":"open","ping_status":"closed","template":"","meta":[],"pwb-brand":[3752],"product_brand":[],"product_cat":[3726,3729],"product_tag":[3756],"class_list":{"0":"post-321434","1":"product","2":"type-product","3":"status-publish","4":"has-post-thumbnail","6":"pwb-brand-microtecnologia","7":"product_cat-cuchillos","8":"product_cat-cuchillos-de-tiro","9":"product_tag-b2b-es","11":"first","12":"instock","13":"taxable","14":"shipping-taxable","15":"purchasable","16":"product-type-simple"},"brands":[{"id":3752,"name":"microtecnolog\u00eda","slug":"microtecnologia"}],"_links":{"self":[{"href":"https:\/\/www.moskito.cz\/es\/wp-json\/wp\/v2\/product\/321434","targetHints":{"allow":["GET"]}}],"collection":[{"href":"https:\/\/www.moskito.cz\/es\/wp-json\/wp\/v2\/product"}],"about":[{"href":"https:\/\/www.moskito.cz\/es\/wp-json\/wp\/v2\/types\/product"}],"replies":[{"embeddable":true,"href":"https:\/\/www.moskito.cz\/es\/wp-json\/wp\/v2\/comments?post=321434"}],"wp:featuredmedia":[{"embeddable":true,"href":"https:\/\/www.moskito.cz\/es\/wp-json\/wp\/v2\/media\/321442"}],"wp:attachment":[{"href":"https:\/\/www.moskito.cz\/es\/wp-json\/wp\/v2\/media?parent=321434"}],"wp:term":[{"taxonomy":"pwb-brand","embeddable":true,"href":"https:\/\/www.moskito.cz\/es\/wp-json\/wp\/v2\/pwb-brand?post=321434"},{"taxonomy":"product_brand","embeddable":true,"href":"https:\/\/www.moskito.cz\/es\/wp-json\/wp\/v2\/product_brand?post=321434"},{"taxonomy":"product_cat","embeddable":true,"href":"https:\/\/www.moskito.cz\/es\/wp-json\/wp\/v2\/product_cat?post=321434"},{"taxonomy":"product_tag","embeddable":true,"href":"https:\/\/www.moskito.cz\/es\/wp-json\/wp\/v2\/product_tag?post=321434"}],"curies":[{"name":"wp","href":"https:\/\/api.w.org\/{rel}","templated":true}]}}