{"id":321468,"date":"2023-09-05T19:19:19","date_gmt":"2024-03-19T17:33:12","guid":{"rendered":"https:\/\/www.moskito.cz\/produkt\/cuchillo-de-tiro-microtech-utx-85-satinado-232-5\/"},"modified":"2025-05-07T11:06:26","modified_gmt":"2025-05-07T10:06:26","slug":"cuchillo-de-tiro-microtech-utx-85-satinado-232-5","status":"publish","type":"product","link":"https:\/\/www.moskito.cz\/es\/produkt\/cuchillo-de-tiro-microtech-utx-85-satinado-232-5\/","title":{"rendered":"Cuchillo de tiro Microtech UTX-85 Satinado 232-5"},"content":{"rendered":"<p>Cuchillo de tiro <strong>Microtech<\/strong> UTX-85 Satinado 232-5<\/p>\n<p><strong>La navaja Microtech UTX-85<\/strong> OTF es la combinaci\u00f3n perfecta de tama\u00f1o compacto y gran rendimiento. Con un tama\u00f1o 85% <strong>Ultratech<\/strong> <strong>, el Microtech UTX-85<\/strong> est\u00e1 fabricado con los mismos materiales, en las mismas m\u00e1quinas y con el mismo ingenio que su predecesor. El Microtech UTX-85 es el cuchillo perfecto para todas las situaciones, sin importar la tarea que est\u00e9 cortando; encajar\u00e1 perfectamente en su estilo de vida. Gracias a la r\u00e1pida apertura y cierre con una mano, hace el trabajo en segundos. Equipado con un clip de bolsillo de doble cara y un tama\u00f1o compacto, es una opci\u00f3n perfecta para el uso y transporte diario.<\/p>\n<p>Especificaciones<br \/>\nAcci\u00f3n: Doble acci\u00f3n: disparo autom\u00e1tico\/retracci\u00f3n autom\u00e1tica<br \/>\nLongitud total: 18,75 cm.<br \/>\nLongitud de la hoja: 7,81 cm<br \/>\nFilo: 7,17 cm.<br \/>\nAcero: M390<br \/>\nEstilo de hoja: Daga combinada doble satinada<br \/>\nChasis: Aleaci\u00f3n 6061-T6 AL, anodizado con capa dura negra Mil-Spec<br \/>\nMaterial del mango: aluminio<br \/>\nClip de bolsillo: acero inoxidable 301<br \/>\nParte superior est\u00e1ndar: aleaci\u00f3n AL 6061-T6<br \/>\nGatillo: acero inoxidable 303<br \/>\nPeso: 2,8 onzas.<br \/>\nHecho en EE.UU<\/p>\n<p><iframe title=\"Microtech Combat Troodon Torture Test\" width=\"800\" height=\"450\" src=\"https:\/\/www.youtube.com\/embed\/xE9TeOFYEjg?feature=oembed\" frameborder=\"0\" allow=\"accelerometer; autoplay; clipboard-write; encrypted-media; gyroscope; picture-in-picture; web-share\" allowfullscreen><\/iframe><\/p>\n","protected":false},"excerpt":{"rendered":"<p><strong>A lo largo de los a\u00f1os, Microtech\u00ae Knives ha llenado los cuchillos con pasi\u00f3n y habilidad para crear casi obras de arte que son el pin\u00e1culo de la funcionalidad. Todas las piezas se fabrican en los EE. UU.<\/strong><br \/>\n<strong>Todos los cuchillos Microtech vienen con una garant\u00eda de por vida.<\/strong><\/p>\n<p><strong>Transporte gratuito.<\/strong><\/p>\n","protected":false},"featured_media":321489,"comment_status":"open","ping_status":"closed","template":"","meta":[],"pwb-brand":[3752],"product_brand":[],"product_cat":[3726,3729],"product_tag":[3756],"class_list":{"0":"post-321468","1":"product","2":"type-product","3":"status-publish","4":"has-post-thumbnail","6":"pwb-brand-microtecnologia","7":"product_cat-cuchillos","8":"product_cat-cuchillos-de-tiro","9":"product_tag-b2b-es","11":"first","12":"outofstock","13":"taxable","14":"shipping-taxable","15":"purchasable","16":"product-type-simple"},"brands":[{"id":3752,"name":"microtecnolog\u00eda","slug":"microtecnologia"}],"_links":{"self":[{"href":"https:\/\/www.moskito.cz\/es\/wp-json\/wp\/v2\/product\/321468","targetHints":{"allow":["GET"]}}],"collection":[{"href":"https:\/\/www.moskito.cz\/es\/wp-json\/wp\/v2\/product"}],"about":[{"href":"https:\/\/www.moskito.cz\/es\/wp-json\/wp\/v2\/types\/product"}],"replies":[{"embeddable":true,"href":"https:\/\/www.moskito.cz\/es\/wp-json\/wp\/v2\/comments?post=321468"}],"wp:featuredmedia":[{"embeddable":true,"href":"https:\/\/www.moskito.cz\/es\/wp-json\/wp\/v2\/media\/321489"}],"wp:attachment":[{"href":"https:\/\/www.moskito.cz\/es\/wp-json\/wp\/v2\/media?parent=321468"}],"wp:term":[{"taxonomy":"pwb-brand","embeddable":true,"href":"https:\/\/www.moskito.cz\/es\/wp-json\/wp\/v2\/pwb-brand?post=321468"},{"taxonomy":"product_brand","embeddable":true,"href":"https:\/\/www.moskito.cz\/es\/wp-json\/wp\/v2\/product_brand?post=321468"},{"taxonomy":"product_cat","embeddable":true,"href":"https:\/\/www.moskito.cz\/es\/wp-json\/wp\/v2\/product_cat?post=321468"},{"taxonomy":"product_tag","embeddable":true,"href":"https:\/\/www.moskito.cz\/es\/wp-json\/wp\/v2\/product_tag?post=321468"}],"curies":[{"name":"wp","href":"https:\/\/api.w.org\/{rel}","templated":true}]}}