{"id":321531,"date":"2023-09-04T19:43:28","date_gmt":"2024-03-19T17:33:14","guid":{"rendered":"https:\/\/www.moskito.cz\/produkt\/cuchillo-de-tiro-microtech-ultratech-od-verde-cerakote-121-1cod\/"},"modified":"2025-05-07T11:06:27","modified_gmt":"2025-05-07T10:06:27","slug":"cuchillo-de-tiro-microtech-ultratech-od-verde-cerakote-121-1cod","status":"publish","type":"product","link":"https:\/\/www.moskito.cz\/es\/produkt\/cuchillo-de-tiro-microtech-ultratech-od-verde-cerakote-121-1cod\/","title":{"rendered":"Cuchillo de Tiro Microtech Ultratech OD Verde Cerakote 121-1COD"},"content":{"rendered":"<p>Cuchillo de Tiro <strong>Microtech<\/strong> Ultratech OD Verde Cerakote 121-1COD<\/p>\n<p>Ultratech siempre establecer\u00e1 el est\u00e1ndar para todos los cuchillos frontales. El Ultratech es el cuchillo frontal de doble acci\u00f3n original de Microtech y ha sido la base de toda nuestra l\u00ednea OTF. Ha sufrido varias modificaciones a lo largo de los a\u00f1os, volvi\u00e9ndose cada vez m\u00e1s eficiente y fiable. El resorte Ultratech permanece en posici\u00f3n de \u00abreposo\u00bb en todo momento, excepto cuando est\u00e1 estirado. Esto asegura que el resorte comprimido no se fatiga, asegurando a los usuarios que cuando se dispara el cuchillo, funcionar\u00e1 de manera efectiva. <strong>La ultratecnolog\u00eda<\/strong> puede adoptar muchas formas diferentes; se puede acabar con una placa de aluminio mecanizada est\u00e1ndar o un trozo de fibra de carbono. La apertura y el cierre livianos con una sola mano, la forma delgada y la hoja afilada como un bistur\u00ed de Ultratech lo convierten en un cuchillo \u00fanico que solo est\u00e1 disponible en <strong>Microtech<\/strong> . Este cuchillo ha demostrado una y otra vez que puede resistir cualquier obst\u00e1culo. S\u00f3lo el tiempo dir\u00e1 cu\u00e1l ser\u00e1 el siguiente paso de la l\u00ednea Ultratech.<\/p>\n<p>Especificaciones<br \/>\nApertura\/cierre autom\u00e1tico &#8211; abridor frontal<br \/>\nAcci\u00f3n: Doble Acci\u00f3n &#8211; Disparo\/Retracci\u00f3n Autom\u00e1tico<br \/>\nAcero: M390<br \/>\nEstilo de hoja: Punto de ca\u00edda<br \/>\nLongitud de la hoja: 8,45 cm<br \/>\nLongitud del mango: 12,5 cm<br \/>\nMaterial del mango: Aluminio 6061-T6 con OD Cerakote verde<br \/>\nMaterial del clip de bolsillo: Acero inoxidable 301 completamente duro<br \/>\nParte superior est\u00e1ndar: aleaci\u00f3n AL 6061-T6<br \/>\nGatillo: Acero inoxidable 303<br \/>\nHecho en EE.UU<\/p>\n<p><iframe title=\"Microtech Combat Troodon Torture Test\" width=\"800\" height=\"450\" src=\"https:\/\/www.youtube.com\/embed\/xE9TeOFYEjg?feature=oembed\" frameborder=\"0\" allow=\"accelerometer; autoplay; clipboard-write; encrypted-media; gyroscope; picture-in-picture; web-share\" allowfullscreen><\/iframe><\/p>\n<p>&nbsp;<\/p>\n","protected":false},"excerpt":{"rendered":"<p><strong>Ultratech de Microtech es uno de sus modelos m\u00e1s populares y definitivamente ofrece la mayor rentabilidad.<\/strong><\/p>\n<p><strong>Todos los cuchillos Microtech vienen con una garant\u00eda de por vida. Transporte gratuito.<\/strong><\/p>\n","protected":false},"featured_media":321546,"comment_status":"open","ping_status":"closed","template":"","meta":[],"pwb-brand":[3752],"product_brand":[],"product_cat":[3726,3729],"product_tag":[3756],"class_list":{"0":"post-321531","1":"product","2":"type-product","3":"status-publish","4":"has-post-thumbnail","6":"pwb-brand-microtecnologia","7":"product_cat-cuchillos","8":"product_cat-cuchillos-de-tiro","9":"product_tag-b2b-es","11":"first","12":"outofstock","13":"taxable","14":"shipping-taxable","15":"purchasable","16":"product-type-simple"},"brands":[{"id":3752,"name":"microtecnolog\u00eda","slug":"microtecnologia"}],"_links":{"self":[{"href":"https:\/\/www.moskito.cz\/es\/wp-json\/wp\/v2\/product\/321531","targetHints":{"allow":["GET"]}}],"collection":[{"href":"https:\/\/www.moskito.cz\/es\/wp-json\/wp\/v2\/product"}],"about":[{"href":"https:\/\/www.moskito.cz\/es\/wp-json\/wp\/v2\/types\/product"}],"replies":[{"embeddable":true,"href":"https:\/\/www.moskito.cz\/es\/wp-json\/wp\/v2\/comments?post=321531"}],"wp:featuredmedia":[{"embeddable":true,"href":"https:\/\/www.moskito.cz\/es\/wp-json\/wp\/v2\/media\/321546"}],"wp:attachment":[{"href":"https:\/\/www.moskito.cz\/es\/wp-json\/wp\/v2\/media?parent=321531"}],"wp:term":[{"taxonomy":"pwb-brand","embeddable":true,"href":"https:\/\/www.moskito.cz\/es\/wp-json\/wp\/v2\/pwb-brand?post=321531"},{"taxonomy":"product_brand","embeddable":true,"href":"https:\/\/www.moskito.cz\/es\/wp-json\/wp\/v2\/product_brand?post=321531"},{"taxonomy":"product_cat","embeddable":true,"href":"https:\/\/www.moskito.cz\/es\/wp-json\/wp\/v2\/product_cat?post=321531"},{"taxonomy":"product_tag","embeddable":true,"href":"https:\/\/www.moskito.cz\/es\/wp-json\/wp\/v2\/product_tag?post=321531"}],"curies":[{"name":"wp","href":"https:\/\/api.w.org\/{rel}","templated":true}]}}