{"id":321624,"date":"2024-03-19T19:28:30","date_gmt":"2024-03-19T18:31:23","guid":{"rendered":"https:\/\/www.moskito.cz\/produkt\/cuchillo-de-tiro-pro-tech-custom-godson-2024-godson-custom-003\/"},"modified":"2025-05-07T11:06:28","modified_gmt":"2025-05-07T10:06:28","slug":"cuchillo-de-tiro-pro-tech-custom-godson-2024-godson-custom-003","status":"publish","type":"product","link":"https:\/\/www.moskito.cz\/es\/produkt\/cuchillo-de-tiro-pro-tech-custom-godson-2024-godson-custom-003\/","title":{"rendered":"Cuchillo de tiro Pro-Tech Custom Godson 2024.Godson.Custom.003"},"content":{"rendered":"<p>Cuchillo de tiro <strong>Pro-Tech<\/strong> Custom Godson 2024.Godson.Custom.003<\/p>\n<p>Cada cuchillo <strong>Pro-Tech<\/strong> es una combinaci\u00f3n de los mejores materiales disponibles y un compromiso con la artesan\u00eda. Los cuchillos Pro-Tech se fabrican utilizando procesos de fabricaci\u00f3n de \u00faltima generaci\u00f3n que incluyen; Mecanizado CNC, electroerosi\u00f3n por hilo, corte por l\u00e1ser, etc. Los componentes de alta tecnolog\u00eda son ensamblados y ensamblados a mano por artesanos dedicados y meticulosos en sus instalaciones de Artesia, California. Fabrican peque\u00f1os lotes de sus cuchillos para poder tomarse el tiempo de ajustar y terminar cada cuchillo individualmente a mano a un nivel que rara vez se ve en los cuchillos de f\u00e1brica. Sus modelos de cuchillos de producci\u00f3n ofrecen el mejor dise\u00f1o, funci\u00f3n y valor de cualquier cuchillo del mercado actual. Sus navajas autom\u00e1ticas personalizadas son obras de arte \u00fanicas. Cada uno de los cuchillos personalizados de edici\u00f3n limitada ejemplifica una herencia de calidad. No importa cu\u00e1l de sus cuchillos elijas, estamos seguros de que estar\u00e1s muy satisfecho con tu compra.<\/p>\n<p>Pro-Tech Knives se enorgullece de ser la primera opci\u00f3n de los profesionales militares y policiales en todo el mundo. Los cuchillos Pro-Tech est\u00e1n dise\u00f1ados para durar y durar. Esta es la versi\u00f3n muy esperada del popular cuchillo Godfather AUTO con una hoja de 3,15&#8243;. La inspiraci\u00f3n italiana y la innovaci\u00f3n estadounidense han creado otro excelente cuchillo autom\u00e1tico con resorte helicoidal. Al igual que el Godfather original con hoja de 4&#8243;, el Godson est\u00e1 disponible en una amplia variedad de estilos. y materiales. Este modelo personalizado cuenta con una hoja satinada de 154 cm y mangos de titanio de piel de naranja anodizado en bronce con centros de plantilla azul.<\/p>\n<p>Especificaciones<br \/>\nLongitud de la hoja: 8 cm<br \/>\nLargo cerrado: 11cm<br \/>\nLongitud total: 19 cm<br \/>\nMaterial de la hoja: acero inoxidable de 154 cm.<br \/>\nGrosor de la hoja: 0,110&#8243;<br \/>\nEstilo de hoja: punta de lanza<br \/>\nRectificado de la hoja: Plano<br \/>\nTratamiento de la superficie de la hoja: Grabado \u00e1cido<br \/>\nMaterial del mango: Centros de titanio con plantilla azul con postes de color naranja bronce<br \/>\nMecanismo de bloqueo: Bot\u00f3n de perla dorada.<br \/>\nClip de bolsillo: Titanio (plegable, uso adecuado)<br \/>\nPeso: 3,5 onzas.<br \/>\nHecho en EE.UU<\/p>\n","protected":false},"excerpt":{"rendered":"<p><strong>Nuestros modelos de cuchillos de producci\u00f3n ofrecen el mejor dise\u00f1o, funci\u00f3n y valor de cualquier cuchillo del mercado actual. Nuestros cuchillos art\u00edsticos personalizados son obras de arte \u00fanicas. Cada uno de nuestros cuchillos personalizados de edici\u00f3n limitada ejemplifica una herencia de calidad. No importa cu\u00e1l de nuestros cuchillos elija, estamos seguros de que quedar\u00e1 muy satisfecho con su compra.<\/strong><\/p>\n<p><strong>Gracias por su inter\u00e9s en nuestros cuchillos de calidad.<\/strong><\/p>\n<p>Transporte gratuito.<\/p>\n","protected":false},"featured_media":321590,"comment_status":"open","ping_status":"closed","template":"","meta":[],"pwb-brand":[3815],"product_brand":[],"product_cat":[3726,3729],"product_tag":[3756],"class_list":{"0":"post-321624","1":"product","2":"type-product","3":"status-publish","4":"has-post-thumbnail","6":"pwb-brand-para-tecnologia","7":"product_cat-cuchillos","8":"product_cat-cuchillos-de-tiro","9":"product_tag-b2b-es","11":"first","12":"instock","13":"taxable","14":"shipping-taxable","15":"purchasable","16":"product-type-simple"},"brands":[{"id":3815,"name":"Para tecnolog\u00eda","slug":"para-tecnologia"}],"_links":{"self":[{"href":"https:\/\/www.moskito.cz\/es\/wp-json\/wp\/v2\/product\/321624","targetHints":{"allow":["GET"]}}],"collection":[{"href":"https:\/\/www.moskito.cz\/es\/wp-json\/wp\/v2\/product"}],"about":[{"href":"https:\/\/www.moskito.cz\/es\/wp-json\/wp\/v2\/types\/product"}],"replies":[{"embeddable":true,"href":"https:\/\/www.moskito.cz\/es\/wp-json\/wp\/v2\/comments?post=321624"}],"wp:featuredmedia":[{"embeddable":true,"href":"https:\/\/www.moskito.cz\/es\/wp-json\/wp\/v2\/media\/321590"}],"wp:attachment":[{"href":"https:\/\/www.moskito.cz\/es\/wp-json\/wp\/v2\/media?parent=321624"}],"wp:term":[{"taxonomy":"pwb-brand","embeddable":true,"href":"https:\/\/www.moskito.cz\/es\/wp-json\/wp\/v2\/pwb-brand?post=321624"},{"taxonomy":"product_brand","embeddable":true,"href":"https:\/\/www.moskito.cz\/es\/wp-json\/wp\/v2\/product_brand?post=321624"},{"taxonomy":"product_cat","embeddable":true,"href":"https:\/\/www.moskito.cz\/es\/wp-json\/wp\/v2\/product_cat?post=321624"},{"taxonomy":"product_tag","embeddable":true,"href":"https:\/\/www.moskito.cz\/es\/wp-json\/wp\/v2\/product_tag?post=321624"}],"curies":[{"name":"wp","href":"https:\/\/api.w.org\/{rel}","templated":true}]}}