{"id":321691,"date":"2024-03-19T20:21:31","date_gmt":"2024-03-19T19:24:14","guid":{"rendered":"https:\/\/www.moskito.cz\/produkt\/cuchillo-plegable-pro-tech-mordax-blade-show-texas-n-o-31-de-100\/"},"modified":"2025-05-07T11:06:30","modified_gmt":"2025-05-07T10:06:30","slug":"cuchillo-plegable-pro-tech-mordax-blade-show-texas-n-o-31-de-100","status":"publish","type":"product","link":"https:\/\/www.moskito.cz\/es\/produkt\/cuchillo-plegable-pro-tech-mordax-blade-show-texas-n-o-31-de-100\/","title":{"rendered":"Cuchillo plegable Pro-Tech Mordax-Blade Show Texas n.\u00ba 31 de 100"},"content":{"rendered":"<p>Cuchillo plegable <strong>Pro-Tech Mordax<\/strong> -Blade Show Texas n.\u00ba 31 de 100<\/p>\n<p><strong>Este cuchillo fue fabricado \u00fanicamente para la exposici\u00f3n de Texas con el n\u00famero de serie 31 de 100.<\/strong><\/p>\n<p>Este Mordax de Pro-Tech presenta un dise\u00f1o Ferrum Forge y presenta una hoja de punta de gota negra. El mango tiene un marco de aluminio negro fresado con una punta de acero inoxidable negra. Bot\u00f3n de mosaico.<\/p>\n<p>Cuchillos Pro-Tech<br \/>\nEl arte de la excelencia en la fabricaci\u00f3n moderna se une a la artesan\u00eda del viejo mundo. Pro-Tech Knives, LLC es una empresa familiar de cuchillos que produce cuchillos de alta calidad fabricados en Estados Unidos desde 1998. Cada cuchillo Pro-Tech es una combinaci\u00f3n de los mejores materiales disponibles y un compromiso con la artesan\u00eda. Nuestros cuchillos se fabrican utilizando procesos de fabricaci\u00f3n de \u00faltima generaci\u00f3n que incluyen; Mecanizado CNC, electroerosi\u00f3n por hilo, corte por l\u00e1ser, etc. Los componentes de alta tecnolog\u00eda son ensamblados y ensamblados a mano por artesanos dedicados y atentos aqu\u00ed en nuestra f\u00e1brica. \u00a1Hecho en America! Pro-Tech fabrica algunos de los mejores cuchillos del mundo aqu\u00ed, en los viejos Estados Unidos. La mayor\u00eda de los componentes de cada cuchillo se fabrican internamente en Pro-Tech. Comenzamos con varillas de aluminio, palanquillas de Damasco forjadas a mano, l\u00e1minas de acero y titanio. Estas materias primas de primera calidad se mecanizan, rectifican, desbarban, acaban, ensamblan, lijan, inspeccionan y empaquetan cuidadosamente aqu\u00ed, bajo un mismo techo. Hacemos peque\u00f1os lotes de nuestros cuchillos para que podamos tomarnos el tiempo de personalizar individualmente y terminar cada cuchillo a un nivel que rara vez se ve en los cuchillos de f\u00e1brica. Nuestros modelos de cuchillos de producci\u00f3n ofrecen el mejor dise\u00f1o, funci\u00f3n y valor de cualquier cuchillo del mercado actual. Nuestros cuchillos art\u00edsticos personalizados son obras de arte \u00fanicas. Cada uno de nuestros cuchillos personalizados de edici\u00f3n limitada ejemplifica una herencia de calidad. No importa cu\u00e1l de nuestros cuchillos elija, estamos seguros de que quedar\u00e1 muy satisfecho con su compra.<\/p>\n<p>Peso 3,60 onzas<br \/>\nLongitud total: 21 cm<\/p>\n<p>Longitud de la hoja: 8,75 cm<\/p>\n<p>Acabado de la superficie de la hoja: recubierto de DLC<\/p>\n<p>Material de la hoja: Magnacut<\/p>\n<p>Material del mango: aluminio 6061-T6<\/p>\n<p>Color del mango: Negro<\/p>\n<p>Usuario: mano derecha<\/p>\n<p>Clip de bolsillo: abatible<\/p>\n<p>Tipo de cuchillo: Manual<\/p>\n<p><iframe title=\"Meet Pro-Tech Knives\" width=\"800\" height=\"450\" src=\"https:\/\/www.youtube.com\/embed\/0TueVbHVDY4?feature=oembed\" frameborder=\"0\" allow=\"accelerometer; autoplay; clipboard-write; encrypted-media; gyroscope; picture-in-picture; web-share\" allowfullscreen><\/iframe><\/p>\n<p>&nbsp;<\/p>\n","protected":false},"excerpt":{"rendered":"<p><strong>Nuestros modelos de cuchillos de producci\u00f3n ofrecen el mejor dise\u00f1o, funci\u00f3n y valor de cualquier cuchillo del mercado actual. Nuestros cuchillos art\u00edsticos personalizados son obras de arte \u00fanicas. Cada uno de nuestros cuchillos personalizados de edici\u00f3n limitada ejemplifica una herencia de calidad. No importa cu\u00e1l de nuestros cuchillos elija, estamos seguros de que quedar\u00e1 muy satisfecho con su compra.<\/strong><\/p>\n<p><strong>Gracias por su inter\u00e9s en nuestros cuchillos de calidad.<\/strong><\/p>\n<p>Transporte gratuito.<\/p>\n","protected":false},"featured_media":321656,"comment_status":"open","ping_status":"closed","template":"","meta":[],"pwb-brand":[3815],"product_brand":[],"product_cat":[3730,3726],"product_tag":[3756],"class_list":{"0":"post-321691","1":"product","2":"type-product","3":"status-publish","4":"has-post-thumbnail","6":"pwb-brand-para-tecnologia","7":"product_cat-cuchillas-de-cierre","8":"product_cat-cuchillos","9":"product_tag-b2b-es","11":"first","12":"outofstock","13":"taxable","14":"shipping-taxable","15":"purchasable","16":"product-type-simple"},"brands":[{"id":3815,"name":"Para tecnolog\u00eda","slug":"para-tecnologia"}],"_links":{"self":[{"href":"https:\/\/www.moskito.cz\/es\/wp-json\/wp\/v2\/product\/321691","targetHints":{"allow":["GET"]}}],"collection":[{"href":"https:\/\/www.moskito.cz\/es\/wp-json\/wp\/v2\/product"}],"about":[{"href":"https:\/\/www.moskito.cz\/es\/wp-json\/wp\/v2\/types\/product"}],"replies":[{"embeddable":true,"href":"https:\/\/www.moskito.cz\/es\/wp-json\/wp\/v2\/comments?post=321691"}],"wp:featuredmedia":[{"embeddable":true,"href":"https:\/\/www.moskito.cz\/es\/wp-json\/wp\/v2\/media\/321656"}],"wp:attachment":[{"href":"https:\/\/www.moskito.cz\/es\/wp-json\/wp\/v2\/media?parent=321691"}],"wp:term":[{"taxonomy":"pwb-brand","embeddable":true,"href":"https:\/\/www.moskito.cz\/es\/wp-json\/wp\/v2\/pwb-brand?post=321691"},{"taxonomy":"product_brand","embeddable":true,"href":"https:\/\/www.moskito.cz\/es\/wp-json\/wp\/v2\/product_brand?post=321691"},{"taxonomy":"product_cat","embeddable":true,"href":"https:\/\/www.moskito.cz\/es\/wp-json\/wp\/v2\/product_cat?post=321691"},{"taxonomy":"product_tag","embeddable":true,"href":"https:\/\/www.moskito.cz\/es\/wp-json\/wp\/v2\/product_tag?post=321691"}],"curies":[{"name":"wp","href":"https:\/\/api.w.org\/{rel}","templated":true}]}}