{"id":321749,"date":"2024-03-19T21:02:39","date_gmt":"2024-03-19T20:03:59","guid":{"rendered":"https:\/\/www.moskito.cz\/produkt\/cuchillo-de-tiro-pro-tech-920-padrino\/"},"modified":"2025-05-07T11:06:31","modified_gmt":"2025-05-07T10:06:31","slug":"cuchillo-de-tiro-pro-tech-920-padrino","status":"publish","type":"product","link":"https:\/\/www.moskito.cz\/es\/produkt\/cuchillo-de-tiro-pro-tech-920-padrino\/","title":{"rendered":"Cuchillo de tiro Pro-Tech 920 Padrino"},"content":{"rendered":"<p>Cuchillo de tiro <strong>Pro-Tech<\/strong> 920 Padrino.<\/p>\n<p>Cada cuchillo <strong>Pro-Tech<\/strong> es una combinaci\u00f3n de los mejores materiales disponibles y un compromiso con la artesan\u00eda. Los cuchillos Pro-Tech se fabrican utilizando procesos de fabricaci\u00f3n de \u00faltima generaci\u00f3n que incluyen; Mecanizado CNC, electroerosi\u00f3n por hilo, corte por l\u00e1ser, etc. Los componentes de alta tecnolog\u00eda son ensamblados y ensamblados a mano por artesanos dedicados y meticulosos en sus instalaciones de Artesia, California. Fabrican peque\u00f1os lotes de sus cuchillos para poder tomarse el tiempo de ajustar y terminar cada cuchillo individualmente a mano a un nivel que rara vez se ve en los cuchillos de f\u00e1brica. Sus modelos de cuchillos de producci\u00f3n ofrecen el mejor dise\u00f1o, funci\u00f3n y valor de cualquier cuchillo del mercado actual. Sus navajas autom\u00e1ticas personalizadas son obras de arte \u00fanicas. Cada uno de los cuchillos personalizados de edici\u00f3n limitada ejemplifica una herencia de calidad. No importa cu\u00e1l de sus cuchillos elijas, estamos seguros de que estar\u00e1s muy satisfecho con tu compra.<\/p>\n<p>Pro-Tech Knives se enorgullece de ser la primera opci\u00f3n de los profesionales militares y policiales en todo el mundo. Los cuchillos Pro-Tech est\u00e1n dise\u00f1ados para durar y durar. Este incre\u00edble cuchillo AUTO de 4&#8243; con hoja presenta la influencia del cuchillo original italiano AUTO estilo \u00abStiletto\u00bb y la precisi\u00f3n moderna del resorte helicoidal Pro-Tech. Los cuchillos El Padrino est\u00e1n equipados con un mango de aluminio T6-6061, fabricado de material macizo. Construcci\u00f3n La hoja del Padrino mide cuatro pulgadas de largo y est\u00e1 hecha de acero inoxidable de 154 cm tratado t\u00e9rmicamente a 59 HRC. Hay disponibles muchos colores de mango, acabados de hojas y materiales de inserci\u00f3n diferentes. Este modelo cuenta con un mango de aluminio anodizado negro y una hoja granallada. No importa qu\u00e9 variaci\u00f3n del Padrino elijas, disfrutar\u00e1s de su combinaci\u00f3n de estilo y calidad inigualables.<\/p>\n<p>Especificaciones:<br \/>\nLongitud de la hoja: 10 cm<br \/>\nLargo cerrado: 14 cm<br \/>\nLongitud total: 24 cm<br \/>\nMaterial de la hoja: acero inoxidable de 154 cm.<br \/>\nDureza de la hoja: 59HRC<br \/>\nEstilo de hoja: punta de lanza<br \/>\nRectificado de la hoja: Plano<br \/>\nAcabado de la hoja: Bead Blast<br \/>\nMaterial del mango: aluminio T6-6061, negro<br \/>\nMecanismo de bloqueo: Bot\u00f3n<br \/>\nClip de bolsillo: Acero inoxidable negro (plegable, uso adecuado)<br \/>\nPeso: 4,0 onzas.<br \/>\nHecho en EE.UU<\/p>\n<p><iframe title=\"Meet Pro-Tech Knives\" width=\"800\" height=\"450\" src=\"https:\/\/www.youtube.com\/embed\/0TueVbHVDY4?feature=oembed\" frameborder=\"0\" allow=\"accelerometer; autoplay; clipboard-write; encrypted-media; gyroscope; picture-in-picture; web-share\" allowfullscreen><\/iframe><\/p>\n<p>&nbsp;<\/p>\n","protected":false},"excerpt":{"rendered":"<p><strong>Nuestros modelos de cuchillos de producci\u00f3n ofrecen el mejor dise\u00f1o, funci\u00f3n y valor de cualquier cuchillo del mercado actual. Nuestros cuchillos art\u00edsticos personalizados son obras de arte \u00fanicas. Cada uno de nuestros cuchillos personalizados de edici\u00f3n limitada ejemplifica una herencia de calidad. No importa cu\u00e1l de nuestros cuchillos elija, estamos seguros de que quedar\u00e1 muy satisfecho con su compra.<\/strong><\/p>\n<p><strong>Gracias por su inter\u00e9s en nuestros cuchillos de calidad.<\/strong><\/p>\n<p>Transporte gratuito.<\/p>\n","protected":false},"featured_media":321706,"comment_status":"open","ping_status":"closed","template":"","meta":[],"pwb-brand":[3815],"product_brand":[],"product_cat":[3726,3729],"product_tag":[3756],"class_list":{"0":"post-321749","1":"product","2":"type-product","3":"status-publish","4":"has-post-thumbnail","6":"pwb-brand-para-tecnologia","7":"product_cat-cuchillos","8":"product_cat-cuchillos-de-tiro","9":"product_tag-b2b-es","11":"first","12":"instock","13":"taxable","14":"shipping-taxable","15":"purchasable","16":"product-type-simple"},"brands":[{"id":3815,"name":"Para tecnolog\u00eda","slug":"para-tecnologia"}],"_links":{"self":[{"href":"https:\/\/www.moskito.cz\/es\/wp-json\/wp\/v2\/product\/321749","targetHints":{"allow":["GET"]}}],"collection":[{"href":"https:\/\/www.moskito.cz\/es\/wp-json\/wp\/v2\/product"}],"about":[{"href":"https:\/\/www.moskito.cz\/es\/wp-json\/wp\/v2\/types\/product"}],"replies":[{"embeddable":true,"href":"https:\/\/www.moskito.cz\/es\/wp-json\/wp\/v2\/comments?post=321749"}],"wp:featuredmedia":[{"embeddable":true,"href":"https:\/\/www.moskito.cz\/es\/wp-json\/wp\/v2\/media\/321706"}],"wp:attachment":[{"href":"https:\/\/www.moskito.cz\/es\/wp-json\/wp\/v2\/media?parent=321749"}],"wp:term":[{"taxonomy":"pwb-brand","embeddable":true,"href":"https:\/\/www.moskito.cz\/es\/wp-json\/wp\/v2\/pwb-brand?post=321749"},{"taxonomy":"product_brand","embeddable":true,"href":"https:\/\/www.moskito.cz\/es\/wp-json\/wp\/v2\/product_brand?post=321749"},{"taxonomy":"product_cat","embeddable":true,"href":"https:\/\/www.moskito.cz\/es\/wp-json\/wp\/v2\/product_cat?post=321749"},{"taxonomy":"product_tag","embeddable":true,"href":"https:\/\/www.moskito.cz\/es\/wp-json\/wp\/v2\/product_tag?post=321749"}],"curies":[{"name":"wp","href":"https:\/\/api.w.org\/{rel}","templated":true}]}}