{"id":321976,"date":"2024-03-19T23:11:37","date_gmt":"2024-03-19T22:15:58","guid":{"rendered":"https:\/\/www.moskito.cz\/produkt\/pro-tech-tactical-response-2-cuchillo-de-tiro-t201-lavado-a-la-piedra\/"},"modified":"2025-05-07T11:06:38","modified_gmt":"2025-05-07T10:06:38","slug":"pro-tech-tactical-response-2-cuchillo-de-tiro-t201-lavado-a-la-piedra","status":"publish","type":"product","link":"https:\/\/www.moskito.cz\/es\/produkt\/pro-tech-tactical-response-2-cuchillo-de-tiro-t201-lavado-a-la-piedra\/","title":{"rendered":"Pro-Tech Tactical Response 2 Cuchillo de tiro T201 lavado a la piedra"},"content":{"rendered":"<p>Cuchillo de tiro <strong>Pro-Tech<\/strong> Tactical Response 2 T201 lavado a la piedra.<\/p>\n<p>Cada cuchillo <strong>Pro-Tech<\/strong> es una combinaci\u00f3n de los mejores materiales disponibles y un compromiso con la artesan\u00eda. Los cuchillos <strong>Pro-Tech<\/strong> se fabrican utilizando procesos de fabricaci\u00f3n de \u00faltima generaci\u00f3n que incluyen; Mecanizado CNC, electroerosi\u00f3n por hilo, corte por l\u00e1ser, etc. Los componentes de alta tecnolog\u00eda son ensamblados y ensamblados a mano por artesanos dedicados y meticulosos en sus instalaciones de Artesia, California. Fabrican peque\u00f1os lotes de sus cuchillos para poder tomarse el tiempo de ajustar y terminar cada cuchillo individualmente a mano a un nivel que rara vez se ve en los cuchillos de f\u00e1brica. Sus modelos de cuchillos de producci\u00f3n ofrecen el mejor dise\u00f1o, funci\u00f3n y valor de cualquier cuchillo del mercado actual. Sus navajas autom\u00e1ticas personalizadas son obras de arte \u00fanicas. Cada uno de los cuchillos personalizados de edici\u00f3n limitada ejemplifica una herencia de calidad. No importa cu\u00e1l de sus cuchillos elijas, estamos seguros de que estar\u00e1s muy satisfecho con tu compra.<\/p>\n<p>Pro-Tech Knives se enorgullece de ser la primera opci\u00f3n de los profesionales militares y policiales en todo el mundo. Los cuchillos Pro-Tech est\u00e1n dise\u00f1ados para durar y durar. El TR-2 Tactical Response 2 es un modelo Pro-Tech cl\u00e1sico de m\u00e1s de 20 a\u00f1os con hoja de acero mejorada, textura de agarre mejorada y un clip ancho para un transporte profundo. Esta hermosa navaja plegable autom\u00e1tica TR-2 de edici\u00f3n limitada de Pro-Tech Knives cuenta con una hoja de acero inoxidable CPM-MagnaCut de 3,07&#8243; con un acabado lavado personalizado. El mango de aluminio negro mecanizado es ergon\u00f3mico e ideal para usar con guantes. La hoja salta del mango con solo presionar un bot\u00f3n y se bloquea con un chasquido muy positivo, orgullosamente fabricado en los EE. UU.<\/p>\n<p>Especificaciones:<br \/>\nLongitud de la hoja: 8 cm<br \/>\nLargo cerrado: 11 cm<br \/>\nLongitud total: 19 cm<br \/>\nMaterial de la hoja: CPM-MagnaCut Acero inoxidable<br \/>\nGrosor de la hoja: 0,125&#8243;<br \/>\nEstilo de hoja: punta de lanza<br \/>\nRectificado de la hoja: Plano<br \/>\nTratamiento superficial de la hoja: Stonewash<br \/>\nMaterial del mango: aluminio negro T6-6061<br \/>\nMecanismo de bloqueo: Bot\u00f3n<br \/>\nClip de bolsillo: Acero inoxidable con transporte profundo (desplegable, transporte hacia la derecha)<br \/>\nPeso: 3,60 onzas.<br \/>\nHecho en EE.UU<\/p>\n<p><iframe title=\"Meet Pro-Tech Knives\" width=\"800\" height=\"450\" src=\"https:\/\/www.youtube.com\/embed\/0TueVbHVDY4?feature=oembed\" frameborder=\"0\" allow=\"accelerometer; autoplay; clipboard-write; encrypted-media; gyroscope; picture-in-picture; web-share\" allowfullscreen><\/iframe><\/p>\n<p>&nbsp;<\/p>\n","protected":false},"excerpt":{"rendered":"<p><strong>Nuestros modelos de cuchillos de producci\u00f3n ofrecen el mejor dise\u00f1o, funci\u00f3n y valor de cualquier cuchillo del mercado actual. Nuestros cuchillos art\u00edsticos personalizados son obras de arte \u00fanicas. Cada uno de nuestros cuchillos personalizados de edici\u00f3n limitada ejemplifica una herencia de calidad. No importa cu\u00e1l de nuestros cuchillos elija, estamos seguros de que quedar\u00e1 muy satisfecho con su compra.<\/strong><\/p>\n<p><strong>Gracias por su inter\u00e9s en nuestros cuchillos de calidad.<\/strong><\/p>\n<p>Transporte gratuito.<\/p>\n","protected":false},"featured_media":321935,"comment_status":"open","ping_status":"closed","template":"","meta":[],"pwb-brand":[3815],"product_brand":[],"product_cat":[3726,3729],"product_tag":[3756],"class_list":{"0":"post-321976","1":"product","2":"type-product","3":"status-publish","4":"has-post-thumbnail","6":"pwb-brand-para-tecnologia","7":"product_cat-cuchillos","8":"product_cat-cuchillos-de-tiro","9":"product_tag-b2b-es","11":"first","12":"instock","13":"taxable","14":"shipping-taxable","15":"purchasable","16":"product-type-simple"},"brands":[{"id":3815,"name":"Para tecnolog\u00eda","slug":"para-tecnologia"}],"_links":{"self":[{"href":"https:\/\/www.moskito.cz\/es\/wp-json\/wp\/v2\/product\/321976","targetHints":{"allow":["GET"]}}],"collection":[{"href":"https:\/\/www.moskito.cz\/es\/wp-json\/wp\/v2\/product"}],"about":[{"href":"https:\/\/www.moskito.cz\/es\/wp-json\/wp\/v2\/types\/product"}],"replies":[{"embeddable":true,"href":"https:\/\/www.moskito.cz\/es\/wp-json\/wp\/v2\/comments?post=321976"}],"wp:featuredmedia":[{"embeddable":true,"href":"https:\/\/www.moskito.cz\/es\/wp-json\/wp\/v2\/media\/321935"}],"wp:attachment":[{"href":"https:\/\/www.moskito.cz\/es\/wp-json\/wp\/v2\/media?parent=321976"}],"wp:term":[{"taxonomy":"pwb-brand","embeddable":true,"href":"https:\/\/www.moskito.cz\/es\/wp-json\/wp\/v2\/pwb-brand?post=321976"},{"taxonomy":"product_brand","embeddable":true,"href":"https:\/\/www.moskito.cz\/es\/wp-json\/wp\/v2\/product_brand?post=321976"},{"taxonomy":"product_cat","embeddable":true,"href":"https:\/\/www.moskito.cz\/es\/wp-json\/wp\/v2\/product_cat?post=321976"},{"taxonomy":"product_tag","embeddable":true,"href":"https:\/\/www.moskito.cz\/es\/wp-json\/wp\/v2\/product_tag?post=321976"}],"curies":[{"name":"wp","href":"https:\/\/api.w.org\/{rel}","templated":true}]}}