{"id":322048,"date":"2022-09-29T20:53:22","date_gmt":"2024-03-20T10:04:34","guid":{"rendered":"https:\/\/www.moskito.cz\/produkt\/cuchillo-de-tiro-microtech-signature-series-makora-206-12s\/"},"modified":"2025-05-07T11:06:44","modified_gmt":"2025-05-07T10:06:44","slug":"cuchillo-de-tiro-microtech-signature-series-makora-206-12s","status":"publish","type":"product","link":"https:\/\/www.moskito.cz\/es\/produkt\/cuchillo-de-tiro-microtech-signature-series-makora-206-12s\/","title":{"rendered":"Cuchillo de tiro Microtech Signature Series Makora 206-12S"},"content":{"rendered":"<p>Cuchillo de tiro <strong>Microtech<\/strong> Signature Series Makora 206-12S.<\/p>\n<p>El concepto Makora evolucion\u00f3 a partir del famoso dise\u00f1o Microtech Ultratech. Ha sido probado en la pr\u00e1ctica y probado durante varios a\u00f1os. Este dise\u00f1o incluye muchas caracter\u00edsticas que han sido solicitadas y especificadas por usuarios que prefieren esta herramienta altamente efectiva a cualquier otra. El resorte Makora permanece en posici\u00f3n de \u00abreposo\u00bb en todo momento, excepto cuando est\u00e1 extendido. No hay fatiga en el resorte comprimido cuando el cuchillo no est\u00e1 en uso, esto brinda a los usuarios la confianza y seguridad de que cuando se presiona el bot\u00f3n de liberaci\u00f3n, el cuchillo funcionar\u00e1. Otras caracter\u00edsticas incluyen apertura y cierre r\u00e1pidos y eficientes con una sola mano, hoja de acero de primera calidad, clip de bolsillo de doble cara y tornillos a prueba de manipulaciones.<\/p>\n<p>Longitud total: 9,44 \u2033 (239,7125 mm)<br \/>\nLongitud cerrada: 6,19 \u2033 (157,15 mm)<br \/>\nLongitud de la hoja: 3,25 \u2033 (82,55 mm)<\/p>\n<p>Grosor de la hoja: 0,125 \u2033 (3,175 mm)<\/p>\n<p>Material del mango: aluminio negro<br \/>\nClip de bolsillo: inclinado hacia abajo<br \/>\nPeso: 3,4 oz (96,39 g)<\/p>\n<p><iframe title=\"Microtech Combat Troodon Torture Test\" width=\"800\" height=\"450\" src=\"https:\/\/www.youtube.com\/embed\/xE9TeOFYEjg?feature=oembed\" frameborder=\"0\" allow=\"accelerometer; autoplay; clipboard-write; encrypted-media; gyroscope; picture-in-picture; web-share\" allowfullscreen><\/iframe><\/p>\n<p>&nbsp;<\/p>\n","protected":false},"excerpt":{"rendered":"<p>A lo largo de los a\u00f1os, Microtech\u00ae Knives ha llenado los cuchillos con pasi\u00f3n y habilidad para crear casi obras de arte que son el pin\u00e1culo de la funcionalidad. Todas las piezas se fabrican en los EE. UU.<br \/>\n<strong>Todas las cuchillas Microtech est\u00e1n garantizadas de por vida (m\u00edn. 80.000 ciclos, apertura y cierre)<\/strong><\/p>\n<p><strong>Transporte gratuito.<\/strong><\/p>\n","protected":false},"featured_media":322053,"comment_status":"open","ping_status":"closed","template":"","meta":[],"pwb-brand":[3752],"product_brand":[],"product_cat":[3726,3729],"product_tag":[3756],"class_list":{"0":"post-322048","1":"product","2":"type-product","3":"status-publish","4":"has-post-thumbnail","6":"pwb-brand-microtecnologia","7":"product_cat-cuchillos","8":"product_cat-cuchillos-de-tiro","9":"product_tag-b2b-es","11":"first","12":"instock","13":"taxable","14":"shipping-taxable","15":"purchasable","16":"product-type-simple"},"brands":[{"id":3752,"name":"microtecnolog\u00eda","slug":"microtecnologia"}],"_links":{"self":[{"href":"https:\/\/www.moskito.cz\/es\/wp-json\/wp\/v2\/product\/322048","targetHints":{"allow":["GET"]}}],"collection":[{"href":"https:\/\/www.moskito.cz\/es\/wp-json\/wp\/v2\/product"}],"about":[{"href":"https:\/\/www.moskito.cz\/es\/wp-json\/wp\/v2\/types\/product"}],"replies":[{"embeddable":true,"href":"https:\/\/www.moskito.cz\/es\/wp-json\/wp\/v2\/comments?post=322048"}],"wp:featuredmedia":[{"embeddable":true,"href":"https:\/\/www.moskito.cz\/es\/wp-json\/wp\/v2\/media\/322053"}],"wp:attachment":[{"href":"https:\/\/www.moskito.cz\/es\/wp-json\/wp\/v2\/media?parent=322048"}],"wp:term":[{"taxonomy":"pwb-brand","embeddable":true,"href":"https:\/\/www.moskito.cz\/es\/wp-json\/wp\/v2\/pwb-brand?post=322048"},{"taxonomy":"product_brand","embeddable":true,"href":"https:\/\/www.moskito.cz\/es\/wp-json\/wp\/v2\/product_brand?post=322048"},{"taxonomy":"product_cat","embeddable":true,"href":"https:\/\/www.moskito.cz\/es\/wp-json\/wp\/v2\/product_cat?post=322048"},{"taxonomy":"product_tag","embeddable":true,"href":"https:\/\/www.moskito.cz\/es\/wp-json\/wp\/v2\/product_tag?post=322048"}],"curies":[{"name":"wp","href":"https:\/\/api.w.org\/{rel}","templated":true}]}}