{"id":322135,"date":"2022-04-16T15:43:58","date_gmt":"2024-03-20T10:27:54","guid":{"rendered":"https:\/\/www.moskito.cz\/produkt\/cuchillo-de-tiro-con-bayoneta-de-cuerno-de-ciervo-stiletto-beltrame\/"},"modified":"2025-05-07T11:06:48","modified_gmt":"2025-05-07T10:06:48","slug":"cuchillo-de-tiro-con-bayoneta-de-cuerno-de-ciervo-stiletto-beltrame","status":"publish","type":"product","link":"https:\/\/www.moskito.cz\/es\/produkt\/cuchillo-de-tiro-con-bayoneta-de-cuerno-de-ciervo-stiletto-beltrame\/","title":{"rendered":"Navaja plegable Beltrame Stiletto de 23 cm con bayoneta de asta de ciervo"},"content":{"rendered":"<div class=\"flex-1 overflow-hidden @container\/thread\">\n<div class=\"h-full\">\n<div class=\"react-scroll-to-bottom--css-quzxw-79elbk h-full\">\n<div class=\"react-scroll-to-bottom--css-quzxw-1n7m0yu\">\n<div class=\"flex flex-col text-sm md:pb-9\">\n<article class=\"w-full scroll-mb-[var(--thread-trailing-height,150px)] text-token-text-primary focus-visible:outline-2 focus-visible:outline-offset-[-4px]\" dir=\"auto\" data-testid=\"conversation-turn-53\" data-scroll-anchor=\"true\">\n<div class=\"m-auto text-base py-[18px] px-3 md:px-4 w-full md:px-5 lg:px-4 xl:px-5\">\n<div class=\"mx-auto flex flex-1 gap-4 text-base md:gap-5 lg:gap-6 md:max-w-3xl\">\n<div class=\"group\/conversation-turn relative flex w-full min-w-0 flex-col agent-turn\">\n<div class=\"flex-col gap-1 md:gap-3\">\n<div class=\"flex max-w-full flex-col flex-grow\">\n<div class=\"min-h-8 text-message flex w-full flex-col items-end gap-2 whitespace-normal break-words text-start [.text-message+&amp;]:mt-5\" dir=\"auto\" data-message-author-role=\"assistant\" data-message-id=\"7ad10b18-7fff-4e25-8f39-a6de18e1e608\" data-message-model-slug=\"gpt-4o-mini\">\n<div class=\"flex w-full flex-col gap-1 empty:hidden first:pt-[3px]\">\n<div class=\"markdown prose w-full break-words dark:prose-invert light\">\n<h3 data-pm-slice=\"1 1 []\">\u2694\ufe0f <strong>Cuchillo de bayoneta Beltrame Stiletto de asta de ciervo de 23 cm: cl\u00e1sico con dise\u00f1o natural<\/strong><\/h3>\n<p><strong>El cuchillo plegable Beltrame Stiletto Stag Horn Bayonet 23 cm<\/strong> representa <strong>un estilete italiano tradicional<\/strong> que combina <strong>elegancia, calidad y funcionalidad<\/strong> . El mango de asta <strong>de ciervo<\/strong> genuina le da al cuchillo un aspecto natural \u00fanico, mientras que la hoja <strong>de bayoneta<\/strong> asegura <strong>un corte preciso y una larga vida \u00fatil<\/strong> . Este modelo es ideal para coleccionistas, pero tambi\u00e9n para el uso diario.  <\/p>\n<div>\n<hr>\n<\/div>\n<h3>\u2728 <strong>Caracter\u00edsticas principales<\/strong><\/h3>\n<p>\ud83d\udd2a <strong>Hoja<\/strong> : <strong>acero inoxidable 440A<\/strong> \u2013 gran resistencia a la corrosi\u00f3n y f\u00e1cil afilado.<br \/>\n\ud83d\udccf <strong>Longitud de la hoja<\/strong> : <strong>10 cm<\/strong> \u2013 ideal para uso diario.<br \/>\n\ud83d\udcd0 <strong>Longitud total<\/strong> : <strong>23 cm<\/strong> \u2013 compacto pero lo suficientemente efectivo.<br \/>\n\u2696\ufe0f <strong>Peso<\/strong> : <strong>aprox. 150 g<\/strong> &#8211; Cuchillo ligero y f\u00e1cil de manejar.<br \/>\n\ud83d\udd04 <strong>Mecanismo<\/strong> : <strong>Pop-up con cierre de seguridad<\/strong> \u2013 apertura instant\u00e1nea con un solo empuj\u00f3n.<br \/>\n\ud83d\udd17 <strong>Seguridad<\/strong> : <strong>Seguridad trasera<\/strong> : bloqueo seguro de la cuchilla.<br \/>\n\ud83c\udf3f : <strong>Cuerno<\/strong> <strong>de ciervo<\/strong> &#8211; material natural aut\u00e9ntico, cada pieza es original.<\/p>\n<div>\n<hr>\n<\/div>\n<h3>\ud83d\udccc <strong>Uso<\/strong><\/h3>\n<p>\u2705 <strong>Pieza de colecci\u00f3n<\/strong> : dise\u00f1o tradicional italiano y materiales exclusivos.<br \/>\n\u2705 <strong>Elegante navaja de bolsillo<\/strong> , adecuada para llevar a diario.<br \/>\n\u2705 <strong>Un regalo elegante<\/strong> que encantar\u00e1 a todos los amantes de los cuchillos y los cl\u00e1sicos.<\/p>\n<div>\n<hr>\n<\/div>\n<h3>\ud83d\udd27 <strong>Mantenimiento y rectificado<\/strong><\/h3>\n<p>\ud83e\uddfc <strong>Limpieza<\/strong> : Limpie la cuchilla despu\u00e9s de usarla y aplique regularmente aceite a la uni\u00f3n del mecanismo.<br \/>\n\ud83e\ude92 <strong>Afilado<\/strong> : Utilice afiladores de diamante o de cer\u00e1mica de alta calidad.<br \/>\n\ud83c\udf21\ufe0f <strong>Almacenamiento<\/strong> : Mantener seco, la cornamenta de ciervo puede ser sensible a la humedad extrema.<\/p>\n<div>\n<hr>\n<\/div>\n<h3>\u2705 <strong>Beneficios<\/strong><\/h3>\n<p>\u2714\ufe0f <strong>Mango de asta de ciervo genuina<\/strong> : apariencia \u00fanica y est\u00e9tica natural.<br \/>\n\u2714\ufe0f <strong>Mecanismo de disparo r\u00e1pido<\/strong> : respuesta instant\u00e1nea con un bot\u00f3n.<br \/>\n\u2714\ufe0f <strong>Tama\u00f1o compacto<\/strong> : c\u00f3modo de transportar y manipular.<br \/>\n\u2714\ufe0f <strong>Hoja de bayoneta tradicional<\/strong> : filo preciso con dise\u00f1o elegante.<\/p>\n<div>\n<hr>\n<\/div>\n<h3>\u274c <strong>Desventajas<\/strong><\/h3>\n<p>\u2757 <strong>m\u00e1s alto<\/strong> : corresponde a materiales de calidad y mano de obra artesanal.<br \/>\n\u2757 <strong>cornamenta del ciervo requiere cuidados<\/strong> : puede ser sensible a condiciones extremas.<br \/>\n\u2757 <strong>No es adecuado para trabajos pesados<\/strong> : es m\u00e1s un modelo elegante y coleccionable que una herramienta de trabajo.<\/p>\n<div>\n<hr>\n<\/div>\n<h3>\ud83d\udd1a <strong>Conclusi\u00f3n<\/strong><\/h3>\n<p><strong>La bayoneta Beltrame Stiletto Stag Horn de 23 cm<\/strong> es <strong>un cuchillo italiano cl\u00e1sico<\/strong> que atraer\u00e1 no solo a los coleccionistas, sino tambi\u00e9n a aquellos que buscan <strong>un cuchillo plegable elegante, de alta calidad y confiable<\/strong> . <strong>Si quieres una pieza de elegancia tradicional en tu colecci\u00f3n, este modelo es la elecci\u00f3n ideal.<\/strong><\/p>\n<p>\ud83d\udce2 <strong>P\u00eddelo ahora y ampl\u00eda tu colecci\u00f3n con un aut\u00e9ntico stiletto italiano!<\/strong> \ud83d\uded2<\/p>\n<\/div>\n<\/div>\n<\/div>\n<\/div>\n<div class=\"pr-2 lg:pr-0\"><\/div>\n<\/div>\n<\/div>\n<\/div>\n<\/div>\n<\/article>\n<\/div>\n<\/div>\n<\/div>\n<\/div>\n<\/div>\n<div class=\"md:pt-0 dark:border-white\/20 md:border-transparent md:dark:border-transparent w-full\">\n<div>\n<div class=\"m-auto text-base px-3 md:px-4 w-full md:px-5 lg:px-4 xl:px-5\">\n<div class=\"mx-auto flex flex-1 gap-4 text-base md:gap-5 lg:gap-6 md:max-w-3xl\">\n<div class=\"flex justify-center\"><\/div>\n<\/div>\n<\/div>\n<\/div>\n<\/div>\n","protected":false},"excerpt":{"rendered":"<p><strong>La bayoneta Beltrame Stiletto Stag Horn de 23 cm es un cuchillo italiano cl\u00e1sico que atraer\u00e1 no solo a los coleccionistas, sino tambi\u00e9n a aquellos que buscan un cuchillo plegable elegante, de alta calidad y confiable. Si quieres una pieza de elegancia tradicional en tu colecci\u00f3n, este modelo es la elecci\u00f3n ideal. <\/strong><\/p>\n","protected":false},"featured_media":322139,"comment_status":"open","ping_status":"closed","template":"","meta":[],"pwb-brand":[3781],"product_brand":[],"product_cat":[3726,3729],"product_tag":[3756],"class_list":{"0":"post-322135","1":"product","2":"type-product","3":"status-publish","4":"has-post-thumbnail","6":"pwb-brand-beltrame-es","7":"product_cat-cuchillos","8":"product_cat-cuchillos-de-tiro","9":"product_tag-b2b-es","11":"first","12":"outofstock","13":"taxable","14":"shipping-taxable","15":"purchasable","16":"product-type-simple"},"brands":[{"id":3781,"name":"Beltram\u00e9","slug":"beltrame-es"}],"_links":{"self":[{"href":"https:\/\/www.moskito.cz\/es\/wp-json\/wp\/v2\/product\/322135","targetHints":{"allow":["GET"]}}],"collection":[{"href":"https:\/\/www.moskito.cz\/es\/wp-json\/wp\/v2\/product"}],"about":[{"href":"https:\/\/www.moskito.cz\/es\/wp-json\/wp\/v2\/types\/product"}],"replies":[{"embeddable":true,"href":"https:\/\/www.moskito.cz\/es\/wp-json\/wp\/v2\/comments?post=322135"}],"wp:featuredmedia":[{"embeddable":true,"href":"https:\/\/www.moskito.cz\/es\/wp-json\/wp\/v2\/media\/322139"}],"wp:attachment":[{"href":"https:\/\/www.moskito.cz\/es\/wp-json\/wp\/v2\/media?parent=322135"}],"wp:term":[{"taxonomy":"pwb-brand","embeddable":true,"href":"https:\/\/www.moskito.cz\/es\/wp-json\/wp\/v2\/pwb-brand?post=322135"},{"taxonomy":"product_brand","embeddable":true,"href":"https:\/\/www.moskito.cz\/es\/wp-json\/wp\/v2\/product_brand?post=322135"},{"taxonomy":"product_cat","embeddable":true,"href":"https:\/\/www.moskito.cz\/es\/wp-json\/wp\/v2\/product_cat?post=322135"},{"taxonomy":"product_tag","embeddable":true,"href":"https:\/\/www.moskito.cz\/es\/wp-json\/wp\/v2\/product_tag?post=322135"}],"curies":[{"name":"wp","href":"https:\/\/api.w.org\/{rel}","templated":true}]}}