{"id":322137,"date":"2023-09-27T20:58:58","date_gmt":"2024-03-20T10:27:54","guid":{"rendered":"https:\/\/www.moskito.cz\/produkt\/cuchillo-de-tiro-beltrame-stiletto-plastic-kris\/"},"modified":"2025-06-25T16:02:48","modified_gmt":"2025-06-25T15:02:48","slug":"cuchillo-de-tiro-beltrame-stiletto-plastic-kris","status":"publish","type":"product","link":"https:\/\/www.moskito.cz\/es\/produkt\/cuchillo-de-tiro-beltrame-stiletto-plastic-kris\/","title":{"rendered":"Cuchillo de tiro Beltrame Stiletto Plastic Kris"},"content":{"rendered":"<p>Cuchillo de tiro <strong>Beltrame<\/strong> Stiletto Plastic Kris<\/p>\n<p>Frank Beltrame Kris Black 28cm, cuchillo de muelle tradicional italiano. Los cuchillos Frank Beltrame Stiletto, hechos a mano seg\u00fan los principios de la artesan\u00eda italiana, se han hecho mundialmente famosos por su extrema ligereza y durabilidad. Por sus caracter\u00edsticas, la daga italiana es apta para su uso en cualquier entorno, desde la caza hasta el camping. Construcci\u00f3n robusta y duradera, fuerte resorte de apertura de la hoja, esta es la caracter\u00edstica de los cl\u00e1sicos cuchillos de resorte italianos Frank Beltrame.<\/p>\n<p>Mango: recubierto con empu\u00f1aduras de pol\u00edmero duro en color negro. Con un acabado en n\u00edquel pulido, proporciona un agarre c\u00f3modo y seguro. La seguridad de uso se ve reforzada por la forma ergon\u00f3mica del mango, que evita que la mano se resbale durante el trabajo. Remaches de lat\u00f3n.<\/p>\n<p>Kris, o keris, es una daga asim\u00e9trica de Indonesia, tanto un arma como un objeto espiritual, con un patr\u00f3n de hoja distintivo obtenido alternando la laminaci\u00f3n de hierro y hierro niquelado. Originario de Java, el kris es conocido por su caracter\u00edstica hoja ondulada, aunque muchos tambi\u00e9n tienen hojas rectas, y es una de las armas com\u00fanmente utilizadas en el arte marcial indonesio de pencak silat.<\/p>\n<p>Hoja: extremadamente afilada con perfil Kris, 3,5 mm de grosor con hoja falsa para aumentar las propiedades de penetraci\u00f3n. Fabricado en acero inoxidable AISI 420 MA5M de f\u00e1cil rectificado, caracterizado por una alta resistencia a la corrosi\u00f3n. Acero endurecido 56 HRC. Un tipo de hoja com\u00fan derivada del rectificado plano para obtener buenas propiedades de corte y penetraci\u00f3n. La estela protege la mano de resbalones accidentales y se puede presionar para plegar la hoja.<\/p>\n<p>Bloqueo: protege contra el plegado o apertura accidental de la hoja. La apertura de la navaja autom\u00e1tica se realiza con un bot\u00f3n fijo situado en el mango.<\/p>\n<p>Muelle: se presta especial atenci\u00f3n al dise\u00f1o de los muelles (acero inoxidable): la apertura de la hoja debe realizarse en unas pocas cent\u00e9simas de segundo (caracter\u00edstica de los cuchillos Stiletto). Folder Beltrame emite un sonido caracter\u00edstico (clic) al abrir la hoja, lo que lo distingue de otros cuchillos de resorte.<\/p>\n<p>Especificaciones:<br \/>\nN\u00famero de producto: FB 23\/37K<br \/>\nNombre del producto: Frank Beltrame Kris Negro 23cm.<\/p>\n<p>Longitud total: 28 mm\/9,06&#8243;<br \/>\nLongitud de la hoja: 12 cm\/3,86&#8243;<br \/>\nGrosor de la hoja: 0,35 cm\/0,14&#8243;<br \/>\nPeso: 108,0 g\/3,81 oz<\/p>\n<p>Material de la hoja: AISI 420 MA5M<br \/>\nDureza de la hoja: 56 HRC<br \/>\nRectificado de la hoja: plano<\/p>\n<p>Material del mango: Pol\u00edmero negro<br \/>\nColor del acabado del mango: Negro<br \/>\nMaterial del espaciador: Acero inoxidable<\/p>\n","protected":false},"excerpt":{"rendered":"<p><strong>Los cuchillos Beltrame se fabrican en Italia desde 1953. La empresa fue fundada por Frank Beltram. El secreto de la elaboraci\u00f3n de estos cuchillos Stiletto forma parte de la historia de Maniago, que se ha transmitido de padres a hijos.<\/strong><br \/>\n<strong>Hecho en Italia.<\/strong><\/p>\n","protected":false},"featured_media":322142,"comment_status":"open","ping_status":"closed","template":"","meta":[],"pwb-brand":[3781],"product_brand":[],"product_cat":[3729,3726],"product_tag":[3756],"class_list":{"0":"post-322137","1":"product","2":"type-product","3":"status-publish","4":"has-post-thumbnail","6":"pwb-brand-beltrame-es","7":"product_cat-cuchillos-de-tiro","8":"product_cat-cuchillos","9":"product_tag-b2b-es","11":"first","12":"outofstock","13":"taxable","14":"shipping-taxable","15":"purchasable","16":"product-type-simple"},"brands":[{"id":3781,"name":"Beltram\u00e9","slug":"beltrame-es"}],"_links":{"self":[{"href":"https:\/\/www.moskito.cz\/es\/wp-json\/wp\/v2\/product\/322137","targetHints":{"allow":["GET"]}}],"collection":[{"href":"https:\/\/www.moskito.cz\/es\/wp-json\/wp\/v2\/product"}],"about":[{"href":"https:\/\/www.moskito.cz\/es\/wp-json\/wp\/v2\/types\/product"}],"replies":[{"embeddable":true,"href":"https:\/\/www.moskito.cz\/es\/wp-json\/wp\/v2\/comments?post=322137"}],"wp:featuredmedia":[{"embeddable":true,"href":"https:\/\/www.moskito.cz\/es\/wp-json\/wp\/v2\/media\/322142"}],"wp:attachment":[{"href":"https:\/\/www.moskito.cz\/es\/wp-json\/wp\/v2\/media?parent=322137"}],"wp:term":[{"taxonomy":"pwb-brand","embeddable":true,"href":"https:\/\/www.moskito.cz\/es\/wp-json\/wp\/v2\/pwb-brand?post=322137"},{"taxonomy":"product_brand","embeddable":true,"href":"https:\/\/www.moskito.cz\/es\/wp-json\/wp\/v2\/product_brand?post=322137"},{"taxonomy":"product_cat","embeddable":true,"href":"https:\/\/www.moskito.cz\/es\/wp-json\/wp\/v2\/product_cat?post=322137"},{"taxonomy":"product_tag","embeddable":true,"href":"https:\/\/www.moskito.cz\/es\/wp-json\/wp\/v2\/product_tag?post=322137"}],"curies":[{"name":"wp","href":"https:\/\/api.w.org\/{rel}","templated":true}]}}