{"id":322176,"date":"2020-12-08T21:17:07","date_gmt":"2024-03-20T10:31:11","guid":{"rendered":"https:\/\/www.moskito.cz\/produkt\/cuchillo-de-tiro-de-plastico-beltrame-stiletto-2\/"},"modified":"2025-10-25T05:20:22","modified_gmt":"2025-10-25T04:20:22","slug":"cuchillo-de-tiro-de-plastico-beltrame-stiletto-2","status":"publish","type":"product","link":"https:\/\/www.moskito.cz\/es\/produkt\/cuchillo-de-tiro-de-plastico-beltrame-stiletto-2\/","title":{"rendered":"Cuchillo de tiro de pl\u00e1stico Beltrame Stiletto"},"content":{"rendered":"<p>Cuchillo de tiro de pl\u00e1stico <strong>Beltrame<\/strong> Stiletto.<\/p>\n<p>Cuchillo italiano cl\u00e1sico Stiletto Black Dagger Cuchillo tradicional italiano de 28 cm. Los cuchillos Frank Beltrame Stiletto, completamente hechos a mano seg\u00fan los principios de la artesan\u00eda italiana, son famosos en todo el mundo por su extrema ligereza y durabilidad. Por sus caracter\u00edsticas, la daga italiana es apta para su uso en cualquier entorno, desde la caza hasta el camping. La construcci\u00f3n s\u00f3lida y duradera y el fuerte resorte de apertura de la hoja son el sello distintivo de los cinturones de resorte cl\u00e1sicos italianos Frank Beltrame.<\/p>\n<p>Muelle: el fabricante presta especial atenci\u00f3n al dise\u00f1o del muelle (acero inoxidable): la hoja debe abrirse en unas pocas cent\u00e9simas de segundo (caracter\u00edstica de los cuchillos Stiletto). El componente Beltrame emite un sonido caracter\u00edstico (clic) al abrir la hoja, lo que lo distingue de otros cuchillos con resorte. En este ejemplar, el momento de potencia tira agradablemente de la mano al abrir, mostrando la potencia que yace latente en los muelles Beltrame.<\/p>\n<p>Bloqueo: evita el plegado o apertura accidental de la hoja. La apertura de la navaja autom\u00e1tica se realiza mediante un bot\u00f3n fijo situado en el mango.<\/p>\n<p>Hoja: hoja extremadamente afilada y precisa con perfil Daga, espesor 3,5 mm, fabricada en acero inoxidable AISI 420 MA5M, f\u00e1cil de afilar, caracterizada por una alta resistencia a la corrosi\u00f3n. Acero endurecido 56 HRC. Un tipo de hoja com\u00fan derivado del rectificado plano proporciona buenas propiedades de corte y penetraci\u00f3n.<\/p>\n<p>Mango: cubierto con revestimientos de pol\u00edmero duro negro, acabado con n\u00edquel pulido, proporciona un agarre c\u00f3modo y seguro. La parte interior del tirador est\u00e1 rematada con inserciones de lat\u00f3n que aumentan el valor est\u00e9tico. La seguridad de uso se ve reforzada por la forma ergon\u00f3mica del mango, que evita que la mano se resbale durante el trabajo. Remaches de lat\u00f3n.<\/p>\n<p>Especificaciones:<br \/>\nN\u00famero de producto: FB 28\/37<br \/>\nNombre: Daga negra de aguja italiana cl\u00e1sica 28<br \/>\nTipo de acero: AISI 420 MA5M<br \/>\nDureza de la hoja Rockwell: 56 HRC<br \/>\nLongitud de la hoja: 12 cm\/4,72 pulgadas<br \/>\nGrosor de la hoja: 0,35 cm\/1,13&#8243;<br \/>\nLongitud total: 28 cm\/11,02 pulgadas<br \/>\nPeso: 125 g\/4,19 oz<br \/>\nHoja: Lisa<br \/>\nTipo de hoja: Daga (daga)<br \/>\nBloqueo de cuchillo: S\u00ed<br \/>\nTipo de mango: Pl\u00e1stico<br \/>\nFabricante: F.LLI Beltrame, Italia<\/p>\n<p>Los cuchillos Beltrame se fabrican en Italia desde 1953. La empresa fue fundada por Frank Beltram. El secreto de la elaboraci\u00f3n de estos cuchillos Stiletto forma parte de la historia de Maniago, que se ha transmitido de padres a hijos. Cuando era peque\u00f1o, Frank ayud\u00f3 en la f\u00e1brica de su padre, donde m\u00e1s tarde comenz\u00f3 a trabajar como aprendiz de su padre. Adem\u00e1s, asisti\u00f3 a una escuela de cuchiller\u00eda tradicional, donde aprendi\u00f3 todo sobre diferentes materiales, las \u00faltimas tecnolog\u00edas de procesamiento y diferentes estilos de dise\u00f1o. En 1958, Frank y su familia empezaron a fabricar cuchillos autom\u00e1ticos. Un a\u00f1o despu\u00e9s de que el padre de Frank muriera de un ataque card\u00edaco mientras trabajaba en la f\u00e1brica, Frank fund\u00f3 la empresa Beltrame. En los a\u00f1os siguientes continu\u00f3 estudiando e investigando cuchillos, materiales adecuados y dise\u00f1o. Al poco tiempo, aparecieron en el mercado imitaciones baratas de Taiw\u00e1n, los tradicionales cuchillos Stiletto italianos. Entonces Frank tuvo que enfrentarse a un nuevo problema. Afortunadamente, la calidad de estos cuchillos baratos habla por s\u00ed sola: todo coleccionista sabe que no hay forma de compararlos con una aut\u00e9ntica daga Beltrame. Los cuchillos Beltrame se han ganado el reconocimiento de los clientes m\u00e1s exigentes del mundo gracias a la pasi\u00f3n de Frank por estos cuchillos. A la hora de fabricar cuchillos aprovecha sus muchos a\u00f1os de experiencia, que adquiri\u00f3 desde muy joven. En 2005, los cuchillos Beltrame recibieron el certificado de calidad Maniago, con el que superaron los est\u00e1ndares de calidad europeos. Esto significa que estos cuchillos se someten a pruebas de calidad del material cada a\u00f1o.<\/p>\n<p>Para el desbloqueo de la hoja se utiliza el virola giratorio fabricado en acero inoxidable o alpaca, tambi\u00e9n fabricado en acero inoxidable AISI 420 inoxidable MA5M HRC 56. La apertura se realiza mediante el bot\u00f3n situado en el centro del mango.<\/p>\n<p>Descripci\u00f3n<br \/>\nPara el desbloqueo de la hoja se utiliza el virola giratorio fabricado en acero inoxidable o alpaca, tambi\u00e9n fabricado en acero inoxidable AISI 420 inoxidable MA5M HRC 56. La apertura se realiza mediante el bot\u00f3n situado en el centro del mango.<br \/>\nLos mangos pueden ser de pl\u00e1stico de colores blanco, negro, rojo, azul y verde, cuerno oscuro, cuerno rubio y cuerno brasile\u00f1o, palisandro, cocobolo, madera de olivo, madera de serpiente, ciervo, hueso, abul\u00f3n y n\u00e1car.<br \/>\nLas camisas son de lat\u00f3n y el resorte es de acero inoxidable ensamblado y plegado manualmente por Frank Beltrame, nunca a m\u00e1quina.<br \/>\nLos remaches de los mangos son de lat\u00f3n.<br \/>\nEl modelo Classic est\u00e1 ensamblado \u00edntegramente a mano con precisi\u00f3n y exactitud y tiene un acabado artesanal.<\/p>\n","protected":false},"excerpt":{"rendered":"<p>Los cuchillos Beltrame se fabrican en Italia desde 1953. La empresa fue fundada por Frank Beltram. El secreto de la elaboraci\u00f3n de estos cuchillos Stiletto forma parte de la historia de Maniago, que se ha transmitido de padres a hijos.<br \/>\n<strong>Hecho en Italia.<\/strong><\/p>\n","protected":false},"featured_media":256958,"comment_status":"open","ping_status":"closed","template":"","meta":[],"pwb-brand":[3781],"product_brand":[],"product_cat":[3726,3729],"product_tag":[3756],"class_list":{"0":"post-322176","1":"product","2":"type-product","3":"status-publish","4":"has-post-thumbnail","6":"pwb-brand-beltrame-es","7":"product_cat-cuchillos","8":"product_cat-cuchillos-de-tiro","9":"product_tag-b2b-es","11":"first","12":"outofstock","13":"taxable","14":"shipping-taxable","15":"purchasable","16":"product-type-simple"},"brands":[{"id":3781,"name":"Beltram\u00e9","slug":"beltrame-es"}],"_links":{"self":[{"href":"https:\/\/www.moskito.cz\/es\/wp-json\/wp\/v2\/product\/322176","targetHints":{"allow":["GET"]}}],"collection":[{"href":"https:\/\/www.moskito.cz\/es\/wp-json\/wp\/v2\/product"}],"about":[{"href":"https:\/\/www.moskito.cz\/es\/wp-json\/wp\/v2\/types\/product"}],"replies":[{"embeddable":true,"href":"https:\/\/www.moskito.cz\/es\/wp-json\/wp\/v2\/comments?post=322176"}],"wp:featuredmedia":[{"embeddable":true,"href":"https:\/\/www.moskito.cz\/es\/wp-json\/wp\/v2\/media\/256958"}],"wp:attachment":[{"href":"https:\/\/www.moskito.cz\/es\/wp-json\/wp\/v2\/media?parent=322176"}],"wp:term":[{"taxonomy":"pwb-brand","embeddable":true,"href":"https:\/\/www.moskito.cz\/es\/wp-json\/wp\/v2\/pwb-brand?post=322176"},{"taxonomy":"product_brand","embeddable":true,"href":"https:\/\/www.moskito.cz\/es\/wp-json\/wp\/v2\/product_brand?post=322176"},{"taxonomy":"product_cat","embeddable":true,"href":"https:\/\/www.moskito.cz\/es\/wp-json\/wp\/v2\/product_cat?post=322176"},{"taxonomy":"product_tag","embeddable":true,"href":"https:\/\/www.moskito.cz\/es\/wp-json\/wp\/v2\/product_tag?post=322176"}],"curies":[{"name":"wp","href":"https:\/\/api.w.org\/{rel}","templated":true}]}}