{"id":322181,"date":"2023-07-15T10:14:11","date_gmt":"2024-03-20T10:33:36","guid":{"rendered":"https:\/\/www.moskito.cz\/produkt\/cuchillo-de-tiro-andre-de-villiers-otf\/"},"modified":"2025-05-07T11:06:54","modified_gmt":"2025-05-07T10:06:54","slug":"cuchillo-de-tiro-andre-de-villiers-otf","status":"publish","type":"product","link":"https:\/\/www.moskito.cz\/es\/produkt\/cuchillo-de-tiro-andre-de-villiers-otf\/","title":{"rendered":"Cuchillo de tiro Andre De Villiers OTF"},"content":{"rendered":"<p>Cuchillo de tiro Andre De Villiers OTF<\/p>\n<p>Andre\/ADV Tactical fabrica los mejores cuchillos personalizados del mundo. Sus cuchillos son duros como un clavo y est\u00e1n hechos a mano y completamente personalizados.<\/p>\n<p>Una hermosa autom\u00e1tica frontal de doble acci\u00f3n hecha a mano con el tama\u00f1o perfecto para el uso diario.<\/p>\n<p>El cuchillo tiene un mango moldeado mejorado con un control deslizante texturizado para un disparo m\u00e1s positivo. El resorte de la cuchilla permanece en posici\u00f3n de \u00abreposo\u00bb en todo momento, excepto al disparar. Esto asegura que el resorte comprimido no se canse, asegurando a los usuarios que cuando se dispare el cuchillo, funcionar\u00e1 de manera efectiva. El color del mango es dorado.<\/p>\n<p>La hoja est\u00e1 fabricada en acero D2, estilo daga en color negro.<\/p>\n<p>La navaja dispone de un clip de acero para facilitar su transporte, rematado con un rodillo, para que el clip no rompa el bolsillo.<\/p>\n<p>Artesan\u00eda realmente sorprendente, un cuchillo de calidad con excelente dise\u00f1o y mano de obra de precisi\u00f3n. Una muy buena navaja OTF a un precio asequible.<\/p>\n<p>Especificaciones:<\/p>\n<p>Longitud de la hoja: 9 cm<br \/>\nLongitud del mango: 12,5 cm<br \/>\nLongitud total: 21,5 cm.<br \/>\nMaterial de la hoja: Acero para herramientas D2<br \/>\nRectificado de la hoja: Plano<br \/>\nAcabado de la hoja: Negro<br \/>\nMaterial del mango: Aluminio anodizado 6061-T6<\/p>\n<p>Dise\u00f1ador: Andr\u00e9 De Villiers<\/p>\n<p>&nbsp;<\/p>\n","protected":false},"excerpt":{"rendered":"<p><strong>Andre\/ADV Tactical fabrica los mejores cuchillos personalizados del mundo. Sus cuchillos son duros como un clavo y est\u00e1n hechos a mano y completamente personalizados. <\/strong><\/p>\n","protected":false},"featured_media":322204,"comment_status":"open","ping_status":"closed","template":"","meta":[],"pwb-brand":[3823],"product_brand":[],"product_cat":[3726,3729],"product_tag":[3756],"class_list":{"0":"post-322181","1":"product","2":"type-product","3":"status-publish","4":"has-post-thumbnail","6":"pwb-brand-andre-de-villiers-es","7":"product_cat-cuchillos","8":"product_cat-cuchillos-de-tiro","9":"product_tag-b2b-es","11":"first","12":"outofstock","13":"taxable","14":"shipping-taxable","15":"purchasable","16":"product-type-simple"},"brands":[{"id":3823,"name":"Andr\u00e9 De Villiers","slug":"andre-de-villiers-es"}],"_links":{"self":[{"href":"https:\/\/www.moskito.cz\/es\/wp-json\/wp\/v2\/product\/322181","targetHints":{"allow":["GET"]}}],"collection":[{"href":"https:\/\/www.moskito.cz\/es\/wp-json\/wp\/v2\/product"}],"about":[{"href":"https:\/\/www.moskito.cz\/es\/wp-json\/wp\/v2\/types\/product"}],"replies":[{"embeddable":true,"href":"https:\/\/www.moskito.cz\/es\/wp-json\/wp\/v2\/comments?post=322181"}],"wp:featuredmedia":[{"embeddable":true,"href":"https:\/\/www.moskito.cz\/es\/wp-json\/wp\/v2\/media\/322204"}],"wp:attachment":[{"href":"https:\/\/www.moskito.cz\/es\/wp-json\/wp\/v2\/media?parent=322181"}],"wp:term":[{"taxonomy":"pwb-brand","embeddable":true,"href":"https:\/\/www.moskito.cz\/es\/wp-json\/wp\/v2\/pwb-brand?post=322181"},{"taxonomy":"product_brand","embeddable":true,"href":"https:\/\/www.moskito.cz\/es\/wp-json\/wp\/v2\/product_brand?post=322181"},{"taxonomy":"product_cat","embeddable":true,"href":"https:\/\/www.moskito.cz\/es\/wp-json\/wp\/v2\/product_cat?post=322181"},{"taxonomy":"product_tag","embeddable":true,"href":"https:\/\/www.moskito.cz\/es\/wp-json\/wp\/v2\/product_tag?post=322181"}],"curies":[{"name":"wp","href":"https:\/\/api.w.org\/{rel}","templated":true}]}}