{"id":322184,"date":"2023-06-11T21:12:01","date_gmt":"2024-03-20T10:33:36","guid":{"rendered":"https:\/\/www.moskito.cz\/produkt\/navaja-spyderco-assist-rescue-naranja-c79psor\/"},"modified":"2024-03-20T11:33:36","modified_gmt":"2024-03-20T10:33:36","slug":"navaja-spyderco-assist-rescue-naranja-c79psor","status":"publish","type":"product","link":"https:\/\/www.moskito.cz\/es\/produkt\/navaja-spyderco-assist-rescue-naranja-c79psor\/","title":{"rendered":"Navaja Spyderco Assist Rescue Naranja C79PSOR"},"content":{"rendered":"<p>Navaja <strong>Spyderco<\/strong> Assist Rescue Naranja C79PSOR<\/p>\n<p><strong>Spyderco<\/strong> nombr\u00f3 a este cuchillo por su funci\u00f3n de trabajo principal, Assist. El Assist fue dise\u00f1ado para profesionales de emergencias, bomberos y rescate (y civiles bien equipados) que conf\u00edan en sus cuchillos para funcionar perfectamente bajo presi\u00f3n. A pesar de veinticinco a\u00f1os de experiencia en la producci\u00f3n de cuchillos de rescate, Spyderco contin\u00faa ofreciendo nuevas caracter\u00edsticas de alta tecnolog\u00eda, y el modelo Assist representa lo \u00faltimo y lo mejor en este g\u00e9nero de cuchillos.<\/p>\n<p>La hoja patentada de punta roma VG-10 es 80 por ciento dentada SpyderEdged para un corte agresivo de cinturones de seguridad y material fibroso. Dejamos el \u00faltimo cent\u00edmetro de la punta con PlainEdge para realizar cortes detallados (piense en afilar un l\u00e1piz). Ubicada sobre el orificio redondo, Cobra Hood coloca el pulgar directamente sobre el orificio para un despliegue r\u00e1pido de la hoja y luego sirve como plataforma de palanca para el pulgar. El patr\u00f3n ondulado cortado desde la parte superior de la hoja (creado por un bombero de Suecia) y a lo largo del interior del mango permite colocar un trozo de cuerda (entre la hoja parcialmente abierta y el mango) y cerrar las tijeras, lo que resulta especialmente pr\u00e1ctico. para cortar cuerda dentro y alrededor de la carne sin tener que abrir\/exponer completamente las cuchillas. El FRN Safety Orange Grip es una maravilla esculpida de contornos texturizados bidireccionales y protuberancias que se envuelven ergon\u00f3micamente alrededor de la palma de su mano. En la posici\u00f3n cerrada, empuje la hoja m\u00e1s profundamente en el mango y una punta de carburo retr\u00e1ctil para romper vidrio sobresaldr\u00e1 de la base. En la parte posterior del mango, en color negro contrastante, se encuentra un silbato de supervivencia estridente y que llama la atenci\u00f3n. Transferencia a mano izquierda\/derecha, plegado con hebilla de alambre tensor.<\/p>\n<p>Especificaciones<br \/>\nLongitud de la hoja: 9,4 cm<br \/>\nFilo: 8,1 cm.<br \/>\nGrosor de la hoja: 0,3 cm.<br \/>\nLongitud total: 21,3 cm.<br \/>\nLargo cerrado: 12,4 cm<br \/>\nAcero de la hoja: VG-10<br \/>\nPeso: 4 onzas. (115g)<br \/>\nMaterial del mango: naranja FRN<br \/>\nFabricado en Seki-City, Jap\u00f3n.<\/p>\n","protected":false},"excerpt":{"rendered":"<p><strong>Spyderco nombr\u00f3 a este cuchillo por su funci\u00f3n de trabajo principal, Assist.<\/strong><\/p>\n","protected":false},"featured_media":322196,"comment_status":"open","ping_status":"closed","template":"","meta":[],"pwb-brand":[3771],"product_brand":[],"product_cat":[3730,3726],"product_tag":[3756],"class_list":{"0":"post-322184","1":"product","2":"type-product","3":"status-publish","4":"has-post-thumbnail","6":"pwb-brand-spyderco-es","7":"product_cat-cuchillas-de-cierre","8":"product_cat-cuchillos","9":"product_tag-b2b-es","11":"first","12":"outofstock","13":"taxable","14":"shipping-taxable","15":"purchasable","16":"product-type-simple"},"brands":[{"id":3771,"name":"spyderco","slug":"spyderco-es"}],"_links":{"self":[{"href":"https:\/\/www.moskito.cz\/es\/wp-json\/wp\/v2\/product\/322184","targetHints":{"allow":["GET"]}}],"collection":[{"href":"https:\/\/www.moskito.cz\/es\/wp-json\/wp\/v2\/product"}],"about":[{"href":"https:\/\/www.moskito.cz\/es\/wp-json\/wp\/v2\/types\/product"}],"replies":[{"embeddable":true,"href":"https:\/\/www.moskito.cz\/es\/wp-json\/wp\/v2\/comments?post=322184"}],"wp:featuredmedia":[{"embeddable":true,"href":"https:\/\/www.moskito.cz\/es\/wp-json\/wp\/v2\/media\/322196"}],"wp:attachment":[{"href":"https:\/\/www.moskito.cz\/es\/wp-json\/wp\/v2\/media?parent=322184"}],"wp:term":[{"taxonomy":"pwb-brand","embeddable":true,"href":"https:\/\/www.moskito.cz\/es\/wp-json\/wp\/v2\/pwb-brand?post=322184"},{"taxonomy":"product_brand","embeddable":true,"href":"https:\/\/www.moskito.cz\/es\/wp-json\/wp\/v2\/product_brand?post=322184"},{"taxonomy":"product_cat","embeddable":true,"href":"https:\/\/www.moskito.cz\/es\/wp-json\/wp\/v2\/product_cat?post=322184"},{"taxonomy":"product_tag","embeddable":true,"href":"https:\/\/www.moskito.cz\/es\/wp-json\/wp\/v2\/product_tag?post=322184"}],"curies":[{"name":"wp","href":"https:\/\/api.w.org\/{rel}","templated":true}]}}