{"id":322207,"date":"2023-01-09T22:00:05","date_gmt":"2024-03-20T10:33:38","guid":{"rendered":"https:\/\/www.moskito.cz\/produkt\/cuchillo-fijo-andre-de-villiers-knives-kudu-hunter-aus-10-funda-kydex\/"},"modified":"2025-05-07T11:06:55","modified_gmt":"2025-05-07T10:06:55","slug":"cuchillo-fijo-andre-de-villiers-knives-kudu-hunter-aus-10-funda-kydex","status":"publish","type":"product","link":"https:\/\/www.moskito.cz\/es\/produkt\/cuchillo-fijo-andre-de-villiers-knives-kudu-hunter-aus-10-funda-kydex\/","title":{"rendered":"Cuchillo Fijo Andre De Villiers Knives Kudu Hunter AUS-10 Funda Kydex"},"content":{"rendered":"<p>Cuchillo Fijo <strong>Andre De Villiers<\/strong> Knives Kudu Hunter AUS-10 Funda Kydex.<\/p>\n<p>La hoja fija Kudu Hunter es una de las \u00faltimas ofertas de Andre, que logra un gran equilibrio entre forma y funci\u00f3n en este dise\u00f1o multiusos. La hoja ancha con punto de ca\u00edda nos recuerda a la hoja fija Harpoon, pero sin la rampa en pulgadas dedicada. Tiene mucha barriga para cortar y una bonita punta afilada para perforar, con el caracter\u00edstico surco sangriento de ADV. El mango es extremadamente c\u00f3modo en m\u00faltiples agarres y tiene una forma que no causa fatiga durante el uso prolongado. La funda Kydex tiene una trabilla para cintur\u00f3n Kydex que permite realizar una transici\u00f3n sencilla entre el transporte con cintur\u00f3n normal y el transporte Scout, tanto para diestros como para zurdos. Es un dise\u00f1o realmente excelente para todo, de Andre y uno de nuestros favoritos.<\/p>\n<p>Especificaciones<br \/>\nLongitud de la hoja: 11,25<br \/>\nLongitud total: 22,5 cm.<br \/>\nMaterial de la hoja: acero inoxidable AUS-10<br \/>\nGrosor de la hoja: 0,475 cm.<br \/>\nEstilo de hoja: Punto de ca\u00edda<br \/>\nRectificado de la hoja: Plano<br \/>\nTratamiento superficial de la hoja: satinado.<br \/>\nMaterial del mango: negro G10<br \/>\nGrosor del mango: 1.675 cm<br \/>\nMaterial de la funda: Kydex<br \/>\nPeso: 7,2 onzas.<br \/>\nPeso con estuche: 9,5 oz.<br \/>\nDise\u00f1ador: Andr\u00e9 De Villiers<br \/>\nHecho en Sud\u00e1frica<\/p>\n","protected":false},"excerpt":{"rendered":"<p>A\u00f1ade este incre\u00edble cuchillo a tu colecci\u00f3n.<\/p>\n","protected":false},"featured_media":322215,"comment_status":"open","ping_status":"closed","template":"","meta":[],"pwb-brand":[3823],"product_brand":[],"product_cat":[3726,3727],"product_tag":[3756],"class_list":{"0":"post-322207","1":"product","2":"type-product","3":"status-publish","4":"has-post-thumbnail","6":"pwb-brand-andre-de-villiers-es","7":"product_cat-cuchillos","8":"product_cat-cuchillos-macizos","9":"product_tag-b2b-es","11":"first","12":"instock","13":"taxable","14":"shipping-taxable","15":"purchasable","16":"product-type-simple"},"brands":[{"id":3823,"name":"Andr\u00e9 De Villiers","slug":"andre-de-villiers-es"}],"_links":{"self":[{"href":"https:\/\/www.moskito.cz\/es\/wp-json\/wp\/v2\/product\/322207","targetHints":{"allow":["GET"]}}],"collection":[{"href":"https:\/\/www.moskito.cz\/es\/wp-json\/wp\/v2\/product"}],"about":[{"href":"https:\/\/www.moskito.cz\/es\/wp-json\/wp\/v2\/types\/product"}],"replies":[{"embeddable":true,"href":"https:\/\/www.moskito.cz\/es\/wp-json\/wp\/v2\/comments?post=322207"}],"wp:featuredmedia":[{"embeddable":true,"href":"https:\/\/www.moskito.cz\/es\/wp-json\/wp\/v2\/media\/322215"}],"wp:attachment":[{"href":"https:\/\/www.moskito.cz\/es\/wp-json\/wp\/v2\/media?parent=322207"}],"wp:term":[{"taxonomy":"pwb-brand","embeddable":true,"href":"https:\/\/www.moskito.cz\/es\/wp-json\/wp\/v2\/pwb-brand?post=322207"},{"taxonomy":"product_brand","embeddable":true,"href":"https:\/\/www.moskito.cz\/es\/wp-json\/wp\/v2\/product_brand?post=322207"},{"taxonomy":"product_cat","embeddable":true,"href":"https:\/\/www.moskito.cz\/es\/wp-json\/wp\/v2\/product_cat?post=322207"},{"taxonomy":"product_tag","embeddable":true,"href":"https:\/\/www.moskito.cz\/es\/wp-json\/wp\/v2\/product_tag?post=322207"}],"curies":[{"name":"wp","href":"https:\/\/api.w.org\/{rel}","templated":true}]}}