{"id":322333,"date":"2023-04-05T20:47:56","date_gmt":"2024-03-20T10:33:57","guid":{"rendered":"https:\/\/www.moskito.cz\/produkt\/andre-de-villiers-scavenger-cuchillo-plegable-con-mango-de-titanio-3\/"},"modified":"2025-05-07T11:07:03","modified_gmt":"2025-05-07T10:07:03","slug":"andre-de-villiers-scavenger-cuchillo-plegable-con-mango-de-titanio-3","status":"publish","type":"product","link":"https:\/\/www.moskito.cz\/es\/produkt\/andre-de-villiers-scavenger-cuchillo-plegable-con-mango-de-titanio-3\/","title":{"rendered":"Andre De Villiers Scavenger Cuchillo plegable con mango de titanio"},"content":{"rendered":"<p><strong>Andre De Villiers Scavenger<\/strong> Cuchillo plegable con mango de titanio<\/p>\n<p>En lo que respecta a los cuchillos plegables, no hay mucho que comparar con la aleta integral Scavenger de Andre De Villiers y Rike Knives. Realmente no se parece a nada que hayamos usado por varias razones, cada una de las cuales tiene que ver con su apariencia intimidante. Nunca hab\u00edamos visto un dise\u00f1o general tan intrincado, con un tema \u00fanico tan perfectamente ejecutado. El lomo del cuchillo ha sido dise\u00f1ado para imitar la estructura esquel\u00e9tica de v\u00e9rtebras apiladas, y esto incluso se traslada al exclusivo clip de bolsillo para huesos. Este cuchillo se siente incre\u00edble en la mano, tiene una calidad de construcci\u00f3n extremadamente s\u00f3lida y se abre con autoridad; \u00a1Scavenger est\u00e1 aqu\u00ed para hacer una declaraci\u00f3n!<\/p>\n<p>Generalmente cuando ves cuchillos como este tienden a sacrificar la calidad por la est\u00e9tica, pero ese no es el 100% del caso con el Scavenger. Este cuchillo es una verdadera pieza ADV que est\u00e1 dise\u00f1ada para recibir golpes y verse bien al hacerlo. Cuando Andre buscaba un fabricante para este dise\u00f1o, ten\u00eda algunas opciones diferentes y decidi\u00f3 optar por Rike Knives porque pod\u00edan ofrecerle la calidad exacta que estaba buscando. Andre no quer\u00eda un componente de fabricaci\u00f3n est\u00e1ndar aqu\u00ed, quer\u00eda un cuchillo que rivalizara con su tecnolog\u00eda media en calidad y ten\u00eda que ser integral. Este proyecto ha tardado mucho en llegar y creemos que Rike lo dej\u00f3 fuera del parque con este. Es un dise\u00f1o \u00fanico magn\u00edficamente hecho para ser un EDC o un cuchillo t\u00e1ctico vers\u00e1til en el que puede confiar al 100% con su vida.<\/p>\n<p>Especificaciones:<br \/>\nMaterial de la hoja: M390<\/p>\n<p>Tratamiento superficial de la hoja: Satinado<\/p>\n<p>Mecanismo de bloqueo: bloqueo del marco<\/p>\n<p>Mecanismo de apertura: Aleta<\/p>\n<p>Dise\u00f1ador: Andr\u00e9 de Villiers<\/p>\n<p>Peso:: 178 gramos<\/p>\n<p>Largo total:: 25 cm<\/p>\n<p>Longitud de la hoja:: 11 cm<\/p>\n<p>Longitud plegada:: 14 cm<\/p>\n<p>Grosor de la hoja: 0,45 cm.<\/p>\n<p>Pa\u00eds de origen:: Sud\u00e1frica<\/p>\n<p>&nbsp;<\/p>\n","protected":false},"excerpt":{"rendered":"<p><strong>El cuchillo AdV Savage tiene una apertura suave con un cierre de marco de titanio.<\/strong><\/p>\n","protected":false},"featured_media":322342,"comment_status":"open","ping_status":"closed","template":"","meta":[],"pwb-brand":[3823],"product_brand":[],"product_cat":[3730,3726],"product_tag":[3756],"class_list":{"0":"post-322333","1":"product","2":"type-product","3":"status-publish","4":"has-post-thumbnail","6":"pwb-brand-andre-de-villiers-es","7":"product_cat-cuchillas-de-cierre","8":"product_cat-cuchillos","9":"product_tag-b2b-es","11":"first","12":"instock","13":"taxable","14":"shipping-taxable","15":"purchasable","16":"product-type-simple"},"brands":[{"id":3823,"name":"Andr\u00e9 De Villiers","slug":"andre-de-villiers-es"}],"_links":{"self":[{"href":"https:\/\/www.moskito.cz\/es\/wp-json\/wp\/v2\/product\/322333","targetHints":{"allow":["GET"]}}],"collection":[{"href":"https:\/\/www.moskito.cz\/es\/wp-json\/wp\/v2\/product"}],"about":[{"href":"https:\/\/www.moskito.cz\/es\/wp-json\/wp\/v2\/types\/product"}],"replies":[{"embeddable":true,"href":"https:\/\/www.moskito.cz\/es\/wp-json\/wp\/v2\/comments?post=322333"}],"wp:featuredmedia":[{"embeddable":true,"href":"https:\/\/www.moskito.cz\/es\/wp-json\/wp\/v2\/media\/322342"}],"wp:attachment":[{"href":"https:\/\/www.moskito.cz\/es\/wp-json\/wp\/v2\/media?parent=322333"}],"wp:term":[{"taxonomy":"pwb-brand","embeddable":true,"href":"https:\/\/www.moskito.cz\/es\/wp-json\/wp\/v2\/pwb-brand?post=322333"},{"taxonomy":"product_brand","embeddable":true,"href":"https:\/\/www.moskito.cz\/es\/wp-json\/wp\/v2\/product_brand?post=322333"},{"taxonomy":"product_cat","embeddable":true,"href":"https:\/\/www.moskito.cz\/es\/wp-json\/wp\/v2\/product_cat?post=322333"},{"taxonomy":"product_tag","embeddable":true,"href":"https:\/\/www.moskito.cz\/es\/wp-json\/wp\/v2\/product_tag?post=322333"}],"curies":[{"name":"wp","href":"https:\/\/api.w.org\/{rel}","templated":true}]}}