{"id":322396,"date":"2023-01-07T21:51:59","date_gmt":"2024-03-20T10:34:01","guid":{"rendered":"https:\/\/www.moskito.cz\/produkt\/andre-de-villiers-navaja-harpoon-f17-camo-frag\/"},"modified":"2025-05-07T11:07:05","modified_gmt":"2025-05-07T10:07:05","slug":"andre-de-villiers-navaja-harpoon-f17-camo-frag","status":"publish","type":"product","link":"https:\/\/www.moskito.cz\/es\/produkt\/andre-de-villiers-navaja-harpoon-f17-camo-frag\/","title":{"rendered":"Andre De Villiers Navaja HARPOON F17 CAMO FRAG"},"content":{"rendered":"<p><strong>Andre De Villiers<\/strong> Navaja HARPOON F17 CAMO FRAG<\/p>\n<p>El Harpoon F17 es un cuchillo t\u00e1ctico de Andre De Villiers que podr\u00eda ser su dise\u00f1o m\u00e1s sofisticado hasta la fecha. Tiene elementos del dise\u00f1o Butcher anterior, pero la adici\u00f3n de una segunda ranura para el dedo y una rampa para el pulgar en la hoja a\u00f1ade una ergonom\u00eda estelar, muy parecida a su contraparte Hummer. Es suave, r\u00e1pida, afilada y robusta: realmente todo lo que podr\u00eda desear en una espada t\u00e1ctica, y se involucra f\u00e1cilmente en tareas de EDC, caza o supervivencia. El Harpoon F17 tiene una hoja de lanza de arp\u00f3n hecha de acero inoxidable N690 con un acabado lavado a la piedra en negro. El mango est\u00e1 fabricado en titanio lavado a la piedra con un tensado perfectamente ejecutado en la rampa para el pulgar y el espaciador trasero.<\/p>\n<p>El candado de titanio tiene un mecanismo integrado de bloqueo de inserci\u00f3n\/giro que proporciona un bloqueo firme y al mismo tiempo es muy f\u00e1cil de desenganchar. La acci\u00f3n, montada sobre un cojinete de mu\u00f1\u00f3n enjaulado, es muy suave, por decir lo menos. Los cambios en las aletas redise\u00f1adas y la rampa para el pulgar son n\u00edtidos y funcionales; no se ha pasado por alto nada en este incre\u00edble dise\u00f1o. El clip de bolsillo genuino de titanio fresado de doble cara del Harpoon ha sido redise\u00f1ado para permitir una mejor retenci\u00f3n en los bolsillos gruesos de los pantalones y presenta un dise\u00f1o de bola rodante. Puede que no sea el t\u00edpico cuchillo de aspecto, pero c\u00f3gelo y definitivamente te encantar\u00e1 el dise\u00f1o con todas las excelentes caracter\u00edsticas que tiene y el hecho de que la acci\u00f3n est\u00e1 a la par con los mejores dise\u00f1os de volteo de la industria.<\/p>\n<p>Especificaciones<br \/>\nLongitud de la hoja: 10 cm<br \/>\nLongitud total: 22 cm<br \/>\nMaterial de la hoja: acero inoxidable N690<br \/>\nEstilo de hoja: Arp\u00f3n<br \/>\nRectificado de la hoja: Plano<br \/>\nAcabado de la hoja: Black Stonewash<br \/>\nMaterial del mango: Camuflaje, Titanio fresado<br \/>\nMecanismo de bloqueo: Marco<br \/>\nConjunto de pasador: rodamientos<br \/>\nClip de bolsillo: titanio (plegable\/abajo, derecho)<br \/>\nPeso: 7,4 onzas.<br \/>\nDise\u00f1ador: Andr\u00e9 De Villiers<br \/>\nEspaciador de titanio<br \/>\nHecho en Sud\u00e1frica<\/p>\n","protected":false},"excerpt":{"rendered":"<p><strong>Andre de Villiers<\/strong> , fundador de ADV Tactical de Sud\u00e1frica, se dedica a fabricar cuchillos a tiempo completo desde 1990.<\/p>\n<p><strong>Este cuchillo es un arp\u00f3n, \u00a1consigue uno!<\/strong><\/p>\n","protected":false},"featured_media":322404,"comment_status":"open","ping_status":"closed","template":"","meta":[],"pwb-brand":[3823],"product_brand":[],"product_cat":[3730,3726],"product_tag":[3756],"class_list":{"0":"post-322396","1":"product","2":"type-product","3":"status-publish","4":"has-post-thumbnail","6":"pwb-brand-andre-de-villiers-es","7":"product_cat-cuchillas-de-cierre","8":"product_cat-cuchillos","9":"product_tag-b2b-es","11":"first","12":"instock","13":"taxable","14":"shipping-taxable","15":"purchasable","16":"product-type-simple"},"brands":[{"id":3823,"name":"Andr\u00e9 De Villiers","slug":"andre-de-villiers-es"}],"_links":{"self":[{"href":"https:\/\/www.moskito.cz\/es\/wp-json\/wp\/v2\/product\/322396","targetHints":{"allow":["GET"]}}],"collection":[{"href":"https:\/\/www.moskito.cz\/es\/wp-json\/wp\/v2\/product"}],"about":[{"href":"https:\/\/www.moskito.cz\/es\/wp-json\/wp\/v2\/types\/product"}],"replies":[{"embeddable":true,"href":"https:\/\/www.moskito.cz\/es\/wp-json\/wp\/v2\/comments?post=322396"}],"wp:featuredmedia":[{"embeddable":true,"href":"https:\/\/www.moskito.cz\/es\/wp-json\/wp\/v2\/media\/322404"}],"wp:attachment":[{"href":"https:\/\/www.moskito.cz\/es\/wp-json\/wp\/v2\/media?parent=322396"}],"wp:term":[{"taxonomy":"pwb-brand","embeddable":true,"href":"https:\/\/www.moskito.cz\/es\/wp-json\/wp\/v2\/pwb-brand?post=322396"},{"taxonomy":"product_brand","embeddable":true,"href":"https:\/\/www.moskito.cz\/es\/wp-json\/wp\/v2\/product_brand?post=322396"},{"taxonomy":"product_cat","embeddable":true,"href":"https:\/\/www.moskito.cz\/es\/wp-json\/wp\/v2\/product_cat?post=322396"},{"taxonomy":"product_tag","embeddable":true,"href":"https:\/\/www.moskito.cz\/es\/wp-json\/wp\/v2\/product_tag?post=322396"}],"curies":[{"name":"wp","href":"https:\/\/api.w.org\/{rel}","templated":true}]}}