{"id":322465,"date":"2022-12-07T21:32:55","date_gmt":"2024-03-20T10:49:52","guid":{"rendered":"https:\/\/www.moskito.cz\/produkt\/andre-de-villiers-trailboss-2-s35vn-cuchillo-plegable-con-mangos-de-titanio-satinado\/"},"modified":"2025-05-07T11:07:09","modified_gmt":"2025-05-07T10:07:09","slug":"andre-de-villiers-trailboss-2-s35vn-cuchillo-plegable-con-mangos-de-titanio-satinado","status":"publish","type":"product","link":"https:\/\/www.moskito.cz\/es\/produkt\/andre-de-villiers-trailboss-2-s35vn-cuchillo-plegable-con-mangos-de-titanio-satinado\/","title":{"rendered":"Andre De Villiers Trailboss 2 S35VN Cuchillo plegable con mangos de titanio satinado"},"content":{"rendered":"<p><strong>Andre De Villiers<\/strong> Trailboss 2 S35VN Cuchillo plegable con mangos de titanio satinado.<\/p>\n<p>La Trailboss fue la primera navaja plegable de Andre De Villiers en utilizar un tope de cruce de barra de bloqueo interno integrado en el inserto de acero reemplazable, all\u00e1 por 2016. Fue construido sobre la base del modelo Butcher con la principal diferencia de que tiene una cuchilla rectificada totalmente plana para un mejor corte, desollado y un mejor rendimiento en todos los aspectos. Ahora est\u00e1 el Trailboss 2, con un ligero redise\u00f1o del mango, una punta de lanza m\u00e1s prominente y una forma de abrir el orificio para el pulgar adem\u00e1s de la pesta\u00f1a de la aleta. Se siente mejor, se ve mejor y realmente equivale a uno de los mejores cuchillos que ADV haya entregado. Desde el monte hasta el campo de batalla o incluso la playa si eres Andre, este cuchillo est\u00e1 dise\u00f1ado para manejar y sobresalir en casi cualquier cosa.<\/p>\n<p>Especificaciones<br \/>\nLongitud de la hoja: 10 cm<br \/>\nLongitud total: 23 cm<br \/>\nMaterial de la hoja: CPM-S35VN Acero inoxidable<br \/>\nGrosor de la hoja: 0,51 cm.<br \/>\nEstilo de hoja: punta de lanza<br \/>\nRectificado de la hoja: Totalmente plano<br \/>\nTratamiento superficial de la hoja: satinado.<br \/>\nMaterial del mango: Lluvia \u00e1cida de titanio<br \/>\nGrosor del mango: 1,4 cm.<br \/>\nMecanismo de bloqueo: Bloqueo de marco<br \/>\nConjunto de pasador: rodamientos<br \/>\nClip de bolsillo: Titanio (girar hacia arriba, usar hacia la derecha\/izquierda y girar hacia abajo, usar hacia la derecha)<br \/>\nPeso: 7,70 onzas.<br \/>\nDise\u00f1ador: Andr\u00e9 De Villiers<br \/>\nEspaciador de titanio<br \/>\nHecho en Sud\u00e1frica<\/p>\n","protected":false},"excerpt":{"rendered":"<p><strong>La Trailboss<\/strong> fue la primera navaja plegable de Andre De Villiers.<\/p>\n","protected":false},"featured_media":322466,"comment_status":"open","ping_status":"closed","template":"","meta":[],"pwb-brand":[3823],"product_brand":[],"product_cat":[3730,3726],"product_tag":[3756],"class_list":{"0":"post-322465","1":"product","2":"type-product","3":"status-publish","4":"has-post-thumbnail","6":"pwb-brand-andre-de-villiers-es","7":"product_cat-cuchillas-de-cierre","8":"product_cat-cuchillos","9":"product_tag-b2b-es","11":"first","12":"outofstock","13":"taxable","14":"shipping-taxable","15":"purchasable","16":"product-type-simple"},"brands":[{"id":3823,"name":"Andr\u00e9 De Villiers","slug":"andre-de-villiers-es"}],"_links":{"self":[{"href":"https:\/\/www.moskito.cz\/es\/wp-json\/wp\/v2\/product\/322465","targetHints":{"allow":["GET"]}}],"collection":[{"href":"https:\/\/www.moskito.cz\/es\/wp-json\/wp\/v2\/product"}],"about":[{"href":"https:\/\/www.moskito.cz\/es\/wp-json\/wp\/v2\/types\/product"}],"replies":[{"embeddable":true,"href":"https:\/\/www.moskito.cz\/es\/wp-json\/wp\/v2\/comments?post=322465"}],"wp:featuredmedia":[{"embeddable":true,"href":"https:\/\/www.moskito.cz\/es\/wp-json\/wp\/v2\/media\/322466"}],"wp:attachment":[{"href":"https:\/\/www.moskito.cz\/es\/wp-json\/wp\/v2\/media?parent=322465"}],"wp:term":[{"taxonomy":"pwb-brand","embeddable":true,"href":"https:\/\/www.moskito.cz\/es\/wp-json\/wp\/v2\/pwb-brand?post=322465"},{"taxonomy":"product_brand","embeddable":true,"href":"https:\/\/www.moskito.cz\/es\/wp-json\/wp\/v2\/product_brand?post=322465"},{"taxonomy":"product_cat","embeddable":true,"href":"https:\/\/www.moskito.cz\/es\/wp-json\/wp\/v2\/product_cat?post=322465"},{"taxonomy":"product_tag","embeddable":true,"href":"https:\/\/www.moskito.cz\/es\/wp-json\/wp\/v2\/product_tag?post=322465"}],"curies":[{"name":"wp","href":"https:\/\/api.w.org\/{rel}","templated":true}]}}