{"id":322502,"date":"2023-01-05T21:30:15","date_gmt":"2024-03-20T11:00:39","guid":{"rendered":"https:\/\/www.moskito.cz\/produkt\/cuchillos-andre-de-villiers-battle-cleaver-rojo-negro\/"},"modified":"2025-05-07T11:07:11","modified_gmt":"2025-05-07T10:07:11","slug":"cuchillos-andre-de-villiers-battle-cleaver-rojo-negro","status":"publish","type":"product","link":"https:\/\/www.moskito.cz\/es\/produkt\/cuchillos-andre-de-villiers-battle-cleaver-rojo-negro\/","title":{"rendered":"Cuchillos Andre De Villiers BATTLE CLEAVER ROJO\/NEGRO"},"content":{"rendered":"<p><strong>Cuchillos Andre De Villiers<\/strong> BATTLE CLEAVER ROJO\/NEGRO.<\/p>\n<p>Battle Cleaver es la pr\u00f3xima evoluci\u00f3n del dise\u00f1o Butcher de tecnolog\u00eda media de Andre De Villiers, que ha sufrido muchos cambios durante su existencia. Primero fue solo una pieza personalizada, luego se convirti\u00f3 en un modelo de tecnolog\u00eda media, luego fue un modelo Tac antes de convertirse en lo que es ahora\u2026 el Classic Butcher. Este Battle Cleaver es muy similar al carnicero cl\u00e1sico en t\u00e9rminos de tama\u00f1o, tacto, peso\u2026 es decir. todo menos la forma de la hoja. Este presenta una cuchilla t\u00e1ctica CPM-S35VN de 10 cm con un surco para sangre, un orificio para colgar que normalmente se encuentra en las cuchillas y un acabado Cerakoted negro de dos tonos. El mango est\u00e1 hecho de titanio Cerakoted negro con un gran patr\u00f3n cuadrado fresado en cada lado que proporciona tracci\u00f3n adicional para los dedos.<\/p>\n<p>El punto de pivote es lo que distingue a este cuchillo y a todas las hojas ADV. Tiene un tornillo Torx empotrado que encaja en el pasador, lo que le permite apretar el pasador mientras ajusta el centrado o la suavidad general de la acci\u00f3n. Esta acci\u00f3n es muy suave por decir lo menos. El salto en la pesta\u00f1a de la aleta es n\u00edtido y funcional; Realmente no se pas\u00f3 nada por alto en este incre\u00edble dise\u00f1o. Andre hizo un corte grande para que el cuchillo fuera m\u00e1s f\u00e1cil de cerrar e incorpor\u00f3 un inserto de barra de bloqueo reemplazable que tambi\u00e9n funciona como seguro contra intrusi\u00f3n. El clip de bolsillo de titanio fresado del Battle Cleaver permite un excelente agarre en bolsillos gruesos de pantalones e incluye un dise\u00f1o de bola giratoria para facilitar el desenfundado. Puede que no sea el t\u00edpico cuchillo, pero c\u00f3gelo y estar\u00e1s<\/p>\n<p>Especificaciones<br \/>\nLongitud de la hoja: 10 cm<br \/>\nLongitud total: 23 cm<br \/>\nMaterial de la hoja: Acero inoxidable S35VN<br \/>\nGrosor de la hoja: 0,44 cm.<br \/>\nEstilo de hoja: cuchilla<br \/>\nRectificado de la hoja: Plano<br \/>\nAcabado de la hoja: Cerakote negro bicolor<br \/>\nMaterial del mango: titanio fresado<br \/>\nGrosor del mango: 1,35 cm.<br \/>\nMecanismo de bloqueo: Marco<br \/>\nConjunto de pasador: rodamientos<br \/>\nClip de bolsillo: Titanio (plegable, uso adecuado)<br \/>\nPeso: 9,1 onzas.<br \/>\nDise\u00f1ador: Andr\u00e9 De Villiers<br \/>\nHecho en Sud\u00e1frica<\/p>\n","protected":false},"excerpt":{"rendered":"<p><strong>Battle Cleaver<\/strong> es la pr\u00f3xima evoluci\u00f3n del dise\u00f1o de tecnolog\u00eda media Butcher de Andre De Villiers.<\/p>\n","protected":false},"featured_media":322506,"comment_status":"open","ping_status":"closed","template":"","meta":[],"pwb-brand":[3823],"product_brand":[],"product_cat":[3730,3726],"product_tag":[3756],"class_list":{"0":"post-322502","1":"product","2":"type-product","3":"status-publish","4":"has-post-thumbnail","6":"pwb-brand-andre-de-villiers-es","7":"product_cat-cuchillas-de-cierre","8":"product_cat-cuchillos","9":"product_tag-b2b-es","11":"first","12":"instock","13":"taxable","14":"shipping-taxable","15":"purchasable","16":"product-type-simple"},"brands":[{"id":3823,"name":"Andr\u00e9 De Villiers","slug":"andre-de-villiers-es"}],"_links":{"self":[{"href":"https:\/\/www.moskito.cz\/es\/wp-json\/wp\/v2\/product\/322502","targetHints":{"allow":["GET"]}}],"collection":[{"href":"https:\/\/www.moskito.cz\/es\/wp-json\/wp\/v2\/product"}],"about":[{"href":"https:\/\/www.moskito.cz\/es\/wp-json\/wp\/v2\/types\/product"}],"replies":[{"embeddable":true,"href":"https:\/\/www.moskito.cz\/es\/wp-json\/wp\/v2\/comments?post=322502"}],"wp:featuredmedia":[{"embeddable":true,"href":"https:\/\/www.moskito.cz\/es\/wp-json\/wp\/v2\/media\/322506"}],"wp:attachment":[{"href":"https:\/\/www.moskito.cz\/es\/wp-json\/wp\/v2\/media?parent=322502"}],"wp:term":[{"taxonomy":"pwb-brand","embeddable":true,"href":"https:\/\/www.moskito.cz\/es\/wp-json\/wp\/v2\/pwb-brand?post=322502"},{"taxonomy":"product_brand","embeddable":true,"href":"https:\/\/www.moskito.cz\/es\/wp-json\/wp\/v2\/product_brand?post=322502"},{"taxonomy":"product_cat","embeddable":true,"href":"https:\/\/www.moskito.cz\/es\/wp-json\/wp\/v2\/product_cat?post=322502"},{"taxonomy":"product_tag","embeddable":true,"href":"https:\/\/www.moskito.cz\/es\/wp-json\/wp\/v2\/product_tag?post=322502"}],"curies":[{"name":"wp","href":"https:\/\/api.w.org\/{rel}","templated":true}]}}