{"id":322526,"date":"2023-01-04T21:01:16","date_gmt":"2024-03-20T11:00:46","guid":{"rendered":"https:\/\/www.moskito.cz\/produkt\/andre-de-villiers-tanto-s35vn-satin-tanto-blade-acid-rain-frag-cuchillo-plegable-de-titanio-fresado\/"},"modified":"2025-05-07T11:07:13","modified_gmt":"2025-05-07T10:07:13","slug":"andre-de-villiers-tanto-s35vn-satin-tanto-blade-acid-rain-frag-cuchillo-plegable-de-titanio-fresado","status":"publish","type":"product","link":"https:\/\/www.moskito.cz\/es\/produkt\/andre-de-villiers-tanto-s35vn-satin-tanto-blade-acid-rain-frag-cuchillo-plegable-de-titanio-fresado\/","title":{"rendered":"Andre De Villiers Tanto S35VN Satin Tanto Blade Acid Rain Frag Cuchillo plegable de titanio fresado"},"content":{"rendered":"<p><strong>Andre De Villiers<\/strong> Tanto S35VN Cuchillo plegable de titanio fresado con hoja Tanto satinada y lluvia \u00e1cida.<\/p>\n<p>El Tanto no s\u00f3lo supone un cambio en la forma de la hoja del Butcher, sino que tambi\u00e9n presenta un dise\u00f1o de mango diferente con una ranura para el segundo dedo. Esta adici\u00f3n y la ligera curva de la forma general (ambas no se encuentran en el Butcher original) hacen que este cuchillo sea extremadamente c\u00f3modo de sostener y usar. Viene no s\u00f3lo con una apariencia intimidante, sino tambi\u00e9n con un conjunto de caracter\u00edsticas que le permiten brillar como una herramienta t\u00e1ctica y\/o de supervivencia. La forma japonesa de Tanto le brinda un poco de barriga cerca de la punta para cortar, mientras que el borde principal plano ser\u00e1 absolutamente excelente para cortar y batir. Cuenta con un pivote con rodamiento de bolas, un clip de bolsillo de titanio en la bola derecha, un inserto de bloqueo\/amortiguador de recorrido reemplazable y un pasador de tornillo Torx insertado, una caracter\u00edstica distintiva del trabajo de Andre. Nos encanta esta evoluci\u00f3n del dise\u00f1o Butcher.<\/p>\n<p>Especificaciones<br \/>\nLongitud de la hoja: 10 cm<br \/>\nLongitud total: 22 cm<br \/>\nMaterial de la hoja: CPM-S35VN Acero inoxidable<br \/>\nGrosor de la hoja: 0,47<br \/>\nEstilo de hoja: Tanto<br \/>\nRectificado de la hoja: Plano<br \/>\nTratamiento superficial de la hoja: satinado.<br \/>\nMaterial del mango: titanio fresado con lluvia \u00e1cida<br \/>\nGrosor del mango: 1.275 cm<br \/>\nMecanismo de bloqueo: Bloqueo de marco<br \/>\nConjunto de pasador: rodamientos<br \/>\nClip de bolsillo: Titanio (plegable, uso derecho\/izquierdo)<br \/>\nPeso: 7,4 onzas.<br \/>\nDise\u00f1ador: Andr\u00e9 De Villiers<br \/>\nEspaciador de titanio<br \/>\nHecho en Sud\u00e1frica<\/p>\n","protected":false},"excerpt":{"rendered":"<p>Soy <strong>Andr\u00e9 de Villiers<\/strong> , ADV T\u00e1ctico. Fabricante de cuchillos a tiempo completo desde 1990. Todos los cuchillos est\u00e1n hechos a mano por SOB Mid-tech. Mis dise\u00f1os son m\u00edos, construidos para funcionar, s\u00faper duraderos con funci\u00f3n y prop\u00f3sito extremos. Utilizo los mejores materiales que puedo conseguir, titanio, D2, S35vn, N690 y m\u00e1s.<\/p>\n","protected":false},"featured_media":322528,"comment_status":"open","ping_status":"closed","template":"","meta":[],"pwb-brand":[3823],"product_brand":[],"product_cat":[3730,3726],"product_tag":[3756],"class_list":{"0":"post-322526","1":"product","2":"type-product","3":"status-publish","4":"has-post-thumbnail","6":"pwb-brand-andre-de-villiers-es","7":"product_cat-cuchillas-de-cierre","8":"product_cat-cuchillos","9":"product_tag-b2b-es","11":"first","12":"instock","13":"taxable","14":"shipping-taxable","15":"purchasable","16":"product-type-simple"},"brands":[{"id":3823,"name":"Andr\u00e9 De Villiers","slug":"andre-de-villiers-es"}],"_links":{"self":[{"href":"https:\/\/www.moskito.cz\/es\/wp-json\/wp\/v2\/product\/322526","targetHints":{"allow":["GET"]}}],"collection":[{"href":"https:\/\/www.moskito.cz\/es\/wp-json\/wp\/v2\/product"}],"about":[{"href":"https:\/\/www.moskito.cz\/es\/wp-json\/wp\/v2\/types\/product"}],"replies":[{"embeddable":true,"href":"https:\/\/www.moskito.cz\/es\/wp-json\/wp\/v2\/comments?post=322526"}],"wp:featuredmedia":[{"embeddable":true,"href":"https:\/\/www.moskito.cz\/es\/wp-json\/wp\/v2\/media\/322528"}],"wp:attachment":[{"href":"https:\/\/www.moskito.cz\/es\/wp-json\/wp\/v2\/media?parent=322526"}],"wp:term":[{"taxonomy":"pwb-brand","embeddable":true,"href":"https:\/\/www.moskito.cz\/es\/wp-json\/wp\/v2\/pwb-brand?post=322526"},{"taxonomy":"product_brand","embeddable":true,"href":"https:\/\/www.moskito.cz\/es\/wp-json\/wp\/v2\/product_brand?post=322526"},{"taxonomy":"product_cat","embeddable":true,"href":"https:\/\/www.moskito.cz\/es\/wp-json\/wp\/v2\/product_cat?post=322526"},{"taxonomy":"product_tag","embeddable":true,"href":"https:\/\/www.moskito.cz\/es\/wp-json\/wp\/v2\/product_tag?post=322526"}],"curies":[{"name":"wp","href":"https:\/\/api.w.org\/{rel}","templated":true}]}}